{"id":55,"date":"2024-04-04T05:55:43","date_gmt":"2024-04-04T02:55:43","guid":{"rendered":"https:\/\/sisu.ut.ee\/eluarengmaal\/katteseemnetaimed\/"},"modified":"2024-04-04T05:56:25","modified_gmt":"2024-04-04T02:56:25","slug":"katteseemnetaimed","status":"publish","type":"page","link":"https:\/\/sisu.ut.ee\/eluarengmaal\/katteseemnetaimed\/","title":{"rendered":"Katteseemnetaimed"},"content":{"rendered":"<p><b>Katteseemnetaimed<\/b>\u00a0ehk <strong>\u00f5<\/strong><b>istaimed<\/b>\u00a0on t\u00e4nap\u00e4eval ja kogu\u00a0<a data-url=\"https:\/\/sisu.ut.ee\/eluarengmaal\/kainosoikum\" href=\"https:\/\/sisu.ut.ee\/eluarengmaal\/kainosoikum\" target=\"_blank\" title=\"\" rel=\"noopener\">Kainosoikumis<\/a>\u00a0suurim taimede h\u00f5imkond. Katteseemnetaimedele on iseloomulik \u00f5is. Selle sigimikus paiknevad seemnealgmed arenevad seemneiks tavaliselt p\u00e4rast kaheliviljastumist. Ligi 80% \u00f5istaimedest on putuktolmlejad, \u00fclej\u00e4\u00e4nud tuultolmlejad. Katteseemnetaimede kivistisi on leitud juba\u00a0<a data-url=\"https:\/\/sisu.ut.ee\/eluarengmaal\/kriit\" href=\"https:\/\/sisu.ut.ee\/eluarengmaal\/kriit\" target=\"_blank\" title=\"\" rel=\"noopener\">Kriidi<\/a>\u00a0ladestust. Katteseemnetaimede eellased kuuluvad t\u00f5en\u00e4oliselt\u00a0<a data-url=\"https:\/\/sisu.ut.ee\/eluarengmaal\/palmlehikud\" href=\"https:\/\/sisu.ut.ee\/eluarengmaal\/palmlehikud\" target=\"_blank\" title=\"\" rel=\"noopener\">palmlehikute<\/a>\u00a0v\u00f5i\u00a0<a data-url=\"https:\/\/sisu.ut.ee\/eluarengmaal\/s%C3%B5najalgtaimed\" href=\"https:\/\/sisu.ut.ee\/eluarengmaal\/s%C3%B5najalgtaimed\" target=\"_blank\" title=\"\" rel=\"noopener\">sonajalgtaimede<\/a>\u00a0hulka.<br><img loading=\"lazy\" decoding=\"async\" width=\"200\" height=\"180\" class=\"alignnone wp-image-265\" src=\"https:\/\/sisu.ut.ee\/wp-content\/uploads\/sites\/426\/qis.gif\" title=\"qis.gif\" alt=\"lilled\"><\/p>\n","protected":false},"excerpt":{"rendered":"<p>Katteseemnetaimed\u00a0ehk \u00f5istaimed\u00a0on t\u00e4nap\u00e4eval ja kogu\u00a0Kainosoikumis\u00a0suurim taimede h\u00f5imkond. Katteseemnetaimedele on iseloomulik \u00f5is. Selle sigimikus paiknevad seemnealgmed arenevad seemneiks tavaliselt p\u00e4rast kaheliviljastumist. Ligi 80% \u00f5istaimedest on putuktolmlejad, \u00fclej\u00e4\u00e4nud tuultolmlejad. Katteseemnetaimede kivistisi on leitud juba\u00a0Kriidi\u00a0ladestust. Katteseemnetaimede eellased kuuluvad t\u00f5en\u00e4oliselt\u00a0palmlehikute\u00a0v\u00f5i\u00a0sonajalgtaimede\u00a0hulka.<\/p>\n","protected":false},"author":226,"featured_media":0,"parent":0,"menu_order":0,"comment_status":"closed","ping_status":"closed","template":"","meta":{"_acf_changed":false,"inline_featured_image":false,"footnotes":""},"class_list":["post-55","page","type-page","status-publish","hentry"],"acf":[],"_links":{"self":[{"href":"https:\/\/sisu.ut.ee\/eluarengmaal\/wp-json\/wp\/v2\/pages\/55","targetHints":{"allow":["GET"]}}],"collection":[{"href":"https:\/\/sisu.ut.ee\/eluarengmaal\/wp-json\/wp\/v2\/pages"}],"about":[{"href":"https:\/\/sisu.ut.ee\/eluarengmaal\/wp-json\/wp\/v2\/types\/page"}],"author":[{"embeddable":true,"href":"https:\/\/sisu.ut.ee\/eluarengmaal\/wp-json\/wp\/v2\/users\/226"}],"replies":[{"embeddable":true,"href":"https:\/\/sisu.ut.ee\/eluarengmaal\/wp-json\/wp\/v2\/comments?post=55"}],"version-history":[{"count":1,"href":"https:\/\/sisu.ut.ee\/eluarengmaal\/wp-json\/wp\/v2\/pages\/55\/revisions"}],"predecessor-version":[{"id":442,"href":"https:\/\/sisu.ut.ee\/eluarengmaal\/wp-json\/wp\/v2\/pages\/55\/revisions\/442"}],"wp:attachment":[{"href":"https:\/\/sisu.ut.ee\/eluarengmaal\/wp-json\/wp\/v2\/media?parent=55"}],"curies":[{"name":"wp","href":"https:\/\/api.w.org\/{rel}","templated":true}]}}