{"id":54,"date":"2024-04-04T05:55:43","date_gmt":"2024-04-04T02:55:43","guid":{"rendered":"https:\/\/sisu.ut.ee\/eluarengmaal\/merikera\/"},"modified":"2024-04-04T05:56:25","modified_gmt":"2024-04-04T02:56:25","slug":"merikera","status":"publish","type":"page","link":"https:\/\/sisu.ut.ee\/eluarengmaal\/merikera\/","title":{"rendered":"Merikera"},"content":{"rendered":"<p>\n\t<font face=\"Arial\"><font style=\"medium;font-style:normal;font-weight:400;letter-spacing:normal;text-align:start;text-indent:0px;text-transform:none\"><b>Merikerad<\/b>\u00a0ehk ts\u00fcstiidid olid merep\u00f5hjale kinnitunult elanud\u00a0<\/font><\/font><a data-url=\"https:\/\/sisu.ut.ee\/eluarengmaal\/meripungad\" href=\"https:\/\/sisu.ut.ee\/eluarengmaal\/meripungad\" target=\"_blank\" title=\"\" rel=\"noopener\">meripungad<\/a><font face=\"Arial\"><font style=\"medium;font-style:normal;font-weight:400;letter-spacing:normal;text-align:start;text-indent:0px;text-transform:none\">. Nad olid v\u00e4ga vormiderohked, enamasti oli neil \u00fcmmargune, munajas v\u00f5i pirnjas korrap\u00e4rane, kindla plaatide arvuga v\u00f5i korrap\u00e4ratu, paljudest plaatidest koosnev kuni 10 cm k\u00f5rgune skelett. Nad kinnitusid l\u00fclilise varre abil merep\u00f5hja.<\/font><\/font>\n<\/p>\n<p>\n\t<font face=\"Arial\">Vanimad merikerade kivistised on teada\u00a0<\/font><a data-url=\"https:\/\/sisu.ut.ee\/eluarengmaal\/kambriumi-ajastu\" href=\"https:\/\/sisu.ut.ee\/eluarengmaal\/kambriumi-ajastu\" target=\"_blank\" title=\"\" rel=\"noopener\">Kambriumi<\/a><font face=\"Arial\">\u00a0ladestust, eriti rohkesti leidub neid aga\u00a0<\/font><a data-url=\"https:\/\/sisu.ut.ee\/eluarengmaal\/ordoviitsium\" href=\"https:\/\/sisu.ut.ee\/eluarengmaal\/ordoviitsium\" target=\"_blank\" title=\"\" rel=\"noopener\">Ordoviitsiumis<\/a><font face=\"Arial\">,\u00a0<\/font><a data-url=\"https:\/\/sisu.ut.ee\/eluarengmaal\/devon\" href=\"https:\/\/sisu.ut.ee\/eluarengmaal\/devon\" target=\"_blank\" title=\"\" rel=\"noopener\">Devonis<\/a><font face=\"Arial\">\u00a0surid nad v\u00e4lja.<\/font><br><img loading=\"lazy\" decoding=\"async\" width=\"111\" height=\"114\" class=\"alignnone wp-image-257\" src=\"https:\/\/sisu.ut.ee\/wp-content\/uploads\/sites\/426\/m_kera1a.gif\" title=\"m_kera1a.gif\" alt=\"merikera\"><font face=\"Arial\">\u00a0a\u00a0\u00a0<\/font><img loading=\"lazy\" decoding=\"async\" width=\"113\" height=\"120\" class=\"alignnone wp-image-259\" src=\"https:\/\/sisu.ut.ee\/wp-content\/uploads\/sites\/426\/ok23a.jpg\" title=\"ok23a.jpg\" alt=\"ok23\"><font face=\"Arial\">b\u00a0<\/font><img loading=\"lazy\" decoding=\"async\" width=\"102\" height=\"120\" class=\"alignnone wp-image-260\" src=\"https:\/\/sisu.ut.ee\/wp-content\/uploads\/sites\/426\/ok_3a.jpg\" title=\"ok_3a.jpg\" alt=\"ok3\"><font face=\"Arial\">\u00a0c<br>Foto 1. Merikera\u00a0<i>Echinosphaerites<\/i>: a \u2013 rekonstruktsioon; b \u2013\u00a0<i>Echinosphaerites aurantium suprum<\/i>\u00a0Hecker, Kohtla-J\u00e4rve, Ordoviitsium, Kukruse lade; c \u2013\u00a0<i>Echinosphaerites aurantium suprum<\/i>\u00a0Hecker, Erra, Ordoviitsium, Uhaku lade<\/font><br><img loading=\"lazy\" decoding=\"async\" width=\"104\" height=\"120\" class=\"alignnone wp-image-258\" src=\"https:\/\/sisu.ut.ee\/wp-content\/uploads\/sites\/426\/m_kera2a.gif\" title=\"m_kera2a.gif\" alt=\"merikera\"><font face=\"Arial\">\u00a0a\u00a0<\/font><img loading=\"lazy\" decoding=\"async\" width=\"99\" height=\"120\" class=\"alignnone wp-image-261\" src=\"https:\/\/sisu.ut.ee\/wp-content\/uploads\/sites\/426\/ok_4a.jpg\" title=\"ok_4a.jpg\" alt=\"ok4a\"><font face=\"Arial\">\u00a0b\u00a0<\/font><img loading=\"lazy\" decoding=\"async\" width=\"102\" height=\"120\" class=\"alignnone wp-image-262\" src=\"https:\/\/sisu.ut.ee\/wp-content\/uploads\/sites\/426\/ok_5a.jpg\" title=\"ok_5a.jpg\" alt=\"ok5\"><font face=\"Arial\">\u00a0c<br>Foto 2. Merikerad: a \u2013 rekonstrktsioon, b \u2013\u00a0<i>Heliocrinites araneus<\/i>\u00a0(Schlotheim), Uhaku, Ordoviitsium, Uhaku lade, c \u2013\u00a0<i>Heliocrinites balticus<\/i>\u00a0Eichwald, Lasnam\u00e4gi, Uhaku lade<\/font><br><img loading=\"lazy\" decoding=\"async\" width=\"74\" height=\"120\" class=\"alignnone wp-image-263\" src=\"https:\/\/sisu.ut.ee\/wp-content\/uploads\/sites\/426\/ok_6a.jpg\" title=\"ok_6a.jpg\" alt=\"ok6\"><br><font face=\"Arial\">Foto 3.\u00a0<i>Bockia laevis<\/i>\u00a0Hecker, Ubja, Ordoviitsium, Kukruse lade<\/font><br><img loading=\"lazy\" decoding=\"async\" width=\"99\" height=\"120\" class=\"alignnone wp-image-264\" src=\"https:\/\/sisu.ut.ee\/wp-content\/uploads\/sites\/426\/ok_9a.jpg\" title=\"ok_9a.jpg\" alt=\"ok9\"><br><font face=\"Arial\">Foto 4.\u00a0<i>Hemicosmites extraneus<\/i>\u00a0(Eichwald), Alliku, Ordoviitsium, J\u00f5hvi alamlade<\/font>\n<\/p>\n<p style=\"text-align:start\">\n\t<br><span><span style=\"color:#000000\"><span><span style=\"font-style:normal\"><span><span><span style=\"font-weight:400\"><span style=\"letter-spacing:normal\"><span><span style=\"text-transform:none\"><span><span><span><span><span>Koostanud ja fotografeerinud \u00a9 2003 Mare Isakar<\/span><\/span><\/span><\/span><\/span><\/span><\/span><\/span><\/span><\/span><\/span><\/span><\/span><\/span><\/span><\/p>\n","protected":false},"excerpt":{"rendered":"<p>Merikerad\u00a0ehk ts\u00fcstiidid olid merep\u00f5hjale kinnitunult elanud\u00a0meripungad. Nad olid v\u00e4ga vormiderohked, enamasti oli neil \u00fcmmargune, munajas v\u00f5i pirnjas korrap\u00e4rane, kindla plaatide arvuga v\u00f5i korrap\u00e4ratu, paljudest plaatidest koosnev kuni 10 cm k\u00f5rgune skelett. Nad kinnitusid l\u00fclilise varre abil merep\u00f5hja. Vanimad merikerade kivistised &#8230;<\/p>\n","protected":false},"author":226,"featured_media":0,"parent":0,"menu_order":0,"comment_status":"closed","ping_status":"closed","template":"","meta":{"_acf_changed":false,"inline_featured_image":false,"footnotes":""},"class_list":["post-54","page","type-page","status-publish","hentry"],"acf":[],"_links":{"self":[{"href":"https:\/\/sisu.ut.ee\/eluarengmaal\/wp-json\/wp\/v2\/pages\/54","targetHints":{"allow":["GET"]}}],"collection":[{"href":"https:\/\/sisu.ut.ee\/eluarengmaal\/wp-json\/wp\/v2\/pages"}],"about":[{"href":"https:\/\/sisu.ut.ee\/eluarengmaal\/wp-json\/wp\/v2\/types\/page"}],"author":[{"embeddable":true,"href":"https:\/\/sisu.ut.ee\/eluarengmaal\/wp-json\/wp\/v2\/users\/226"}],"replies":[{"embeddable":true,"href":"https:\/\/sisu.ut.ee\/eluarengmaal\/wp-json\/wp\/v2\/comments?post=54"}],"version-history":[{"count":1,"href":"https:\/\/sisu.ut.ee\/eluarengmaal\/wp-json\/wp\/v2\/pages\/54\/revisions"}],"predecessor-version":[{"id":441,"href":"https:\/\/sisu.ut.ee\/eluarengmaal\/wp-json\/wp\/v2\/pages\/54\/revisions\/441"}],"wp:attachment":[{"href":"https:\/\/sisu.ut.ee\/eluarengmaal\/wp-json\/wp\/v2\/media?parent=54"}],"curies":[{"name":"wp","href":"https:\/\/api.w.org\/{rel}","templated":true}]}}