{"id":50,"date":"2024-04-04T05:55:43","date_gmt":"2024-04-04T02:55:43","guid":{"rendered":"https:\/\/sisu.ut.ee\/eluarengmaal\/merisiilikud\/"},"modified":"2024-04-04T05:56:25","modified_gmt":"2024-04-04T02:56:25","slug":"merisiilikud","status":"publish","type":"page","link":"https:\/\/sisu.ut.ee\/eluarengmaal\/merisiilikud\/","title":{"rendered":"Merisiilikud"},"content":{"rendered":"<p>\n\t<font face=\"Arial\"><font style=\"medium;font-style:normal;font-weight:400;letter-spacing:normal;text-align:start;text-indent:0px;text-transform:none\"><b>Merisiilikud<\/b>\u00a0on \u00fcmara (fotod 1) v\u00f5i lameda kehaga (l\u00e4bim\u00f5\u00f5duga kuni 30 cm)\u00a0<\/font><\/font><a data-url=\"https:\/\/sisu.ut.ee\/eluarengmaal\/okasnahksed\" href=\"https:\/\/sisu.ut.ee\/eluarengmaal\/okasnahksed\" target=\"_blank\" title=\"\" rel=\"noopener\">okasnahksed<\/a><font face=\"Arial\"><font style=\"medium;font-style:normal;font-weight:400;letter-spacing:normal;text-align:start;text-indent:0px;text-transform:none\">.<\/font><\/font>\n<\/p>\n<p>\n\t<font face=\"Arial\">Eesti haruldaseim okasnahkne merisiilik (<i>Bothriocidaris pahleni<\/i>) on leitud Eesti \u00fclem-Oordoviitsiumi Haljala lademest (joonis).<\/font><br><img loading=\"lazy\" decoding=\"async\" width=\"156\" height=\"156\" class=\"alignnone wp-image-245\" src=\"https:\/\/sisu.ut.ee\/wp-content\/uploads\/sites\/426\/bot2.gif\" title=\"bot2.gif\" alt=\"bot2\"><font face=\"Arial\">\u00a0a\u00a0<\/font><img loading=\"lazy\" decoding=\"async\" width=\"153\" height=\"128\" class=\"alignnone wp-image-246\" src=\"https:\/\/sisu.ut.ee\/wp-content\/uploads\/sites\/426\/bothrioc1.jpg\" title=\"bothrioc1.jpg\" alt=\"bothrioc\"><font face=\"Arial\">\u00a0b<br>Joonis. Merisiilik\u00a0<i>Bothriocidaris<\/i>: a \u2013 fossiil, b \u2013 rekonstruktsioon<\/font><br><img loading=\"lazy\" decoding=\"async\" width=\"120\" height=\"120\" class=\"alignnone wp-image-247\" src=\"https:\/\/sisu.ut.ee\/wp-content\/uploads\/sites\/426\/siilik1a.jpg\" title=\"siilik1a.jpg\" alt=\"siilik1\"><font face=\"Arial\">\u00a0a\u00a0<\/font><img loading=\"lazy\" decoding=\"async\" width=\"120\" height=\"110\" class=\"alignnone wp-image-248\" src=\"https:\/\/sisu.ut.ee\/wp-content\/uploads\/sites\/426\/siilik3a.jpg\" title=\"siilik3a.jpg\" alt=\"siilik3\"><font face=\"Arial\">\u00a0b\u00a0<\/font><img loading=\"lazy\" decoding=\"async\" width=\"120\" height=\"102\" class=\"alignnone wp-image-249\" src=\"https:\/\/sisu.ut.ee\/wp-content\/uploads\/sites\/426\/siilik4a.jpg\" title=\"siilik4a.jpg\" alt=\"siilik4\"><font face=\"Arial\">\u00a0c\u00a0<\/font><img loading=\"lazy\" decoding=\"async\" width=\"120\" height=\"104\" class=\"alignnone wp-image-250\" src=\"https:\/\/sisu.ut.ee\/wp-content\/uploads\/sites\/426\/siilik5a.jpg\" title=\"siilik5a.jpg\" alt=\"siilik5\"><font face=\"Arial\">d\u00a0<\/font><img loading=\"lazy\" decoding=\"async\" width=\"120\" height=\"120\" class=\"alignnone wp-image-251\" src=\"https:\/\/sisu.ut.ee\/wp-content\/uploads\/sites\/426\/siilik6a.jpg\" title=\"siilik6a.jpg\" alt=\"siilik6\"><font face=\"Arial\">\u00a0e<br>Foto 1. Merisiilikud: a, b \u2013\u00a0<i>Micraster cortestudinarius<\/i>\u00a0Goldfuss, Kriit, P\u00f5hja-Prantsusmaa; c \u2013\u00a0<i>Cidaris claviger<\/i>\u00a0\u00e4rakukkunud okastega, Kriit, Sussex; d \u2013 merisiiliku sisevalatis, Neogeen, Miotseen, Minorca; e \u2013 t\u00e4nap\u00e4evane siilik, Norra<\/font>\n<\/p>\n<p style=\"text-align:start\">\n\t<br><span><span style=\"color:#000000\"><span><span style=\"font-style:normal\"><span><span><span style=\"font-weight:400\"><span style=\"letter-spacing:normal\"><span><span style=\"text-transform:none\"><span><span><span><span><span><font face=\"Arial\">Koostanud ja fotografeerinud \u00a9 2003 Mare Isakar<\/font><\/span><\/span><\/span><\/span><\/span><\/span><\/span><\/span><\/span><\/span><\/span><\/span><\/span><\/span><\/span><\/p>\n","protected":false},"excerpt":{"rendered":"<p>Merisiilikud\u00a0on \u00fcmara (fotod 1) v\u00f5i lameda kehaga (l\u00e4bim\u00f5\u00f5duga kuni 30 cm)\u00a0okasnahksed. Eesti haruldaseim okasnahkne merisiilik (Bothriocidaris pahleni) on leitud Eesti \u00fclem-Oordoviitsiumi Haljala lademest (joonis).\u00a0a\u00a0\u00a0bJoonis. Merisiilik\u00a0Bothriocidaris: a \u2013 fossiil, b \u2013 rekonstruktsioon\u00a0a\u00a0\u00a0b\u00a0\u00a0c\u00a0d\u00a0\u00a0eFoto 1. Merisiilikud: a, b \u2013\u00a0Micraster cortestudinarius\u00a0Goldfuss, Kriit, P\u00f5hja-Prantsusmaa; c &#8230;<\/p>\n","protected":false},"author":226,"featured_media":0,"parent":0,"menu_order":0,"comment_status":"closed","ping_status":"closed","template":"","meta":{"_acf_changed":false,"inline_featured_image":false,"footnotes":""},"class_list":["post-50","page","type-page","status-publish","hentry"],"acf":[],"_links":{"self":[{"href":"https:\/\/sisu.ut.ee\/eluarengmaal\/wp-json\/wp\/v2\/pages\/50","targetHints":{"allow":["GET"]}}],"collection":[{"href":"https:\/\/sisu.ut.ee\/eluarengmaal\/wp-json\/wp\/v2\/pages"}],"about":[{"href":"https:\/\/sisu.ut.ee\/eluarengmaal\/wp-json\/wp\/v2\/types\/page"}],"author":[{"embeddable":true,"href":"https:\/\/sisu.ut.ee\/eluarengmaal\/wp-json\/wp\/v2\/users\/226"}],"replies":[{"embeddable":true,"href":"https:\/\/sisu.ut.ee\/eluarengmaal\/wp-json\/wp\/v2\/comments?post=50"}],"version-history":[{"count":1,"href":"https:\/\/sisu.ut.ee\/eluarengmaal\/wp-json\/wp\/v2\/pages\/50\/revisions"}],"predecessor-version":[{"id":437,"href":"https:\/\/sisu.ut.ee\/eluarengmaal\/wp-json\/wp\/v2\/pages\/50\/revisions\/437"}],"wp:attachment":[{"href":"https:\/\/sisu.ut.ee\/eluarengmaal\/wp-json\/wp\/v2\/media?parent=50"}],"curies":[{"name":"wp","href":"https:\/\/api.w.org\/{rel}","templated":true}]}}