{"id":47,"date":"2024-04-04T05:55:42","date_gmt":"2024-04-04T02:55:42","guid":{"rendered":"https:\/\/sisu.ut.ee\/eluarengmaal\/imetajad\/"},"modified":"2024-04-04T05:56:26","modified_gmt":"2024-04-04T02:56:26","slug":"imetajad","status":"publish","type":"page","link":"https:\/\/sisu.ut.ee\/eluarengmaal\/imetajad\/","title":{"rendered":"Imetajad"},"content":{"rendered":"<p><b>Imetajad<\/b>\u00a0ehk mammaalid (<i>Mammalia<\/i>) on k\u00f5rgeima arenguastmega selgroogsed. K\u00f5ik imetajad toidavad oma poegi piiman\u00e4\u00e4rmete n\u00f5rega \u2013 emapiimaga. Imetajad p\u00f5lvnevad\u00a0<a data-url=\"https:\/\/sisu.ut.ee\/eluarengmaal\/perm\" href=\"https:\/\/sisu.ut.ee\/eluarengmaal\/perm\" target=\"_blank\" title=\"\" rel=\"noopener\">Permi<\/a>\u00a0ajastul elanud\u00a0<a data-url=\"https:\/\/sisu.ut.ee\/eluarengmaal\/teriodondid\" href=\"https:\/\/sisu.ut.ee\/eluarengmaal\/teriodondid\" target=\"_blank\" title=\"\" rel=\"noopener\">teriodontidest ehk loomahambulistest<\/a>. Vanimate imetajate hulgik\u00f6bruliste (<i>Multituberculata<\/i>) kivistised on leitud \u00fclem-Triiase kihtidest (joonis 2). Esimesed imetajad olid v\u00e4ikesed, peamiselt putukatest toituvad \u00f6\u00f6loomad (joonis 1).<br><img loading=\"lazy\" decoding=\"async\" width=\"250\" height=\"143\" class=\"alignnone wp-image-240\" src=\"https:\/\/sisu.ut.ee\/wp-content\/uploads\/sites\/426\/imetaja2a.gif\" title=\"imetaja2a.gif\" alt=\"imetaja\"><br>Joonis 1. \u00fclem-Triiase primitiivne imetaja\u00a0<i>Morgunocodon<\/i><br><img loading=\"lazy\" decoding=\"async\" width=\"250\" height=\"199\" class=\"alignnone wp-image-241\" src=\"https:\/\/sisu.ut.ee\/wp-content\/uploads\/sites\/426\/multituberk1a.gif\" title=\"multituberk1a.gif\" alt=\"imetaja\"><br>Joonis 2. Vanimate imetajate hulka kuuluv n\u00e4rilise sarnane hulgik\u00f6bruline\u00a0<i>Taeniolabis<\/i><\/p>\n","protected":false},"excerpt":{"rendered":"<p>Imetajad\u00a0ehk mammaalid (Mammalia) on k\u00f5rgeima arenguastmega selgroogsed. K\u00f5ik imetajad toidavad oma poegi piiman\u00e4\u00e4rmete n\u00f5rega \u2013 emapiimaga. Imetajad p\u00f5lvnevad\u00a0Permi\u00a0ajastul elanud\u00a0teriodontidest ehk loomahambulistest. Vanimate imetajate hulgik\u00f6bruliste (Multituberculata) kivistised on leitud \u00fclem-Triiase kihtidest (joonis 2). Esimesed imetajad olid v\u00e4ikesed, peamiselt putukatest toituvad \u00f6\u00f6loomad &#8230;<\/p>\n","protected":false},"author":226,"featured_media":0,"parent":0,"menu_order":0,"comment_status":"closed","ping_status":"closed","template":"","meta":{"_acf_changed":false,"inline_featured_image":false,"footnotes":""},"class_list":["post-47","page","type-page","status-publish","hentry"],"acf":[],"_links":{"self":[{"href":"https:\/\/sisu.ut.ee\/eluarengmaal\/wp-json\/wp\/v2\/pages\/47","targetHints":{"allow":["GET"]}}],"collection":[{"href":"https:\/\/sisu.ut.ee\/eluarengmaal\/wp-json\/wp\/v2\/pages"}],"about":[{"href":"https:\/\/sisu.ut.ee\/eluarengmaal\/wp-json\/wp\/v2\/types\/page"}],"author":[{"embeddable":true,"href":"https:\/\/sisu.ut.ee\/eluarengmaal\/wp-json\/wp\/v2\/users\/226"}],"replies":[{"embeddable":true,"href":"https:\/\/sisu.ut.ee\/eluarengmaal\/wp-json\/wp\/v2\/comments?post=47"}],"version-history":[{"count":1,"href":"https:\/\/sisu.ut.ee\/eluarengmaal\/wp-json\/wp\/v2\/pages\/47\/revisions"}],"predecessor-version":[{"id":456,"href":"https:\/\/sisu.ut.ee\/eluarengmaal\/wp-json\/wp\/v2\/pages\/47\/revisions\/456"}],"wp:attachment":[{"href":"https:\/\/sisu.ut.ee\/eluarengmaal\/wp-json\/wp\/v2\/media?parent=47"}],"curies":[{"name":"wp","href":"https:\/\/api.w.org\/{rel}","templated":true}]}}