{"id":41,"date":"2024-04-04T05:55:42","date_gmt":"2024-04-04T02:55:42","guid":{"rendered":"https:\/\/sisu.ut.ee\/eluarengmaal\/kalasisalikud\/"},"modified":"2024-04-04T05:56:26","modified_gmt":"2024-04-04T02:56:26","slug":"kalasisalikud","status":"publish","type":"page","link":"https:\/\/sisu.ut.ee\/eluarengmaal\/kalasisalikud\/","title":{"rendered":"Kalasisalikud"},"content":{"rendered":"<p><b>Kalasisalikud<\/b>\u00a0ehk iht\u00fcosaurused (<i>Ichthyosauria<\/i>) olid\u00a0<a data-url=\"https:\/\/sisu.ut.ee\/eluarengmaal\/triias\" href=\"https:\/\/sisu.ut.ee\/eluarengmaal\/triias\" target=\"_blank\" title=\"\" rel=\"noopener\">Kesk-Triiasest<\/a>\u00a0kuni\u00a0<a data-url=\"https:\/\/sisu.ut.ee\/eluarengmaal\/kriit\" href=\"https:\/\/sisu.ut.ee\/eluarengmaal\/kriit\" target=\"_blank\" title=\"\" rel=\"noopener\">Kriidi<\/a>\u00a0ajastu l\u00f5puni elanud kalalaadsed\u00a0<a data-url=\"https:\/\/sisu.ut.ee\/eluarengmaal\/roomajad\" href=\"https:\/\/sisu.ut.ee\/eluarengmaal\/roomajad\" target=\"_blank\" title=\"\" rel=\"noopener\">roomajad<\/a>. Vara-Triiases ilmusid hiiglaslikud merekiskjad\u00a0<b>notosaurused<\/b>\u00a0ja\u00a0<b>plakodondid<\/b>\u00a0(joonis 2).\u00a0<b>Notosaurused<\/b>\u00a0olid loivataoliste j\u00e4semetega pikasabalised kalas\u00f6\u00f6jad (joonis 1) ja\u00a0<b>plakodondid<\/b>\u00a0olid t\u00f6ntsakad roomajad, kes toitusid kividele kinnitunud limustest (joonis 1).<br><img loading=\"lazy\" decoding=\"async\" width=\"250\" height=\"125\" class=\"alignnone wp-image-227\" src=\"https:\/\/sisu.ut.ee\/wp-content\/uploads\/sites\/426\/kalasisal1a.gif\" title=\"kalasisal1a.gif\" alt=\"kalasisalikud1\"><br>Joonis 1. Triiase kalasisalikud: A, C \u2013 notosaurused, B \u2013 Hilis-Triiases v\u00e4ljasurnud plakodont<br><img loading=\"lazy\" decoding=\"async\" width=\"217\" height=\"250\" class=\"alignnone wp-image-228\" src=\"https:\/\/sisu.ut.ee\/wp-content\/uploads\/sites\/426\/kalas_levik1a.gif\" title=\"kalas_levik1a.gif\" alt=\"levik\"><br>Joonis 2. Mesosoikumi mereroomajate levik<\/p>\n","protected":false},"excerpt":{"rendered":"<p>Kalasisalikud\u00a0ehk iht\u00fcosaurused (Ichthyosauria) olid\u00a0Kesk-Triiasest\u00a0kuni\u00a0Kriidi\u00a0ajastu l\u00f5puni elanud kalalaadsed\u00a0roomajad. Vara-Triiases ilmusid hiiglaslikud merekiskjad\u00a0notosaurused\u00a0ja\u00a0plakodondid\u00a0(joonis 2).\u00a0Notosaurused\u00a0olid loivataoliste j\u00e4semetega pikasabalised kalas\u00f6\u00f6jad (joonis 1) ja\u00a0plakodondid\u00a0olid t\u00f6ntsakad roomajad, kes toitusid kividele kinnitunud limustest (joonis 1).Joonis 1. Triiase kalasisalikud: A, C \u2013 notosaurused, B \u2013 Hilis-Triiases v\u00e4ljasurnud plakodontJoonis &#8230;<\/p>\n","protected":false},"author":226,"featured_media":0,"parent":0,"menu_order":0,"comment_status":"closed","ping_status":"closed","template":"","meta":{"_acf_changed":false,"inline_featured_image":false,"footnotes":""},"class_list":["post-41","page","type-page","status-publish","hentry"],"acf":[],"_links":{"self":[{"href":"https:\/\/sisu.ut.ee\/eluarengmaal\/wp-json\/wp\/v2\/pages\/41","targetHints":{"allow":["GET"]}}],"collection":[{"href":"https:\/\/sisu.ut.ee\/eluarengmaal\/wp-json\/wp\/v2\/pages"}],"about":[{"href":"https:\/\/sisu.ut.ee\/eluarengmaal\/wp-json\/wp\/v2\/types\/page"}],"author":[{"embeddable":true,"href":"https:\/\/sisu.ut.ee\/eluarengmaal\/wp-json\/wp\/v2\/users\/226"}],"replies":[{"embeddable":true,"href":"https:\/\/sisu.ut.ee\/eluarengmaal\/wp-json\/wp\/v2\/comments?post=41"}],"version-history":[{"count":1,"href":"https:\/\/sisu.ut.ee\/eluarengmaal\/wp-json\/wp\/v2\/pages\/41\/revisions"}],"predecessor-version":[{"id":450,"href":"https:\/\/sisu.ut.ee\/eluarengmaal\/wp-json\/wp\/v2\/pages\/41\/revisions\/450"}],"wp:attachment":[{"href":"https:\/\/sisu.ut.ee\/eluarengmaal\/wp-json\/wp\/v2\/media?parent=41"}],"curies":[{"name":"wp","href":"https:\/\/api.w.org\/{rel}","templated":true}]}}