{"id":39,"date":"2024-04-04T05:55:42","date_gmt":"2024-04-04T02:55:42","guid":{"rendered":"https:\/\/sisu.ut.ee\/eluarengmaal\/juura\/"},"modified":"2024-04-04T05:56:26","modified_gmt":"2024-04-04T02:56:26","slug":"juura","status":"publish","type":"page","link":"https:\/\/sisu.ut.ee\/eluarengmaal\/juura\/","title":{"rendered":"Juura"},"content":{"rendered":"<p>\n\t<b>Juura<\/b>\u00a0oli\u00a0<a data-url=\"https:\/\/sisu.ut.ee\/eluarengmaal\/mesosoikum\" href=\"https:\/\/sisu.ut.ee\/eluarengmaal\/mesosoikum\" target=\"_blank\" title=\"\" rel=\"noopener\">Mesosoikumi<\/a>\u00a0teine ajastu; algas 205,1 miljonit aastat tagasi ja l\u00f5ppes 142 miljonit aastat tagasi; j\u00e4rgnes\u00a0<a data-url=\"https:\/\/sisu.ut.ee\/eluarengmaal\/triias\" href=\"https:\/\/sisu.ut.ee\/eluarengmaal\/triias\" target=\"_blank\" title=\"\" rel=\"noopener\">Triiasele<\/a>\u00a0ja eelnes\u00a0<a data-url=\"https:\/\/sisu.ut.ee\/eluarengmaal\/kriit\" href=\"https:\/\/sisu.ut.ee\/eluarengmaal\/kriit\" target=\"_blank\" title=\"\" rel=\"noopener\">Kriidile<\/a>.<\/p>\n<p><img loading=\"lazy\" decoding=\"async\" width=\"390\" height=\"218\" class=\"alignnone wp-image-224\" src=\"https:\/\/sisu.ut.ee\/wp-content\/uploads\/sites\/426\/juura.jpg\" title=\"juura.jpg\" alt=\"juura\" srcset=\"https:\/\/sisu.ut.ee\/wp-content\/uploads\/sites\/426\/juura.jpg 390w, https:\/\/sisu.ut.ee\/wp-content\/uploads\/sites\/426\/juura-300x168.jpg 300w\" sizes=\"auto, (max-width: 390px) 100vw, 390px\"><br>Skeem 1. Juura geokronoloogiline tabel\n<\/p>\n<p>\n\tHiidkontinent\u00a0<a href=\"http:\/\/www.scotese.com\/jurassic.htm\">Pangea<\/a>\u00a0hakkas Kesk-Juuras lagunema \u2013 P\u00f5hja-Ameerika ja Aafrika vahel avanes P\u00f5hja Atlandi ookean. Selle k\u00e4igus liikus P\u00f5hja-Ameerika loodesse, tekitades Mehhiko lahe. Juura ajastu keskel veetase t\u00f5usis ning mereveed tungisid kiiresti maale, j\u00e4ttes endast maha ulatuslikke merelisi setteid.\n<\/p>\n<p>\n\tJuura maismaa taimeriigis domineerisid\u00a0<a data-url=\"https:\/\/sisu.ut.ee\/eluarengmaal\/paljasseemnetaimed\" href=\"https:\/\/sisu.ut.ee\/eluarengmaal\/paljasseemnetaimed\" target=\"_blank\" title=\"\" rel=\"noopener\">paljasseemnetaimed<\/a>\u00a0(<a data-url=\"https:\/\/sisu.ut.ee\/eluarengmaal\/h%C3%B5lmikpuud\" href=\"https:\/\/sisu.ut.ee\/eluarengmaal\/h%C3%B5lmikpuud\" target=\"_blank\" title=\"\" rel=\"noopener\">holmikpuud<\/a>, bennetiidid,\u00a0<a data-url=\"https:\/\/sisu.ut.ee\/eluarengmaal\/palmlehikud\" href=\"https:\/\/sisu.ut.ee\/eluarengmaal\/palmlehikud\" target=\"_blank\" title=\"\" rel=\"noopener\">palmlehikud<\/a>) ja\u00a0<a data-url=\"https:\/\/sisu.ut.ee\/eluarengmaal\/s%C3%B5najalgtaimed\" href=\"https:\/\/sisu.ut.ee\/eluarengmaal\/s%C3%B5najalgtaimed\" target=\"_blank\" title=\"\" rel=\"noopener\">sonajalgtaimed<\/a>.\n<\/p>\n<p>\n\tVee-elustikus oli\u00a0<a data-url=\"https:\/\/sisu.ut.ee\/eluarengmaal\/ammoniidid\" href=\"https:\/\/sisu.ut.ee\/eluarengmaal\/ammoniidid\" target=\"_blank\" title=\"\" rel=\"noopener\">ammoniitide<\/a>\u00a0k\u00f5rgaeg, rohkesti oli ka\u00a0<a data-url=\"https:\/\/sisu.ut.ee\/eluarengmaal\/karbid\" href=\"https:\/\/sisu.ut.ee\/eluarengmaal\/karbid\" target=\"_blank\" title=\"\" rel=\"noopener\">karpe<\/a>,\u00a0<a data-url=\"https:\/\/sisu.ut.ee\/eluarengmaal\/teod\" href=\"https:\/\/sisu.ut.ee\/eluarengmaal\/teod\" target=\"_blank\" title=\"\" rel=\"noopener\">tigusid<\/a>,\u00a0<a data-url=\"https:\/\/sisu.ut.ee\/eluarengmaal\/merisiilikud\" href=\"https:\/\/sisu.ut.ee\/eluarengmaal\/merisiilikud\" target=\"_blank\" title=\"\" rel=\"noopener\">merisiilikuid<\/a>,\u00a0<a data-url=\"https:\/\/sisu.ut.ee\/eluarengmaal\/k%C3%A4snad-0\" href=\"https:\/\/sisu.ut.ee\/eluarengmaal\/k%C3%A4snad-0\" target=\"_blank\" title=\"\" rel=\"noopener\">r\u00e4nik\u00e4sni<\/a>\u00a0ja\u00a0<a data-url=\"https:\/\/sisu.ut.ee\/eluarengmaal\/%C3%B5isloomad-ehk-korallid\" href=\"https:\/\/sisu.ut.ee\/eluarengmaal\/%C3%B5isloomad-ehk-korallid\" target=\"_blank\" title=\"\" rel=\"noopener\">koralle<\/a>.\n<\/p>\n<p>\n\tSelgroogsetest arenesid liigirohkeiks\u00a0<a data-url=\"https:\/\/sisu.ut.ee\/eluarengmaal\/roomajad\" href=\"https:\/\/sisu.ut.ee\/eluarengmaal\/roomajad\" target=\"_blank\" title=\"\" rel=\"noopener\">roomajad<\/a>, neid elutses nii\u00a0<a data-url=\"https:\/\/sisu.ut.ee\/eluarengmaal\/hiidsisalikud-ehk-dinosaurused\" href=\"https:\/\/sisu.ut.ee\/eluarengmaal\/hiidsisalikud-ehk-dinosaurused\" target=\"_blank\" title=\"\" rel=\"noopener\">maismaal<\/a>, <a data-url=\"https:\/\/sisu.ut.ee\/eluarengmaal\/tiibsisalikud\" href=\"https:\/\/sisu.ut.ee\/eluarengmaal\/tiibsisalikud\" target=\"_blank\" title=\"\" rel=\"noopener\">\u00f5hus<\/a>\u00a0kui ka\u00a0<a data-url=\"https:\/\/sisu.ut.ee\/eluarengmaal\/kalasisalikud\" href=\"https:\/\/sisu.ut.ee\/eluarengmaal\/kalasisalikud\" target=\"_blank\" title=\"\" rel=\"noopener\">vees<\/a>. Ilmusid esimesed\u00a0<a data-url=\"https:\/\/sisu.ut.ee\/eluarengmaal\/linnud\" href=\"https:\/\/sisu.ut.ee\/eluarengmaal\/linnud\" target=\"_blank\" title=\"\" rel=\"noopener\">linnud (arheopter\u00fcks)<\/a>, merikrokodillid ja -kilpkonnad.\n<\/p>\n<p>\n\t\u00a0\n<\/p>\n<p>\n\tK\u00e4esoleva lehek\u00fclje\u00a0on \u00a0koostanud\u00a0<b>Mare Isakar<\/b>\u00a0<a href=\"https:\/\/sisu.ut.ee\/eluarengmaal\/kasutatud-kirjandus-1\" target=\"_blank\" title=\"\" rel=\"noopener\">erinevate algmaterjalide p\u00f5hjal<\/a>.<br>Copyright \u00a9 2003 Mare Isakar<\/p>\n","protected":false},"excerpt":{"rendered":"<p>Juura\u00a0oli\u00a0Mesosoikumi\u00a0teine ajastu; algas 205,1 miljonit aastat tagasi ja l\u00f5ppes 142 miljonit aastat tagasi; j\u00e4rgnes\u00a0Triiasele\u00a0ja eelnes\u00a0Kriidile. Skeem 1. Juura geokronoloogiline tabel Hiidkontinent\u00a0Pangea\u00a0hakkas Kesk-Juuras lagunema \u2013 P\u00f5hja-Ameerika ja Aafrika vahel avanes P\u00f5hja Atlandi ookean. Selle k\u00e4igus liikus P\u00f5hja-Ameerika loodesse, tekitades Mehhiko lahe. &#8230;<\/p>\n","protected":false},"author":226,"featured_media":0,"parent":0,"menu_order":0,"comment_status":"closed","ping_status":"closed","template":"","meta":{"_acf_changed":false,"inline_featured_image":false,"footnotes":""},"class_list":["post-39","page","type-page","status-publish","hentry"],"acf":[],"_links":{"self":[{"href":"https:\/\/sisu.ut.ee\/eluarengmaal\/wp-json\/wp\/v2\/pages\/39","targetHints":{"allow":["GET"]}}],"collection":[{"href":"https:\/\/sisu.ut.ee\/eluarengmaal\/wp-json\/wp\/v2\/pages"}],"about":[{"href":"https:\/\/sisu.ut.ee\/eluarengmaal\/wp-json\/wp\/v2\/types\/page"}],"author":[{"embeddable":true,"href":"https:\/\/sisu.ut.ee\/eluarengmaal\/wp-json\/wp\/v2\/users\/226"}],"replies":[{"embeddable":true,"href":"https:\/\/sisu.ut.ee\/eluarengmaal\/wp-json\/wp\/v2\/comments?post=39"}],"version-history":[{"count":1,"href":"https:\/\/sisu.ut.ee\/eluarengmaal\/wp-json\/wp\/v2\/pages\/39\/revisions"}],"predecessor-version":[{"id":448,"href":"https:\/\/sisu.ut.ee\/eluarengmaal\/wp-json\/wp\/v2\/pages\/39\/revisions\/448"}],"wp:attachment":[{"href":"https:\/\/sisu.ut.ee\/eluarengmaal\/wp-json\/wp\/v2\/media?parent=39"}],"curies":[{"name":"wp","href":"https:\/\/api.w.org\/{rel}","templated":true}]}}