{"id":38,"date":"2024-04-04T05:55:41","date_gmt":"2024-04-04T02:55:41","guid":{"rendered":"https:\/\/sisu.ut.ee\/eluarengmaal\/tekodondid\/"},"modified":"2024-04-04T05:56:26","modified_gmt":"2024-04-04T02:56:26","slug":"tekodondid","status":"publish","type":"page","link":"https:\/\/sisu.ut.ee\/eluarengmaal\/tekodondid\/","title":{"rendered":"Tekodondid"},"content":{"rendered":"<p><b>Tekodondid<\/b>\u00a0olid\u00a0<a data-url=\"https:\/\/sisu.ut.ee\/eluarengmaal\/perm\" href=\"https:\/\/sisu.ut.ee\/eluarengmaal\/perm\" target=\"_blank\" title=\"\" rel=\"noopener\">Hilis-Permist<\/a>\u00a0kuni\u00a0<a data-url=\"https:\/\/sisu.ut.ee\/eluarengmaal\/triias\" href=\"https:\/\/sisu.ut.ee\/eluarengmaal\/triias\" target=\"_blank\" title=\"\" rel=\"noopener\">Hilis-Triiaseni<\/a>\u00a0elanud kiskeluviisiga nii maismaal kui ka vees elanud\u00a0<a data-url=\"https:\/\/sisu.ut.ee\/eluarengmaal\/roomajad\" href=\"https:\/\/sisu.ut.ee\/eluarengmaal\/roomajad\" target=\"_blank\" title=\"\" rel=\"noopener\">roomajad<\/a>\u00a0(joonis); pikkus 15 cm kuni 6 meetrini. Osa tekodonte liikus tagajalgadel. T\u00f5en\u00e4oliselt p\u00f5lvnevad tekodontidest\u00a0<a data-url=\"https:\/\/sisu.ut.ee\/eluarengmaal\/hiidsisalikud-ehk-dinosaurused\" href=\"https:\/\/sisu.ut.ee\/eluarengmaal\/hiidsisalikud-ehk-dinosaurused\" target=\"_blank\" title=\"\" rel=\"noopener\">hiidsisalikud<\/a>,\u00a0<a data-url=\"https:\/\/sisu.ut.ee\/eluarengmaal\/tiibsisalikud\" href=\"https:\/\/sisu.ut.ee\/eluarengmaal\/tiibsisalikud\" target=\"_blank\" title=\"\" rel=\"noopener\">tiibsisalikud<\/a>, krokodillilised ja\u00a0<a data-url=\"https:\/\/sisu.ut.ee\/eluarengmaal\/linnud\" href=\"https:\/\/sisu.ut.ee\/eluarengmaal\/linnud\" target=\"_blank\" title=\"\" rel=\"noopener\">linnud<\/a>.<br><img loading=\"lazy\" decoding=\"async\" width=\"250\" height=\"141\" class=\"alignnone wp-image-222\" src=\"https:\/\/sisu.ut.ee\/wp-content\/uploads\/sites\/426\/tekodont2a.gif\" title=\"tekodont2a.gif\" alt=\"tekodont1\">\u00a0<img loading=\"lazy\" decoding=\"async\" width=\"250\" height=\"112\" class=\"alignnone wp-image-223\" src=\"https:\/\/sisu.ut.ee\/wp-content\/uploads\/sites\/426\/tekodont3a.gif\" title=\"tekodont3a.gif\" alt=\"tekodont2\"><br>Joonis. Triiase tekodondid<\/p>\n","protected":false},"excerpt":{"rendered":"<p>Tekodondid\u00a0olid\u00a0Hilis-Permist\u00a0kuni\u00a0Hilis-Triiaseni\u00a0elanud kiskeluviisiga nii maismaal kui ka vees elanud\u00a0roomajad\u00a0(joonis); pikkus 15 cm kuni 6 meetrini. Osa tekodonte liikus tagajalgadel. T\u00f5en\u00e4oliselt p\u00f5lvnevad tekodontidest\u00a0hiidsisalikud,\u00a0tiibsisalikud, krokodillilised ja\u00a0linnud.\u00a0Joonis. Triiase tekodondid<\/p>\n","protected":false},"author":226,"featured_media":0,"parent":0,"menu_order":0,"comment_status":"closed","ping_status":"closed","template":"","meta":{"_acf_changed":false,"inline_featured_image":false,"footnotes":""},"class_list":["post-38","page","type-page","status-publish","hentry"],"acf":[],"_links":{"self":[{"href":"https:\/\/sisu.ut.ee\/eluarengmaal\/wp-json\/wp\/v2\/pages\/38","targetHints":{"allow":["GET"]}}],"collection":[{"href":"https:\/\/sisu.ut.ee\/eluarengmaal\/wp-json\/wp\/v2\/pages"}],"about":[{"href":"https:\/\/sisu.ut.ee\/eluarengmaal\/wp-json\/wp\/v2\/types\/page"}],"author":[{"embeddable":true,"href":"https:\/\/sisu.ut.ee\/eluarengmaal\/wp-json\/wp\/v2\/users\/226"}],"replies":[{"embeddable":true,"href":"https:\/\/sisu.ut.ee\/eluarengmaal\/wp-json\/wp\/v2\/comments?post=38"}],"version-history":[{"count":1,"href":"https:\/\/sisu.ut.ee\/eluarengmaal\/wp-json\/wp\/v2\/pages\/38\/revisions"}],"predecessor-version":[{"id":468,"href":"https:\/\/sisu.ut.ee\/eluarengmaal\/wp-json\/wp\/v2\/pages\/38\/revisions\/468"}],"wp:attachment":[{"href":"https:\/\/sisu.ut.ee\/eluarengmaal\/wp-json\/wp\/v2\/media?parent=38"}],"curies":[{"name":"wp","href":"https:\/\/api.w.org\/{rel}","templated":true}]}}