{"id":31,"date":"2024-04-04T05:55:41","date_gmt":"2024-04-04T02:55:41","guid":{"rendered":"https:\/\/sisu.ut.ee\/eluarengmaal\/rugoosid\/"},"modified":"2024-04-04T05:56:26","modified_gmt":"2024-04-04T02:56:26","slug":"rugoosid","status":"publish","type":"page","link":"https:\/\/sisu.ut.ee\/eluarengmaal\/rugoosid\/","title":{"rendered":"Rugoosid"},"content":{"rendered":"<p>\n\t<font face=\"Arial\"><font style=\"medium;font-style:normal;font-weight:400;letter-spacing:normal;text-align:start;text-indent:0px;text-transform:none\"><b>Rugoosid<\/b>\u00a0ehk tetrakorallid elasid\u00a0<\/font><\/font><a data-url=\"https:\/\/sisu.ut.ee\/eluarengmaal\/ordoviitsium\" href=\"https:\/\/sisu.ut.ee\/eluarengmaal\/ordoviitsium\" target=\"_blank\" title=\"\" rel=\"noopener\">Ordoviitsiumist<\/a><font face=\"Arial\"><font style=\"medium;font-style:normal;font-weight:400;letter-spacing:normal;text-align:start;text-indent:0px;text-transform:none\">\u00a0<\/font><\/font><a data-url=\"https:\/\/sisu.ut.ee\/eluarengmaal\/paleosoikum\" href=\"https:\/\/sisu.ut.ee\/eluarengmaal\/paleosoikum\" target=\"_blank\" title=\"\" rel=\"noopener\">Paleosoikumi<\/a><font face=\"Arial\"><font style=\"medium;font-style:normal;font-weight:400;letter-spacing:normal;text-align:start;text-indent:0px;text-transform:none\">\u00a0l\u00f5puni. Rugoosid olid \u00fcksikud v\u00f5i koloonialised lubiskeletiga organismid. Nende sise\u00f5\u00f5s jaotus enamasti septide varal p\u00fcstkambriteks, kus v\u00f5isid paikneda taabulad (r\u00f5htsad vaheseinad), p\u00f5iskude ja telgsammas (joonis).<\/font><\/font>\n<\/p>\n<p>\n\t<font face=\"Arial\">Eesti alusp\u00f5hjas leidub rugooside kivistisi \u00fclem-Ordoviitsiumi Idavere alamlademest alates, rohkesti on neid\u00a0<\/font><a data-url=\"https:\/\/sisu.ut.ee\/eluarengmaal\/silur\" href=\"https:\/\/sisu.ut.ee\/eluarengmaal\/silur\" target=\"_blank\" title=\"\" rel=\"noopener\">Siluri<\/a><font face=\"Arial\">\u00a0lademeis (fotod 1-7).<\/font><br><img loading=\"lazy\" decoding=\"async\" width=\"114\" height=\"120\" class=\"alignnone wp-image-187\" src=\"https:\/\/sisu.ut.ee\/wp-content\/uploads\/sites\/426\/rugoos2a.jpg\" title=\"rugoos2a.jpg\" alt=\"rugoos2\">\u00a0<img loading=\"lazy\" decoding=\"async\" width=\"105\" height=\"120\" class=\"alignnone wp-image-188\" src=\"https:\/\/sisu.ut.ee\/wp-content\/uploads\/sites\/426\/rugoos1a.jpg\" title=\"rugoos1a.jpg\" alt=\"rugoos1\"><br><font face=\"Arial\">Joonis. Rugoosi ehitus ja rekonstruktsioon elu asendis<\/font><br><img loading=\"lazy\" decoding=\"async\" width=\"94\" height=\"120\" class=\"alignnone wp-image-189\" src=\"https:\/\/sisu.ut.ee\/wp-content\/uploads\/sites\/426\/rug_2a.jpg\" title=\"rug_2a.jpg\" alt=\"rug2\"><br><font face=\"Arial\">Foto 1.\u00a0<i>Primitophyllum primum<\/i>\u00a0Kaljo, Anija, Ordoviitsium, J\u00f5hvi alamlade<\/font><br><img loading=\"lazy\" decoding=\"async\" width=\"120\" height=\"120\" class=\"alignnone wp-image-190\" src=\"https:\/\/sisu.ut.ee\/wp-content\/uploads\/sites\/426\/rug_3a.jpg\" title=\"rug_3a.jpg\" alt=\"rug3\"><br><font face=\"Arial\">Foto 2.\u00a0<i>Lambeophyllum dybowski<\/i>\u00a0Kaljo, Harku-Alliku, Ordoviitsium, J\u00f5hvi alamlade<\/font><br><img loading=\"lazy\" decoding=\"async\" width=\"73\" height=\"129\" class=\"alignnone wp-image-191\" src=\"https:\/\/sisu.ut.ee\/wp-content\/uploads\/sites\/426\/rug_6a.jpg\" title=\"rug_6a.jpg\" alt=\"rug6\"><br><font face=\"Arial\">Foto 3.\u00a0<i>Streptelasma<\/i>\u00a0sp., Rakvere, Ordoviitsium, Keila lade<\/font><br><img loading=\"lazy\" decoding=\"async\" width=\"109\" height=\"120\" class=\"alignnone wp-image-192\" src=\"https:\/\/sisu.ut.ee\/wp-content\/uploads\/sites\/426\/rug_7a.jpg\" title=\"rug_7a.jpg\" alt=\"rug7\">\u00a0<img loading=\"lazy\" decoding=\"async\" width=\"87\" height=\"120\" class=\"alignnone wp-image-193\" src=\"https:\/\/sisu.ut.ee\/wp-content\/uploads\/sites\/426\/rug_8a.jpg\" title=\"rug_8a.jpg\" alt=\"rug8\">\u00a0<img loading=\"lazy\" decoding=\"async\" width=\"100\" height=\"120\" class=\"alignnone wp-image-194\" src=\"https:\/\/sisu.ut.ee\/wp-content\/uploads\/sites\/426\/rug_9a.jpg\" title=\"rug_9a.jpg\" alt=\"rug9\"><br><font face=\"Arial\">Foto 4.\u00a0<i>Streptelasma (K.) siluricus<\/i>\u00a0(Dybowski), K\u00f5rgessaare, Ordoviitsium, Vormsi lade<\/font><br><img loading=\"lazy\" decoding=\"async\" width=\"64\" height=\"120\" class=\"alignnone wp-image-195\" src=\"https:\/\/sisu.ut.ee\/wp-content\/uploads\/sites\/426\/rug10a.jpg\" title=\"rug10a.jpg\" alt=\"rug10\"><br><font face=\"Arial\">Foto 5.\u00a0<i>Rhegmaphyllum whittardi<\/i>\u00a0(Shmidt), Vahtrap\u00e4\u00e4-Heltermaa kraav, Silur, Juuru lade<\/font>\n<\/p>\n<p>\n\t<img loading=\"lazy\" decoding=\"async\" width=\"117\" height=\"120\" class=\"alignnone wp-image-196\" src=\"https:\/\/sisu.ut.ee\/wp-content\/uploads\/sites\/426\/rug_11a.jpg\" title=\"rug_11a.jpg\" alt=\"rug11\">\u00a0<img loading=\"lazy\" decoding=\"async\" width=\"120\" height=\"120\" class=\"alignnone wp-image-197\" src=\"https:\/\/sisu.ut.ee\/wp-content\/uploads\/sites\/426\/rug_10a.jpg\" title=\"rug_10a.jpg\" alt=\"rug10\"><br><font face=\"Arial\">Foto 6.\u00a0<i>Schlotheimophyllum patellum<\/i>\u00a0(Schlotheim), Koguva rand, Silur, Jaani lade<\/font><br><img loading=\"lazy\" decoding=\"async\" width=\"95\" height=\"120\" class=\"alignnone wp-image-198\" src=\"https:\/\/sisu.ut.ee\/wp-content\/uploads\/sites\/426\/rug9a.jpg\" title=\"rug9a.jpg\" alt=\"rug9\"><br><font face=\"Arial\">Foto 7. Koloonialine rugoos\u00a0<i>Cyathophyllum<\/i>\u00a0sp., Kaugatuma, Silur, Kaugatuma lade<\/font>\n<\/p>\n<p style=\"text-align:start\">\n\t<br><span><span style=\"color:#000000\"><span><span style=\"font-style:normal\"><span><span><span style=\"font-weight:400\"><span style=\"letter-spacing:normal\"><span><span style=\"text-transform:none\"><span><span><span><span><span>Koostanud ja fotografeerinud \u00a9 2003 Mare Isakar<\/span><\/span><\/span><\/span><\/span><\/span><\/span><\/span><\/span><\/span><\/span><\/span><\/span><\/span><\/span><\/p>\n","protected":false},"excerpt":{"rendered":"<p>Rugoosid\u00a0ehk tetrakorallid elasid\u00a0Ordoviitsiumist\u00a0Paleosoikumi\u00a0l\u00f5puni. Rugoosid olid \u00fcksikud v\u00f5i koloonialised lubiskeletiga organismid. Nende sise\u00f5\u00f5s jaotus enamasti septide varal p\u00fcstkambriteks, kus v\u00f5isid paikneda taabulad (r\u00f5htsad vaheseinad), p\u00f5iskude ja telgsammas (joonis). Eesti alusp\u00f5hjas leidub rugooside kivistisi \u00fclem-Ordoviitsiumi Idavere alamlademest alates, rohkesti on neid\u00a0Siluri\u00a0lademeis (fotod &#8230;<\/p>\n","protected":false},"author":226,"featured_media":0,"parent":0,"menu_order":0,"comment_status":"closed","ping_status":"closed","template":"","meta":{"_acf_changed":false,"inline_featured_image":false,"footnotes":""},"class_list":["post-31","page","type-page","status-publish","hentry"],"acf":[],"_links":{"self":[{"href":"https:\/\/sisu.ut.ee\/eluarengmaal\/wp-json\/wp\/v2\/pages\/31","targetHints":{"allow":["GET"]}}],"collection":[{"href":"https:\/\/sisu.ut.ee\/eluarengmaal\/wp-json\/wp\/v2\/pages"}],"about":[{"href":"https:\/\/sisu.ut.ee\/eluarengmaal\/wp-json\/wp\/v2\/types\/page"}],"author":[{"embeddable":true,"href":"https:\/\/sisu.ut.ee\/eluarengmaal\/wp-json\/wp\/v2\/users\/226"}],"replies":[{"embeddable":true,"href":"https:\/\/sisu.ut.ee\/eluarengmaal\/wp-json\/wp\/v2\/comments?post=31"}],"version-history":[{"count":1,"href":"https:\/\/sisu.ut.ee\/eluarengmaal\/wp-json\/wp\/v2\/pages\/31\/revisions"}],"predecessor-version":[{"id":461,"href":"https:\/\/sisu.ut.ee\/eluarengmaal\/wp-json\/wp\/v2\/pages\/31\/revisions\/461"}],"wp:attachment":[{"href":"https:\/\/sisu.ut.ee\/eluarengmaal\/wp-json\/wp\/v2\/media?parent=31"}],"curies":[{"name":"wp","href":"https:\/\/api.w.org\/{rel}","templated":true}]}}