{"id":30,"date":"2024-04-04T05:55:41","date_gmt":"2024-04-04T02:55:41","guid":{"rendered":"https:\/\/sisu.ut.ee\/eluarengmaal\/tabulaadid-0\/"},"modified":"2024-04-04T05:56:26","modified_gmt":"2024-04-04T02:56:26","slug":"tabulaadid-0","status":"publish","type":"page","link":"https:\/\/sisu.ut.ee\/eluarengmaal\/tabulaadid-0\/","title":{"rendered":"Tabulaadid"},"content":{"rendered":"<p>\n\t<font face=\"Arial\"><font style=\"medium;font-style:normal;font-weight:400;letter-spacing:normal;text-align:start;text-indent:0px;text-transform:none\"><b>Tabulaadid<\/b>\u00a0on\u00a0<\/font><\/font><a data-url=\"https:\/\/sisu.ut.ee\/eluarengmaal\/ordoviitsium\" href=\"https:\/\/sisu.ut.ee\/eluarengmaal\/ordoviitsium\" target=\"_blank\" title=\"\" rel=\"noopener\">Ordoviitsiumi<\/a><font face=\"Arial\"><font style=\"medium;font-style:normal;font-weight:400;letter-spacing:normal;text-align:start;text-indent:0px;text-transform:none\">\u00a0keskelt kuni\u00a0<\/font><\/font><a data-url=\"https:\/\/sisu.ut.ee\/eluarengmaal\/perm\" href=\"https:\/\/sisu.ut.ee\/eluarengmaal\/perm\" target=\"_blank\" title=\"\" rel=\"noopener\">Permi<\/a><font face=\"Arial\"><font style=\"medium;font-style:normal;font-weight:400;letter-spacing:normal;text-align:start;text-indent:0px;text-transform:none\">\u00a0l\u00f5puni elanud koloonialised\u00a0<\/font><\/font><a data-url=\"https:\/\/sisu.ut.ee\/eluarengmaal\/%C3%B5isloomad-ehk-korallid\" href=\"https:\/\/sisu.ut.ee\/eluarengmaal\/%C3%B5isloomad-ehk-korallid\" target=\"_blank\" title=\"\" rel=\"noopener\">korallid<\/a><font face=\"Arial\"><font style=\"medium;font-style:normal;font-weight:400;letter-spacing:normal;text-align:start;text-indent:0px;text-transform:none\">. Iga korallpol\u00fc\u00fcp eritas endale lubiainest toese, mis kompaktses koloonias oli prismaline (k\u00e4rgkorallid \u2013 fotod 1, 2, 6, 8), p\u00f5\u00f5sasjas \u00fcmar v\u00f5i ovaalne, torukujuline (ahelkorallid \u2013 fotod 3, 4, 5, 7), v\u00f5rkjas sarvetaoline.<\/font><\/font>\n<\/p>\n<p>\n\t<font face=\"Arial\">Eesti alusp\u00f5hjas leidub tabulaatide kivistisi <\/font><a data-url=\"https:\/\/sisu.ut.ee\/eluarengmaal\/paleosoikum\" href=\"https:\/\/sisu.ut.ee\/eluarengmaal\/paleosoikum\" target=\"_blank\" title=\"\" rel=\"noopener\">\u00fclem-Ordoviitsiumist<\/a><font face=\"Arial\">\u00a0(Oandu lademest) alates.<\/font><\/p>\n<p><img loading=\"lazy\" decoding=\"async\" width=\"120\" height=\"100\" class=\"alignnone wp-image-168\" src=\"https:\/\/sisu.ut.ee\/wp-content\/uploads\/sites\/426\/ta_1a.jpg\" title=\"ta_1a.jpg\" alt=\"TA1a\"><img loading=\"lazy\" decoding=\"async\" width=\"66\" height=\"120\" class=\"alignnone wp-image-169\" src=\"https:\/\/sisu.ut.ee\/wp-content\/uploads\/sites\/426\/ta_2a.jpg\" title=\"ta_2a.jpg\" alt=\"TA2\"><br><font face=\"Arial\">Foto 1.\u00a0<i>Lyopora tulaensis<\/i>\u00a0Sokolov, Vasalemma, Ordoviitsium, Oandu lade<\/font><br><img loading=\"lazy\" decoding=\"async\" width=\"120\" height=\"89\" class=\"alignnone wp-image-170\" src=\"https:\/\/sisu.ut.ee\/wp-content\/uploads\/sites\/426\/ta_3a.jpg\" title=\"ta_3a.jpg\" alt=\"ta3a\"><img loading=\"lazy\" decoding=\"async\" width=\"87\" height=\"120\" class=\"alignnone wp-image-171\" src=\"https:\/\/sisu.ut.ee\/wp-content\/uploads\/sites\/426\/ta_4a.jpg\" title=\"ta_4a.jpg\" alt=\"TA4a\"><br><font face=\"Arial\">Foto 2.\u00a0<i>Saffordiphyllum grande<\/i>\u00a0Sokolov, Vasalemma, Ordoviitsium, Oandu lade<\/font><br><img loading=\"lazy\" decoding=\"async\" width=\"81\" height=\"120\" class=\"alignnone wp-image-172\" src=\"https:\/\/sisu.ut.ee\/wp-content\/uploads\/sites\/426\/ta_6a.jpg\" title=\"ta_6a.jpg\" alt=\"TA6a\"><img loading=\"lazy\" decoding=\"async\" width=\"120\" height=\"88\" class=\"alignnone wp-image-173\" src=\"https:\/\/sisu.ut.ee\/wp-content\/uploads\/sites\/426\/ta_7a.jpg\" title=\"ta_7a.jpg\" alt=\"ta7a\"><br><font face=\"Arial\">Foto 3.\u00a0<i>Eofletchia orvikui<\/i>\u00a0(Sokolov), Vasalemma, Ordoviitsium, Oandu lade<\/font><br><img loading=\"lazy\" decoding=\"async\" width=\"117\" height=\"120\" class=\"alignnone wp-image-174\" src=\"https:\/\/sisu.ut.ee\/wp-content\/uploads\/sites\/426\/ta_5a.jpg\" title=\"ta_5a.jpg\" alt=\"ta5a\"><img loading=\"lazy\" decoding=\"async\" width=\"120\" height=\"90\" class=\"alignnone wp-image-175\" src=\"https:\/\/sisu.ut.ee\/wp-content\/uploads\/sites\/426\/ta_8a.jpg\" title=\"ta_8a.jpg\" alt=\"ta8a\"><br><font face=\"Arial\">Foto 4.\u00a0<i>Sarcinula organum<\/i>\u00a0(Linnaeus), Saxby, Ordoviitsium, Vormsi lade<\/font><br><img loading=\"lazy\" decoding=\"async\" width=\"102\" height=\"120\" class=\"alignnone wp-image-176\" src=\"https:\/\/sisu.ut.ee\/wp-content\/uploads\/sites\/426\/ta_9a.jpg\" title=\"ta_9a.jpg\" alt=\"ta9a\"><img loading=\"lazy\" decoding=\"async\" width=\"120\" height=\"102\" class=\"alignnone wp-image-177\" src=\"https:\/\/sisu.ut.ee\/wp-content\/uploads\/sites\/426\/ta_13b.jpg\" title=\"ta_13b.jpg\" alt=\"ta13a\"><img loading=\"lazy\" decoding=\"async\" width=\"120\" height=\"90\" class=\"alignnone wp-image-178\" src=\"https:\/\/sisu.ut.ee\/wp-content\/uploads\/sites\/426\/ta_16a.jpg\" title=\"ta_16a.jpg\" alt=\"ta16a\"><br><font face=\"Arial\">Foto 5.\u00a0<i>Catenipora tapaensis<\/i>\u00a0(Sokolov), Vohilaid, Ordoviitsium, Pirgu lade<\/font><br><img loading=\"lazy\" decoding=\"async\" width=\"120\" height=\"79\" class=\"alignnone wp-image-179\" src=\"https:\/\/sisu.ut.ee\/wp-content\/uploads\/sites\/426\/ta_12a.jpg\" title=\"ta_12a.jpg\" alt=\"ta12a\"><img loading=\"lazy\" decoding=\"async\" width=\"120\" height=\"90\" class=\"alignnone wp-image-180\" src=\"https:\/\/sisu.ut.ee\/wp-content\/uploads\/sites\/426\/ta_14a.jpg\" title=\"ta_14a.jpg\" alt=\"ta14\"><img loading=\"lazy\" decoding=\"async\" width=\"120\" height=\"41\" class=\"alignnone wp-image-181\" src=\"https:\/\/sisu.ut.ee\/wp-content\/uploads\/sites\/426\/ta_11a.jpg\" title=\"ta_11a.jpg\" alt=\"ta11\"><img loading=\"lazy\" decoding=\"async\" width=\"120\" height=\"85\" class=\"alignnone wp-image-182\" src=\"https:\/\/sisu.ut.ee\/wp-content\/uploads\/sites\/426\/ta_10a.jpg\" title=\"ta_10a.jpg\" alt=\"ta10\"><img loading=\"lazy\" decoding=\"async\" width=\"120\" height=\"79\" class=\"alignnone wp-image-183\" src=\"https:\/\/sisu.ut.ee\/wp-content\/uploads\/sites\/426\/ta_15a.jpg\" title=\"ta_15a.jpg\" alt=\"ta15\"><br><font face=\"Arial\">Foto 6.\u00a0<i>Favosites<\/i>\u00a0sp., Hosholm, Ordoviitsium, Pirgu lade<\/font><br><img loading=\"lazy\" decoding=\"async\" width=\"120\" height=\"114\" class=\"alignnone wp-image-184\" src=\"https:\/\/sisu.ut.ee\/wp-content\/uploads\/sites\/426\/ta_17a.jpg\" title=\"ta_17a.jpg\" alt=\"ta17\"><img loading=\"lazy\" decoding=\"async\" width=\"120\" height=\"90\" class=\"alignnone wp-image-185\" src=\"https:\/\/sisu.ut.ee\/wp-content\/uploads\/sites\/426\/ta_19a.jpg\" title=\"ta_19a.jpg\" alt=\"ta19\"><br><font face=\"Arial\">Foto 7.\u00a0<i>Palaeohalysites catenularius<\/i>\u00a0(Linnaeus), Adavere, Silur, Raikk\u00fcla lade<\/font><br><img loading=\"lazy\" decoding=\"async\" width=\"120\" height=\"120\" class=\"alignnone wp-image-186\" src=\"https:\/\/sisu.ut.ee\/wp-content\/uploads\/sites\/426\/ta_20a.jpg\" title=\"ta_20a.jpg\" alt=\"ta20\"><br><font face=\"Arial\">Foto 8.\u00a0<i>Palaeofavosites<\/i>\u00a0sp., Adavere, Silur, Raikk\u00fcla lade<\/font>\n<\/p>\n<p style=\"text-align:start\">\n\t<br><span><span style=\"color:#000000\"><span><span style=\"font-style:normal\"><span><span><span style=\"font-weight:400\"><span style=\"letter-spacing:normal\"><span><span style=\"text-transform:none\"><span><span><span><span><span>Koostanud ja fotografeerinud \u00a9 2003 Mare Isakar<\/span><\/span><\/span><\/span><\/span><\/span><\/span><\/span><\/span><\/span><\/span><\/span><\/span><\/span><\/span><\/p>\n","protected":false},"excerpt":{"rendered":"<p>Tabulaadid\u00a0on\u00a0Ordoviitsiumi\u00a0keskelt kuni\u00a0Permi\u00a0l\u00f5puni elanud koloonialised\u00a0korallid. Iga korallpol\u00fc\u00fcp eritas endale lubiainest toese, mis kompaktses koloonias oli prismaline (k\u00e4rgkorallid \u2013 fotod 1, 2, 6, 8), p\u00f5\u00f5sasjas \u00fcmar v\u00f5i ovaalne, torukujuline (ahelkorallid \u2013 fotod 3, 4, 5, 7), v\u00f5rkjas sarvetaoline. Eesti alusp\u00f5hjas leidub tabulaatide &#8230;<\/p>\n","protected":false},"author":226,"featured_media":0,"parent":0,"menu_order":0,"comment_status":"closed","ping_status":"closed","template":"","meta":{"_acf_changed":false,"inline_featured_image":false,"footnotes":""},"class_list":["post-30","page","type-page","status-publish","hentry"],"acf":[],"_links":{"self":[{"href":"https:\/\/sisu.ut.ee\/eluarengmaal\/wp-json\/wp\/v2\/pages\/30","targetHints":{"allow":["GET"]}}],"collection":[{"href":"https:\/\/sisu.ut.ee\/eluarengmaal\/wp-json\/wp\/v2\/pages"}],"about":[{"href":"https:\/\/sisu.ut.ee\/eluarengmaal\/wp-json\/wp\/v2\/types\/page"}],"author":[{"embeddable":true,"href":"https:\/\/sisu.ut.ee\/eluarengmaal\/wp-json\/wp\/v2\/users\/226"}],"replies":[{"embeddable":true,"href":"https:\/\/sisu.ut.ee\/eluarengmaal\/wp-json\/wp\/v2\/comments?post=30"}],"version-history":[{"count":1,"href":"https:\/\/sisu.ut.ee\/eluarengmaal\/wp-json\/wp\/v2\/pages\/30\/revisions"}],"predecessor-version":[{"id":460,"href":"https:\/\/sisu.ut.ee\/eluarengmaal\/wp-json\/wp\/v2\/pages\/30\/revisions\/460"}],"wp:attachment":[{"href":"https:\/\/sisu.ut.ee\/eluarengmaal\/wp-json\/wp\/v2\/media?parent=30"}],"curies":[{"name":"wp","href":"https:\/\/api.w.org\/{rel}","templated":true}]}}