{"id":25,"date":"2024-04-04T05:55:40","date_gmt":"2024-04-04T02:55:40","guid":{"rendered":"https:\/\/sisu.ut.ee\/eluarengmaal\/paleontoloogia\/"},"modified":"2024-04-04T05:56:27","modified_gmt":"2024-04-04T02:56:27","slug":"paleontoloogia","status":"publish","type":"page","link":"https:\/\/sisu.ut.ee\/eluarengmaal\/paleontoloogia\/","title":{"rendered":"Paleontoloogia"},"content":{"rendered":"<p><b>Paleontoloogia<\/b>\u00a0on m\u00f5\u00f5dunud geoloogilistel aegadel elanud organismide j\u00e4\u00e4nuste uurimisega tegelev teadus. Ta p\u00f5hineb\u00a0<a data-url=\"https:\/\/sisu.ut.ee\/eluarengmaal\/kivistised\" href=\"https:\/\/sisu.ut.ee\/eluarengmaal\/kivistised\" target=\"_blank\" title=\"\" rel=\"noopener\">kivististe<\/a><b> ehk fossiilide<\/b>\u00a0uurimisel.<\/p>\n","protected":false},"excerpt":{"rendered":"<p>Paleontoloogia\u00a0on m\u00f5\u00f5dunud geoloogilistel aegadel elanud organismide j\u00e4\u00e4nuste uurimisega tegelev teadus. Ta p\u00f5hineb\u00a0kivististe ehk fossiilide\u00a0uurimisel.<\/p>\n","protected":false},"author":226,"featured_media":0,"parent":0,"menu_order":0,"comment_status":"closed","ping_status":"closed","template":"","meta":{"_acf_changed":false,"inline_featured_image":false,"footnotes":""},"class_list":["post-25","page","type-page","status-publish","hentry"],"acf":[],"_links":{"self":[{"href":"https:\/\/sisu.ut.ee\/eluarengmaal\/wp-json\/wp\/v2\/pages\/25","targetHints":{"allow":["GET"]}}],"collection":[{"href":"https:\/\/sisu.ut.ee\/eluarengmaal\/wp-json\/wp\/v2\/pages"}],"about":[{"href":"https:\/\/sisu.ut.ee\/eluarengmaal\/wp-json\/wp\/v2\/types\/page"}],"author":[{"embeddable":true,"href":"https:\/\/sisu.ut.ee\/eluarengmaal\/wp-json\/wp\/v2\/users\/226"}],"replies":[{"embeddable":true,"href":"https:\/\/sisu.ut.ee\/eluarengmaal\/wp-json\/wp\/v2\/comments?post=25"}],"version-history":[{"count":1,"href":"https:\/\/sisu.ut.ee\/eluarengmaal\/wp-json\/wp\/v2\/pages\/25\/revisions"}],"predecessor-version":[{"id":476,"href":"https:\/\/sisu.ut.ee\/eluarengmaal\/wp-json\/wp\/v2\/pages\/25\/revisions\/476"}],"wp:attachment":[{"href":"https:\/\/sisu.ut.ee\/eluarengmaal\/wp-json\/wp\/v2\/media?parent=25"}],"curies":[{"name":"wp","href":"https:\/\/api.w.org\/{rel}","templated":true}]}}