{"id":24,"date":"2024-04-04T05:55:40","date_gmt":"2024-04-04T02:55:40","guid":{"rendered":"https:\/\/sisu.ut.ee\/eluarengmaal\/stromatoliit\/"},"modified":"2024-04-04T05:56:27","modified_gmt":"2024-04-04T02:56:27","slug":"stromatoliit","status":"publish","type":"page","link":"https:\/\/sisu.ut.ee\/eluarengmaal\/stromatoliit\/","title":{"rendered":"Stromatoliit"},"content":{"rendered":"<p>\n\t<font face=\"Arial\"><font style=\"medium;font-style:normal;font-weight:400;letter-spacing:normal;text-align:start;text-indent:0px;text-transform:none\"><b>Stromatoliit<\/b>\u00a0on sinikate (sinivetikad) ja osa bakterite elutegevuse toimel mere- v\u00f5i magevees tekkiv lubiainest moodustis. Stromatoliite on enim troopilises madalas merevees, kus vee soolsus k\u00f5igub. Stromatoliidid on kujult korrap\u00e4ratud, m\u00fcgarjad, koorikjad v\u00f5i sammasjad, nende pikkus ulatub m\u00f5ne meetrini ja k\u00f5rgus on 1,2 meetrit. Siseehituselt on nad peenekihilised, kiirjad v\u00f5i teralised. Neid leidub\u00a0<\/font><\/font><a data-url=\"https:\/\/sisu.ut.ee\/eluarengmaal\/proterosoikum\" href=\"https:\/\/sisu.ut.ee\/eluarengmaal\/proterosoikum\" target=\"_blank\" title=\"\" rel=\"noopener\">Eelkambriumi<\/a><font face=\"Arial\"><font style=\"medium;font-style:normal;font-weight:400;letter-spacing:normal;text-align:start;text-indent:0px;text-transform:none\">\u00a0setteist alates.<\/font><\/font>\n<\/p>\n<p>\n\t<font face=\"Arial\">Eestis on nad eriti iseloomulikud\u00a0<\/font><a data-url=\"https:\/\/sisu.ut.ee\/eluarengmaal\/silur\" href=\"https:\/\/sisu.ut.ee\/eluarengmaal\/silur\" target=\"_blank\" title=\"\" rel=\"noopener\">Siluri<\/a><font face=\"Arial\">\u00a0lademetele. Stromatoliitidele l\u00e4hedase tekkega on onkoliidid, kuid need on kujult \u00fcmarjad (foto 1). Onkoliidid on kihilised lubiainest moodustised, mis tekkisid bakterite ja vetikate j\u00e4rkj\u00e4rgulisel kasvamisel setteosakeste \u00fcmber.<\/font><br><img loading=\"lazy\" decoding=\"async\" width=\"120\" height=\"108\" class=\"alignnone wp-image-165\" src=\"https:\/\/sisu.ut.ee\/wp-content\/uploads\/sites\/426\/onko2a.jpg\" title=\"onko2a.jpg\" alt=\"onko2\"><br><font face=\"Arial\">Foto 1. Onkoliit, Ohtja, Saaremaa, Silur<\/font>\n<\/p>\n<p style=\"text-align:start\">\n\t<br><span><span style=\"color:#000000\"><span><span style=\"font-style:normal\"><span><span><span style=\"font-weight:400\"><span style=\"letter-spacing:normal\"><span><span style=\"text-transform:none\"><span><span><span><span><span>Koostanud ja fotografeerinud \u00a9 2003 Mare Isakar<\/span><\/span><\/span><\/span><\/span><\/span><\/span><\/span><\/span><\/span><\/span><\/span><\/span><\/span><\/span><\/p>\n","protected":false},"excerpt":{"rendered":"<p>Stromatoliit\u00a0on sinikate (sinivetikad) ja osa bakterite elutegevuse toimel mere- v\u00f5i magevees tekkiv lubiainest moodustis. Stromatoliite on enim troopilises madalas merevees, kus vee soolsus k\u00f5igub. Stromatoliidid on kujult korrap\u00e4ratud, m\u00fcgarjad, koorikjad v\u00f5i sammasjad, nende pikkus ulatub m\u00f5ne meetrini ja k\u00f5rgus on &#8230;<\/p>\n","protected":false},"author":226,"featured_media":0,"parent":0,"menu_order":0,"comment_status":"closed","ping_status":"closed","template":"","meta":{"_acf_changed":false,"inline_featured_image":false,"footnotes":""},"class_list":["post-24","page","type-page","status-publish","hentry"],"acf":[],"_links":{"self":[{"href":"https:\/\/sisu.ut.ee\/eluarengmaal\/wp-json\/wp\/v2\/pages\/24","targetHints":{"allow":["GET"]}}],"collection":[{"href":"https:\/\/sisu.ut.ee\/eluarengmaal\/wp-json\/wp\/v2\/pages"}],"about":[{"href":"https:\/\/sisu.ut.ee\/eluarengmaal\/wp-json\/wp\/v2\/types\/page"}],"author":[{"embeddable":true,"href":"https:\/\/sisu.ut.ee\/eluarengmaal\/wp-json\/wp\/v2\/users\/226"}],"replies":[{"embeddable":true,"href":"https:\/\/sisu.ut.ee\/eluarengmaal\/wp-json\/wp\/v2\/comments?post=24"}],"version-history":[{"count":1,"href":"https:\/\/sisu.ut.ee\/eluarengmaal\/wp-json\/wp\/v2\/pages\/24\/revisions"}],"predecessor-version":[{"id":475,"href":"https:\/\/sisu.ut.ee\/eluarengmaal\/wp-json\/wp\/v2\/pages\/24\/revisions\/475"}],"wp:attachment":[{"href":"https:\/\/sisu.ut.ee\/eluarengmaal\/wp-json\/wp\/v2\/media?parent=24"}],"curies":[{"name":"wp","href":"https:\/\/api.w.org\/{rel}","templated":true}]}}