{"id":15,"date":"2024-04-04T05:55:39","date_gmt":"2024-04-04T02:55:39","guid":{"rendered":"https:\/\/sisu.ut.ee\/eluarengmaal\/putukad\/"},"modified":"2024-04-04T05:56:27","modified_gmt":"2024-04-04T02:56:27","slug":"putukad","status":"publish","type":"page","link":"https:\/\/sisu.ut.ee\/eluarengmaal\/putukad\/","title":{"rendered":"Putukad"},"content":{"rendered":"<p>\n\t<b>Putukad<\/b>\u00a0(<i>Insecta<\/i>) on\u00a0<a data-url=\"https:\/\/sisu.ut.ee\/eluarengmaal\/l%C3%BClijalgsed\" href=\"https:\/\/sisu.ut.ee\/eluarengmaal\/l%C3%BClijalgsed\" target=\"_blank\" title=\"\" rel=\"noopener\">l\u00fclijalgsete<\/a>\u00a0klass, mis h\u00f5lmab ligi 3\/4 k\u00f5igist loomaliikidest. Esimesed teadaolevad putukad ilmusid\u00a0<a data-url=\"https:\/\/sisu.ut.ee\/eluarengmaal\/devon\" href=\"https:\/\/sisu.ut.ee\/eluarengmaal\/devon\" target=\"_blank\" title=\"\" rel=\"noopener\">Devonis<\/a>. \u00dcks putukate suuri eeliseid oli lennuoskuse omandamine. Karbonis elasid \u00fcrgsed v\u00f5rktiivalistega sarnanevad ja kiililaadsed putukad, kelle tiibade siruulatus ulatus kuni 75 cm.\n<\/p>\n<p>\n\tN\u00fc\u00fcdisaegsed putukaseltsid on kujunenud p\u00f5hiliselt\u00a0<a data-url=\"https:\/\/sisu.ut.ee\/eluarengmaal\/perm\" href=\"https:\/\/sisu.ut.ee\/eluarengmaal\/perm\" target=\"_blank\" title=\"\" rel=\"noopener\">Permis<\/a>\u00a0ja\u00a0<a data-url=\"https:\/\/sisu.ut.ee\/eluarengmaal\/triias\" href=\"https:\/\/sisu.ut.ee\/eluarengmaal\/triias\" target=\"_blank\" title=\"\" rel=\"noopener\">Triiases<\/a>. Putukate kivistised on v\u00e4ga haruldased, kuid h\u00e4sti s\u00e4ilinud putukaid v\u00f5ib leida\u00a0<a data-url=\"https:\/\/sisu.ut.ee\/eluarengmaal\/merevaik\" href=\"https:\/\/sisu.ut.ee\/eluarengmaal\/merevaik\" target=\"_blank\" title=\"\" rel=\"noopener\">merevaigust<\/a>.<br><img loading=\"lazy\" decoding=\"async\" width=\"120\" height=\"99\" class=\"alignnone wp-image-132\" src=\"https:\/\/sisu.ut.ee\/wp-content\/uploads\/sites\/426\/kiil1a.jpg\" title=\"kiil1a.jpg\" alt=\"kiil1\"><br>Joonis 1. Kiililaadne putukas\u00a0<i>Aeschna<\/i>, Kesk-Juura, Saksamaa, Solnhofen<\/p>\n","protected":false},"excerpt":{"rendered":"<p>Putukad\u00a0(Insecta) on\u00a0l\u00fclijalgsete\u00a0klass, mis h\u00f5lmab ligi 3\/4 k\u00f5igist loomaliikidest. Esimesed teadaolevad putukad ilmusid\u00a0Devonis. \u00dcks putukate suuri eeliseid oli lennuoskuse omandamine. Karbonis elasid \u00fcrgsed v\u00f5rktiivalistega sarnanevad ja kiililaadsed putukad, kelle tiibade siruulatus ulatus kuni 75 cm. N\u00fc\u00fcdisaegsed putukaseltsid on kujunenud p\u00f5hiliselt\u00a0Permis\u00a0ja\u00a0Triiases. Putukate &#8230;<\/p>\n","protected":false},"author":226,"featured_media":0,"parent":0,"menu_order":0,"comment_status":"closed","ping_status":"closed","template":"","meta":{"_acf_changed":false,"inline_featured_image":false,"footnotes":""},"class_list":["post-15","page","type-page","status-publish","hentry"],"acf":[],"_links":{"self":[{"href":"https:\/\/sisu.ut.ee\/eluarengmaal\/wp-json\/wp\/v2\/pages\/15","targetHints":{"allow":["GET"]}}],"collection":[{"href":"https:\/\/sisu.ut.ee\/eluarengmaal\/wp-json\/wp\/v2\/pages"}],"about":[{"href":"https:\/\/sisu.ut.ee\/eluarengmaal\/wp-json\/wp\/v2\/types\/page"}],"author":[{"embeddable":true,"href":"https:\/\/sisu.ut.ee\/eluarengmaal\/wp-json\/wp\/v2\/users\/226"}],"replies":[{"embeddable":true,"href":"https:\/\/sisu.ut.ee\/eluarengmaal\/wp-json\/wp\/v2\/comments?post=15"}],"version-history":[{"count":1,"href":"https:\/\/sisu.ut.ee\/eluarengmaal\/wp-json\/wp\/v2\/pages\/15\/revisions"}],"predecessor-version":[{"id":488,"href":"https:\/\/sisu.ut.ee\/eluarengmaal\/wp-json\/wp\/v2\/pages\/15\/revisions\/488"}],"wp:attachment":[{"href":"https:\/\/sisu.ut.ee\/eluarengmaal\/wp-json\/wp\/v2\/media?parent=15"}],"curies":[{"name":"wp","href":"https:\/\/api.w.org\/{rel}","templated":true}]}}