{"id":14,"date":"2024-04-04T05:55:39","date_gmt":"2024-04-04T02:55:39","guid":{"rendered":"https:\/\/sisu.ut.ee\/eluarengmaal\/triias\/"},"modified":"2024-04-04T05:56:27","modified_gmt":"2024-04-04T02:56:27","slug":"triias","status":"publish","type":"page","link":"https:\/\/sisu.ut.ee\/eluarengmaal\/triias\/","title":{"rendered":"Triias"},"content":{"rendered":"<p>\n\t<b>Triias<\/b>\u00a0oli\u00a0<a data-url=\"https:\/\/sisu.ut.ee\/eluarengmaal\/mesosoikum\" href=\"https:\/\/sisu.ut.ee\/eluarengmaal\/mesosoikum\" target=\"_blank\" title=\"\" rel=\"noopener\">Mesosoikumi<\/a>\u00a0esimene ajastu; algas 250 miljonit aastat tagasi ja l\u00f5ppes 205,1 miljonit aastat tagasi; j\u00e4rgnes\u00a0<a data-url=\"https:\/\/sisu.ut.ee\/eluarengmaal\/perm\" href=\"https:\/\/sisu.ut.ee\/eluarengmaal\/perm\" target=\"_blank\" title=\"\" rel=\"noopener\">Permile<\/a>\u00a0ja eelnes\u00a0<a data-url=\"https:\/\/sisu.ut.ee\/eluarengmaal\/juura\" href=\"https:\/\/sisu.ut.ee\/eluarengmaal\/juura\" target=\"_blank\" title=\"\" rel=\"noopener\">Juurale<\/a>.<\/p>\n<p><img loading=\"lazy\" decoding=\"async\" width=\"391\" height=\"222\" class=\"alignnone wp-image-131\" src=\"https:\/\/sisu.ut.ee\/wp-content\/uploads\/sites\/426\/triias.jpg\" title=\"triias.jpg\" alt=\"triias\" srcset=\"https:\/\/sisu.ut.ee\/wp-content\/uploads\/sites\/426\/triias.jpg 391w, https:\/\/sisu.ut.ee\/wp-content\/uploads\/sites\/426\/triias-300x170.jpg 300w\" sizes=\"auto, (max-width: 391px) 100vw, 391px\"><br>Skeem 1. Triiase geokronoloogiline tabel\n<\/p>\n<p>\n\tPaleosoikumi ja Mesosoikumi vahetusel saavutas hiidkontinent\u00a0<a href=\"http:\/\/www.scotese.com\/newpage8.htm\">Pangea<\/a>\u00a0oma l\u00f5pliku vormi, h\u00f5lmates enamuse kontinentaalsest mandri koorest. Pangea oli nii hiiglaslik, et ulatus \u00fchelt pooluselt teisele. Esimeseks m\u00e4rgiks selle hiidkontinendi lagunemisel oli ookeani tekkimine Gondwana ja India laama vahele. Triiase kliima oli kuiv ja kuum, eriti ajastu esimesel poolel.\n<\/p>\n<p>\n\tTriiase taimkattes valdasid\u00a0<a data-url=\"https:\/\/sisu.ut.ee\/eluarengmaal\/paljasseemnetaimed\" href=\"https:\/\/sisu.ut.ee\/eluarengmaal\/paljasseemnetaimed\" target=\"_blank\" title=\"\" rel=\"noopener\">paljasseemnetaimed<\/a>:\u00a0<a data-url=\"https:\/\/sisu.ut.ee\/eluarengmaal\/okaspuud\" href=\"https:\/\/sisu.ut.ee\/eluarengmaal\/okaspuud\" target=\"_blank\" title=\"\" rel=\"noopener\">okas-<\/a>\u00a0ja\u00a0<a data-url=\"https:\/\/sisu.ut.ee\/eluarengmaal\/h%C3%B5lmikpuud\" href=\"https:\/\/sisu.ut.ee\/eluarengmaal\/h%C3%B5lmikpuud\" target=\"_blank\" title=\"\" rel=\"noopener\">holmikpuud<\/a>\u00a0ning\u00a0<a data-url=\"https:\/\/sisu.ut.ee\/eluarengmaal\/palmlehikud\" href=\"https:\/\/sisu.ut.ee\/eluarengmaal\/palmlehikud\" target=\"_blank\" title=\"\" rel=\"noopener\">palmlehikud<\/a>; rohkesti kasvas\u00a0<a data-url=\"https:\/\/sisu.ut.ee\/eluarengmaal\/seemnes%C3%B5najalad\" href=\"https:\/\/sisu.ut.ee\/eluarengmaal\/seemnes%C3%B5najalad\" target=\"_blank\" title=\"\" rel=\"noopener\">seemnes\u00f5najalgu<\/a>.\n<\/p>\n<p>\n\tMereselgrootutest saavutasid laia leviku\u00a0<a data-url=\"https:\/\/sisu.ut.ee\/eluarengmaal\/kuudikkorallid-ehk-kuuskorallid\" href=\"https:\/\/sisu.ut.ee\/eluarengmaal\/kuudikkorallid-ehk-kuuskorallid\" target=\"_blank\" title=\"\" rel=\"noopener\">kuudikkorallid<\/a>,\u00a0<a data-url=\"https:\/\/sisu.ut.ee\/eluarengmaal\/ammoniidid\" href=\"https:\/\/sisu.ut.ee\/eluarengmaal\/ammoniidid\" target=\"_blank\" title=\"\" rel=\"noopener\">ammoniidid<\/a>\u00a0ja\u00a0<a data-url=\"https:\/\/sisu.ut.ee\/eluarengmaal\/karbid\" href=\"https:\/\/sisu.ut.ee\/eluarengmaal\/karbid\" target=\"_blank\" title=\"\" rel=\"noopener\">karbid<\/a>, selgroogseist muutusid arvukaimaks\u00a0<a data-url=\"https:\/\/sisu.ut.ee\/eluarengmaal\/roomajad\" href=\"https:\/\/sisu.ut.ee\/eluarengmaal\/roomajad\" target=\"_blank\" title=\"\" rel=\"noopener\">roomajad<\/a>\u00a0(sealhulgas\u00a0<a data-url=\"https:\/\/sisu.ut.ee\/eluarengmaal\/kalasisalikud\" href=\"https:\/\/sisu.ut.ee\/eluarengmaal\/kalasisalikud\" target=\"_blank\" title=\"\" rel=\"noopener\">kalasisalikud<\/a>\u00a0ja\u00a0<a data-url=\"https:\/\/sisu.ut.ee\/eluarengmaal\/tiibsisalikud\" href=\"https:\/\/sisu.ut.ee\/eluarengmaal\/tiibsisalikud\" target=\"_blank\" title=\"\" rel=\"noopener\">tiibsisalikud<\/a>\u00a0ning kilpkonnad). Ilmusid esimesed algelised\u00a0<a data-url=\"https:\/\/sisu.ut.ee\/eluarengmaal\/imetajad\" href=\"https:\/\/sisu.ut.ee\/eluarengmaal\/imetajad\" target=\"_blank\" title=\"\" rel=\"noopener\">imetajad<\/a>\u00a0ja\u00a0<a data-url=\"https:\/\/sisu.ut.ee\/eluarengmaal\/luukalad\" href=\"https:\/\/sisu.ut.ee\/eluarengmaal\/luukalad\" target=\"_blank\" title=\"\" rel=\"noopener\">p\u00e4risluukalad<\/a>.\n<\/p>\n<p>\n\tTriias algab \u00fchelt poolt Permi l\u00f5pul toimunud h\u00e4vinguga ning l\u00f5peb samuti v\u00e4ljasuremisega.\n<\/p>\n<p>\n\t\u00a0\n<\/p>\n<p>\n\tK\u00e4esoleva lehek\u00fclje\u00a0on \u00a0koostanud\u00a0<b>Mare Isakar<\/b>\u00a0<a href=\"https:\/\/sisu.ut.ee\/eluarengmaal\/kasutatud-kirjandus-1\" target=\"_blank\" title=\"\" rel=\"noopener\">erinevate algmaterjalide p\u00f5hjal<\/a>.<br>Copyright \u00a9 2003 Mare Isakar<\/p>\n","protected":false},"excerpt":{"rendered":"<p>Triias\u00a0oli\u00a0Mesosoikumi\u00a0esimene ajastu; algas 250 miljonit aastat tagasi ja l\u00f5ppes 205,1 miljonit aastat tagasi; j\u00e4rgnes\u00a0Permile\u00a0ja eelnes\u00a0Juurale. Skeem 1. Triiase geokronoloogiline tabel Paleosoikumi ja Mesosoikumi vahetusel saavutas hiidkontinent\u00a0Pangea\u00a0oma l\u00f5pliku vormi, h\u00f5lmates enamuse kontinentaalsest mandri koorest. Pangea oli nii hiiglaslik, et ulatus \u00fchelt &#8230;<\/p>\n","protected":false},"author":226,"featured_media":0,"parent":0,"menu_order":0,"comment_status":"closed","ping_status":"closed","template":"","meta":{"_acf_changed":false,"inline_featured_image":false,"footnotes":""},"class_list":["post-14","page","type-page","status-publish","hentry"],"acf":[],"_links":{"self":[{"href":"https:\/\/sisu.ut.ee\/eluarengmaal\/wp-json\/wp\/v2\/pages\/14","targetHints":{"allow":["GET"]}}],"collection":[{"href":"https:\/\/sisu.ut.ee\/eluarengmaal\/wp-json\/wp\/v2\/pages"}],"about":[{"href":"https:\/\/sisu.ut.ee\/eluarengmaal\/wp-json\/wp\/v2\/types\/page"}],"author":[{"embeddable":true,"href":"https:\/\/sisu.ut.ee\/eluarengmaal\/wp-json\/wp\/v2\/users\/226"}],"replies":[{"embeddable":true,"href":"https:\/\/sisu.ut.ee\/eluarengmaal\/wp-json\/wp\/v2\/comments?post=14"}],"version-history":[{"count":1,"href":"https:\/\/sisu.ut.ee\/eluarengmaal\/wp-json\/wp\/v2\/pages\/14\/revisions"}],"predecessor-version":[{"id":487,"href":"https:\/\/sisu.ut.ee\/eluarengmaal\/wp-json\/wp\/v2\/pages\/14\/revisions\/487"}],"wp:attachment":[{"href":"https:\/\/sisu.ut.ee\/eluarengmaal\/wp-json\/wp\/v2\/media?parent=14"}],"curies":[{"name":"wp","href":"https:\/\/api.w.org\/{rel}","templated":true}]}}