{"id":11,"date":"2024-04-04T05:55:39","date_gmt":"2024-04-04T02:55:39","guid":{"rendered":"https:\/\/sisu.ut.ee\/eluarengmaal\/perm\/"},"modified":"2024-04-04T05:56:27","modified_gmt":"2024-04-04T02:56:27","slug":"perm","status":"publish","type":"page","link":"https:\/\/sisu.ut.ee\/eluarengmaal\/perm\/","title":{"rendered":"Perm"},"content":{"rendered":"<p>\n\t<b>Perm<\/b>\u00a0oli\u00a0<a data-url=\"https:\/\/sisu.ut.ee\/eluarengmaal\/paleosoikum\" href=\"https:\/\/sisu.ut.ee\/eluarengmaal\/paleosoikum\" target=\"_blank\" title=\"\" rel=\"noopener\">Paleosoikumi<\/a>\u00a0kuues ja viimane ajastu; algas 292 miljonit aastat tagasi ja l\u00f5ppes 250 miljonit aastat tagasi; j\u00e4rgnes\u00a0<a data-url=\"https:\/\/sisu.ut.ee\/eluarengmaal\/karbon\" href=\"https:\/\/sisu.ut.ee\/eluarengmaal\/karbon\" target=\"_blank\" title=\"\" rel=\"noopener\">Karbonile<\/a>\u00a0ja eelnes\u00a0<a data-url=\"https:\/\/sisu.ut.ee\/eluarengmaal\/mesosoikum\" href=\"https:\/\/sisu.ut.ee\/eluarengmaal\/mesosoikum\" target=\"_blank\" title=\"\" rel=\"noopener\">Mesosoikumi ehk Keskaegkonna<\/a>\u00a0<a data-url=\"https:\/\/sisu.ut.ee\/eluarengmaal\/triias\" href=\"https:\/\/sisu.ut.ee\/eluarengmaal\/triias\" target=\"_blank\" title=\"\" rel=\"noopener\">Triiase ajastule<\/a>.<\/p>\n<p><img loading=\"lazy\" decoding=\"async\" width=\"396\" height=\"188\" class=\"alignnone wp-image-122\" src=\"https:\/\/sisu.ut.ee\/wp-content\/uploads\/sites\/426\/perm.jpg\" title=\"perm.jpg\" alt=\"perm\" srcset=\"https:\/\/sisu.ut.ee\/wp-content\/uploads\/sites\/426\/perm.jpg 396w, https:\/\/sisu.ut.ee\/wp-content\/uploads\/sites\/426\/perm-300x142.jpg 300w\" sizes=\"auto, (max-width: 396px) 100vw, 396px\"><br>Skeem 1. Permi geokronoloogiline tabel\n<\/p>\n<p>\n\tGondwana ja Eurameerika \u00fchinemise tulemusel moodustus hiidmanner\u00a0<a href=\"http:\/\/www.scotese.com\/newpage5.htm\">Pangea<\/a>. Permi alul taandus meri k\u00f5igilt mandreilt, kliima muutus kuivaks ja kontinentaalseks, sest enamus maismaast j\u00e4i meredest kaugele.\n<\/p>\n<p>\n\tVara-Permis oli taimestikus endiselt rohkesti\u00a0<a data-url=\"https:\/\/sisu.ut.ee\/eluarengmaal\/kidad\" href=\"https:\/\/sisu.ut.ee\/eluarengmaal\/kidad\" target=\"_blank\" title=\"\" rel=\"noopener\">kidasid<\/a>. Ajastu teisel poolel suurenes j\u00e4rsult\u00a0<a data-url=\"https:\/\/sisu.ut.ee\/eluarengmaal\/paljasseemnetaimed\" href=\"https:\/\/sisu.ut.ee\/eluarengmaal\/paljasseemnetaimed\" target=\"_blank\" title=\"\" rel=\"noopener\">paljasseemnetaimede<\/a>\u00a0osat\u00e4htsus \u2013 ilmusid\u00a0<a data-url=\"https:\/\/sisu.ut.ee\/eluarengmaal\/okaspuud\" href=\"https:\/\/sisu.ut.ee\/eluarengmaal\/okaspuud\" target=\"_blank\" title=\"\" rel=\"noopener\">okaspuud<\/a>,\u00a0<a data-url=\"https:\/\/sisu.ut.ee\/eluarengmaal\/palmlehikud\" href=\"https:\/\/sisu.ut.ee\/eluarengmaal\/palmlehikud\" target=\"_blank\" title=\"\" rel=\"noopener\">palmlehikud<\/a>\u00a0ja\u00a0<a data-url=\"https:\/\/sisu.ut.ee\/eluarengmaal\/h%C3%B5lmikpuud\" href=\"https:\/\/sisu.ut.ee\/eluarengmaal\/h%C3%B5lmikpuud\" target=\"_blank\" title=\"\" rel=\"noopener\">holmikpuud<\/a>.\n<\/p>\n<p>\n\tMereliste selgrootute loomade hulgas olid \u00fclekaalus\u00a0<a data-url=\"https:\/\/sisu.ut.ee\/eluarengmaal\/foraminifeerid\" href=\"https:\/\/sisu.ut.ee\/eluarengmaal\/foraminifeerid\" target=\"_blank\" title=\"\" rel=\"noopener\">foraminifeerid<\/a>,\u00a0<a data-url=\"https:\/\/sisu.ut.ee\/eluarengmaal\/karbid\" href=\"https:\/\/sisu.ut.ee\/eluarengmaal\/karbid\" target=\"_blank\" title=\"\" rel=\"noopener\">karbid<\/a>,\u00a0<a data-url=\"https:\/\/sisu.ut.ee\/eluarengmaal\/sammalloomad\" href=\"https:\/\/sisu.ut.ee\/eluarengmaal\/sammalloomad\" target=\"_blank\" title=\"\" rel=\"noopener\">sammalloomad<\/a>,\u00a0<a data-url=\"https:\/\/sisu.ut.ee\/eluarengmaal\/k%C3%A4sijalgsed-ehk-brahhiopoodid\" href=\"https:\/\/sisu.ut.ee\/eluarengmaal\/k%C3%A4sijalgsed-ehk-brahhiopoodid\" target=\"_blank\" title=\"\" rel=\"noopener\">k\u00e4sijalgsed (produktiidid)<\/a>,\u00a0<a data-url=\"https:\/\/sisu.ut.ee\/eluarengmaal\/peajalgsed\" href=\"https:\/\/sisu.ut.ee\/eluarengmaal\/peajalgsed\" target=\"_blank\" title=\"\" rel=\"noopener\">peajalgsed (goniatiidid)<\/a>. Permi l\u00f5pus surid v\u00e4lja\u00a0<a data-url=\"https:\/\/sisu.ut.ee\/eluarengmaal\/trilobiidid\" href=\"https:\/\/sisu.ut.ee\/eluarengmaal\/trilobiidid\" target=\"_blank\" title=\"\" rel=\"noopener\">trilobiidid<\/a>,\u00a0<a data-url=\"https:\/\/sisu.ut.ee\/eluarengmaal\/tabulaadid-0\" href=\"https:\/\/sisu.ut.ee\/eluarengmaal\/tabulaadid-0\" target=\"_blank\" title=\"\" rel=\"noopener\">tabulaadid<\/a>,\u00a0<a data-url=\"https:\/\/sisu.ut.ee\/eluarengmaal\/rugoosid\" href=\"https:\/\/sisu.ut.ee\/eluarengmaal\/rugoosid\" target=\"_blank\" title=\"\" rel=\"noopener\">rugoosid<\/a>\u00a0ja\u00a0<a data-url=\"https:\/\/sisu.ut.ee\/eluarengmaal\/ammoniidid\" href=\"https:\/\/sisu.ut.ee\/eluarengmaal\/ammoniidid\" target=\"_blank\" title=\"\" rel=\"noopener\">goniatiidid<\/a>.\n<\/p>\n<p>\n\tSelgroogsete hulgas saavutasid maismaal \u00fclekaalu\u00a0<a data-url=\"https:\/\/sisu.ut.ee\/eluarengmaal\/kahepaiksed-ehk-amfiibid\" href=\"https:\/\/sisu.ut.ee\/eluarengmaal\/kahepaiksed-ehk-amfiibid\" target=\"_blank\" title=\"\" rel=\"noopener\">kahepaiksed<\/a>, meres arenesid kiiresti\u00a0<a data-url=\"https:\/\/sisu.ut.ee\/eluarengmaal\/luukalad\" href=\"https:\/\/sisu.ut.ee\/eluarengmaal\/luukalad\" target=\"_blank\" title=\"\" rel=\"noopener\">luukalad<\/a>,\u00a0<a data-url=\"https:\/\/sisu.ut.ee\/eluarengmaal\/roomajad\" href=\"https:\/\/sisu.ut.ee\/eluarengmaal\/roomajad\" target=\"_blank\" title=\"\" rel=\"noopener\">roomajaist<\/a>\u00a0olid teada\u00a0<a data-url=\"https:\/\/sisu.ut.ee\/eluarengmaal\/teriodondid\" href=\"https:\/\/sisu.ut.ee\/eluarengmaal\/teriodondid\" target=\"_blank\" title=\"\" rel=\"noopener\">teriodondid<\/a>.\n<\/p>\n<p>\n\tMaa ajaloo k\u00f5ige h\u00e4vitavam organismide v\u00e4ljasuremine oli Permi l\u00f5pus (kadus 82% perekondadest ja 50% sugukondadest).\n<\/p>\n<p>\n\t\u00a0\n<\/p>\n<p>\n\tK\u00e4esoleva lehek\u00fclje\u00a0on \u00a0koostanud\u00a0<b>Mare Isakar<\/b>\u00a0<a href=\"https:\/\/sisu.ut.ee\/eluarengmaal\/kasutatud-kirjandus-1\" target=\"_blank\" title=\"\" rel=\"noopener\">erinevate algmaterjalide p\u00f5hjal<\/a>.<br>Copyright \u00a9 2003 Mare Isakar<\/p>\n","protected":false},"excerpt":{"rendered":"<p>Perm\u00a0oli\u00a0Paleosoikumi\u00a0kuues ja viimane ajastu; algas 292 miljonit aastat tagasi ja l\u00f5ppes 250 miljonit aastat tagasi; j\u00e4rgnes\u00a0Karbonile\u00a0ja eelnes\u00a0Mesosoikumi ehk Keskaegkonna\u00a0Triiase ajastule. Skeem 1. Permi geokronoloogiline tabel Gondwana ja Eurameerika \u00fchinemise tulemusel moodustus hiidmanner\u00a0Pangea. Permi alul taandus meri k\u00f5igilt mandreilt, kliima muutus &#8230;<\/p>\n","protected":false},"author":226,"featured_media":0,"parent":0,"menu_order":0,"comment_status":"closed","ping_status":"closed","template":"","meta":{"_acf_changed":false,"inline_featured_image":false,"footnotes":""},"class_list":["post-11","page","type-page","status-publish","hentry"],"acf":[],"_links":{"self":[{"href":"https:\/\/sisu.ut.ee\/eluarengmaal\/wp-json\/wp\/v2\/pages\/11","targetHints":{"allow":["GET"]}}],"collection":[{"href":"https:\/\/sisu.ut.ee\/eluarengmaal\/wp-json\/wp\/v2\/pages"}],"about":[{"href":"https:\/\/sisu.ut.ee\/eluarengmaal\/wp-json\/wp\/v2\/types\/page"}],"author":[{"embeddable":true,"href":"https:\/\/sisu.ut.ee\/eluarengmaal\/wp-json\/wp\/v2\/users\/226"}],"replies":[{"embeddable":true,"href":"https:\/\/sisu.ut.ee\/eluarengmaal\/wp-json\/wp\/v2\/comments?post=11"}],"version-history":[{"count":1,"href":"https:\/\/sisu.ut.ee\/eluarengmaal\/wp-json\/wp\/v2\/pages\/11\/revisions"}],"predecessor-version":[{"id":484,"href":"https:\/\/sisu.ut.ee\/eluarengmaal\/wp-json\/wp\/v2\/pages\/11\/revisions\/484"}],"wp:attachment":[{"href":"https:\/\/sisu.ut.ee\/eluarengmaal\/wp-json\/wp\/v2\/media?parent=11"}],"curies":[{"name":"wp","href":"https:\/\/api.w.org\/{rel}","templated":true}]}}