{"id":10,"date":"2024-04-04T05:55:39","date_gmt":"2024-04-04T02:55:39","guid":{"rendered":"https:\/\/sisu.ut.ee\/eluarengmaal\/torbiklimused\/"},"modified":"2024-04-04T05:56:27","modified_gmt":"2024-04-04T02:56:27","slug":"torbiklimused","status":"publish","type":"page","link":"https:\/\/sisu.ut.ee\/eluarengmaal\/torbiklimused\/","title":{"rendered":"Torbiklimused"},"content":{"rendered":"<p><b>Torbiklimused<\/b>\u00a0(<i>Monoplacophora<\/i>) on algelised\u00a0<a data-url=\"https:\/\/sisu.ut.ee\/eluarengmaal\/limused-ehk-molluskid\" href=\"https:\/\/sisu.ut.ee\/eluarengmaal\/limused-ehk-molluskid\" target=\"_blank\" title=\"\" rel=\"noopener\">merelimused<\/a>. Torbiklimuseid peeti v\u00e4ljasurnuiks, kuid 1952. aastal avastati esimene n\u00fc\u00fcdisaegne liik. Eluviisilt on nad p\u00f5hjaloomad, keda kattis selgmine karbipoole (joonis 1). Esimesed kivistised on leitud juba\u00a0<a data-url=\"https:\/\/sisu.ut.ee\/eluarengmaal\/kambriumi-ajastu\" href=\"https:\/\/sisu.ut.ee\/eluarengmaal\/kambriumi-ajastu\" target=\"_blank\" title=\"\" rel=\"noopener\">Kambriumi<\/a>\u00a0kivimitest ja nad kadusid\u00a0<a data-url=\"https:\/\/sisu.ut.ee\/eluarengmaal\/devon\" href=\"https:\/\/sisu.ut.ee\/eluarengmaal\/devon\" target=\"_blank\" title=\"\" rel=\"noopener\">Devonis<\/a>.<br><img loading=\"lazy\" decoding=\"async\" width=\"480\" height=\"261\" class=\"alignnone wp-image-120\" src=\"https:\/\/sisu.ut.ee\/wp-content\/uploads\/sites\/426\/torbikl.jpg\" title=\"torbikl.jpg\" alt=\"torbikl\" srcset=\"https:\/\/sisu.ut.ee\/wp-content\/uploads\/sites\/426\/torbikl.jpg 480w, https:\/\/sisu.ut.ee\/wp-content\/uploads\/sites\/426\/torbikl-300x163.jpg 300w\" sizes=\"auto, (max-width: 480px) 100vw, 480px\"><img loading=\"lazy\" decoding=\"async\" width=\"317\" height=\"156\" class=\"alignnone wp-image-121\" src=\"https:\/\/sisu.ut.ee\/wp-content\/uploads\/sites\/426\/monoplac.gif\" title=\"monoplac.gif\" alt=\"monoplac\"><br>Joonis 1. Torbiklimuse karbi v\u00e4lis- ja sisevaade ning rekonstruktsioon<\/p>\n","protected":false},"excerpt":{"rendered":"<p>Torbiklimused\u00a0(Monoplacophora) on algelised\u00a0merelimused. Torbiklimuseid peeti v\u00e4ljasurnuiks, kuid 1952. aastal avastati esimene n\u00fc\u00fcdisaegne liik. Eluviisilt on nad p\u00f5hjaloomad, keda kattis selgmine karbipoole (joonis 1). Esimesed kivistised on leitud juba\u00a0Kambriumi\u00a0kivimitest ja nad kadusid\u00a0Devonis.Joonis 1. Torbiklimuse karbi v\u00e4lis- ja sisevaade ning rekonstruktsioon<\/p>\n","protected":false},"author":226,"featured_media":0,"parent":0,"menu_order":0,"comment_status":"closed","ping_status":"closed","template":"","meta":{"_acf_changed":false,"inline_featured_image":false,"footnotes":""},"class_list":["post-10","page","type-page","status-publish","hentry"],"acf":[],"_links":{"self":[{"href":"https:\/\/sisu.ut.ee\/eluarengmaal\/wp-json\/wp\/v2\/pages\/10","targetHints":{"allow":["GET"]}}],"collection":[{"href":"https:\/\/sisu.ut.ee\/eluarengmaal\/wp-json\/wp\/v2\/pages"}],"about":[{"href":"https:\/\/sisu.ut.ee\/eluarengmaal\/wp-json\/wp\/v2\/types\/page"}],"author":[{"embeddable":true,"href":"https:\/\/sisu.ut.ee\/eluarengmaal\/wp-json\/wp\/v2\/users\/226"}],"replies":[{"embeddable":true,"href":"https:\/\/sisu.ut.ee\/eluarengmaal\/wp-json\/wp\/v2\/comments?post=10"}],"version-history":[{"count":1,"href":"https:\/\/sisu.ut.ee\/eluarengmaal\/wp-json\/wp\/v2\/pages\/10\/revisions"}],"predecessor-version":[{"id":483,"href":"https:\/\/sisu.ut.ee\/eluarengmaal\/wp-json\/wp\/v2\/pages\/10\/revisions\/483"}],"wp:attachment":[{"href":"https:\/\/sisu.ut.ee\/eluarengmaal\/wp-json\/wp\/v2\/media?parent=10"}],"curies":[{"name":"wp","href":"https:\/\/api.w.org\/{rel}","templated":true}]}}