{"id":3,"date":"2024-04-04T04:44:17","date_gmt":"2024-04-04T01:44:17","guid":{"rendered":"https:\/\/sisu.ut.ee\/elmag\/avaleht\/"},"modified":"2024-04-04T04:44:24","modified_gmt":"2024-04-04T01:44:24","slug":"avaleht","status":"publish","type":"page","link":"https:\/\/sisu.ut.ee\/elmag\/","title":{"rendered":"Avaleht"},"content":{"rendered":"<div class=\"at-panel gpanel panel-display content clearfix\" id=\"content-panels\">\n<div class=\"region region-content-top  \">\n<div class=\"block block-os-pages\" id=\"block-os-pages-main-content\">\n<div class=\"content\">\n<div class=\"node node-page clearfix\" id=\"node-12238\">\n<div class=\"content\">\n<div class=\"field field-name-body field-type-text-with-summary field-label-hidden\">\n<div class=\"field-items\">\n<div class=\"field-item even\">\n<p>\n\t\t\t\t\t\t\t\t\t\t<a href=\"\/wp-content\/uploads\/sites\/321\/em_programm_2018.pdf\" target=\"_blank\" title=\"Programm\" rel=\"noopener\">Programm<\/a>\n\t\t\t\t\t\t\t\t\t<\/p>\n<p>\n\t\t\t\t\t\t\t\t\t\t<a href=\"https:\/\/sisu.ut.ee\/wp-content\/uploads\/sites\/321\/em-skeem-normaaltase.pdf\" target=\"_blank\" rel=\"noopener\">EM skeem \u2013 normaaltase<\/a>\n\t\t\t\t\t\t\t\t\t<\/p>\n<p>\n\t\t\t\t\t\t\t\t\t\t<a data-fid=\"42860\" href=\"https:\/\/sisu.ut.ee\/wp-content\/uploads\/sites\/321\/em_s6nastik_2019.pdf\">EM p\u00f5hivara<\/a>\n\t\t\t\t\t\t\t\t\t<\/p>\n<p>\n\t\t\t\t\t\t\t\t\t\t<a href=\"https:\/\/sisu.ut.ee\/wp-content\/uploads\/sites\/321\/ea-p6hivara.pdf\" target=\"_blank\" rel=\"noopener\">EA p\u00f5hivara<\/a>\n\t\t\t\t\t\t\t\t\t<\/p>\n<p>\n\t\t\t\t\t\t\t\t\t\t<a data-fid=\"41075\" href=\"https:\/\/sisu.ut.ee\/wp-content\/uploads\/sites\/321\/ryhmaylesanded_2019.pdf\">\u00dclesanded r\u00fchmat\u00f6\u00f6ks<\/a>\n\t\t\t\t\t\t\t\t\t<\/p>\n<\/div>\n<\/div>\n<\/div>\n<\/div>\n<\/div>\n<\/div>\n<\/div>\n<\/div>\n<\/div>\n","protected":false},"excerpt":{"rendered":"<p>Programm EM skeem \u2013 normaaltase EM p\u00f5hivara EA p\u00f5hivara \u00dclesanded r\u00fchmat\u00f6\u00f6ks<\/p>\n","protected":false},"author":173,"featured_media":0,"parent":0,"menu_order":0,"comment_status":"closed","ping_status":"closed","template":"","meta":{"_acf_changed":false,"inline_featured_image":false,"footnotes":""},"class_list":["post-3","page","type-page","status-publish","hentry"],"acf":[],"_links":{"self":[{"href":"https:\/\/sisu.ut.ee\/elmag\/wp-json\/wp\/v2\/pages\/3","targetHints":{"allow":["GET"]}}],"collection":[{"href":"https:\/\/sisu.ut.ee\/elmag\/wp-json\/wp\/v2\/pages"}],"about":[{"href":"https:\/\/sisu.ut.ee\/elmag\/wp-json\/wp\/v2\/types\/page"}],"author":[{"embeddable":true,"href":"https:\/\/sisu.ut.ee\/elmag\/wp-json\/wp\/v2\/users\/173"}],"replies":[{"embeddable":true,"href":"https:\/\/sisu.ut.ee\/elmag\/wp-json\/wp\/v2\/comments?post=3"}],"version-history":[{"count":1,"href":"https:\/\/sisu.ut.ee\/elmag\/wp-json\/wp\/v2\/pages\/3\/revisions"}],"predecessor-version":[{"id":106,"href":"https:\/\/sisu.ut.ee\/elmag\/wp-json\/wp\/v2\/pages\/3\/revisions\/106"}],"wp:attachment":[{"href":"https:\/\/sisu.ut.ee\/elmag\/wp-json\/wp\/v2\/media?parent=3"}],"curies":[{"name":"wp","href":"https:\/\/api.w.org\/{rel}","templated":true}]}}