{"id":21,"date":"2024-04-04T07:14:54","date_gmt":"2024-04-04T04:14:54","guid":{"rendered":"https:\/\/sisu.ut.ee\/elm\/ettekanne-2\/"},"modified":"2024-04-04T07:15:09","modified_gmt":"2024-04-04T04:15:09","slug":"ettekanne-2","status":"publish","type":"page","link":"https:\/\/sisu.ut.ee\/elm\/ettekanne-2\/","title":{"rendered":"Tauri Arum\u00e4e &#8220;Aerolidari ehk aerolaserskanneri kasutatamine metsaressursi kirjeldamiseks&#8221;"},"content":{"rendered":"<p>\n\t<strong>Tauri Arum\u00e4e<\/strong> uuris oma doktorit\u00f6\u00f6s <strong><span style=\"color:#008000\">aerolidari ehk aerolaserskanneri kasutatavust metsaressursi kirjeldamiseks<\/span><\/strong>. T\u00f6\u00f6 tulemusel t\u00f6\u00f6tati v\u00e4lja metoodikad metsa k\u00f5rguse ja metsa tagavara hindamiseks, lisaks uuriti aerolidari rakendatavust h\u00e4iringute ning k\u00f5rguskasvu monitoorimiseks.\n<\/p>\n<p>\n\tPeaasjalikult on hetkel kasutajaks RMK, kus t\u00f6\u00f6tades ma selle s\u00fcsteemi \u00fcles olen ehitanud, aga metoodika on kindlasti rakendatav (ja praeguseks hetkeks ka leidnud rakenduse) n\u00e4iteks Keskkonnaagentuuris, kus iga aastaselt Statistilise Metsainventuuri k\u00e4igus Eesti metsaressurssi kaardistatakse. Lisaks v\u00f5iks andmestik huvi pakkuda ka suurematele metsahaldusfirmadele (Tornator vmt).\n<\/p>\n<p>\n\tEttekanne toimub Tartu \u00dclikooli Raamatukogu seminariruumi T\u00f5stamaa, 10. juunil kell 15.30. Tallinnas on ettekannet v\u00f5imalik j\u00e4lgida Tallinna \u00dclikooli Raamatukogu Uno-saalis.\n<\/p>\n<p>\n\tEttekannet on v\u00f5imalik j\u00e4lgida ka otse UTTV-s <a data-url=\"https:\/\/www.uttv.ee\/live_embed?id=31378\" href=\"https:\/\/www.uttv.ee\/live_embed?id=31378\" target=\"_blank\" title=\"\" rel=\"noopener\">siin<\/a>. K\u00fcsimusi saab ettekandjale esitada Sli.do keskkonnas koodiga:\u00a0#127549\n<\/p>\n<p>\n\t\u00a0<\/p>\n","protected":false},"excerpt":{"rendered":"<p>Tauri Arum\u00e4e uuris oma doktorit\u00f6\u00f6s aerolidari ehk aerolaserskanneri kasutatavust metsaressursi kirjeldamiseks. T\u00f6\u00f6 tulemusel t\u00f6\u00f6tati v\u00e4lja metoodikad metsa k\u00f5rguse ja metsa tagavara hindamiseks, lisaks uuriti aerolidari rakendatavust h\u00e4iringute ning k\u00f5rguskasvu monitoorimiseks. Peaasjalikult on hetkel kasutajaks RMK, kus t\u00f6\u00f6tades ma selle s\u00fcsteemi &#8230;<\/p>\n","protected":false},"author":256,"featured_media":0,"parent":0,"menu_order":0,"comment_status":"closed","ping_status":"closed","template":"","meta":{"_acf_changed":false,"inline_featured_image":false,"footnotes":""},"class_list":["post-21","page","type-page","status-publish","hentry"],"acf":[],"_links":{"self":[{"href":"https:\/\/sisu.ut.ee\/elm\/wp-json\/wp\/v2\/pages\/21","targetHints":{"allow":["GET"]}}],"collection":[{"href":"https:\/\/sisu.ut.ee\/elm\/wp-json\/wp\/v2\/pages"}],"about":[{"href":"https:\/\/sisu.ut.ee\/elm\/wp-json\/wp\/v2\/types\/page"}],"author":[{"embeddable":true,"href":"https:\/\/sisu.ut.ee\/elm\/wp-json\/wp\/v2\/users\/256"}],"replies":[{"embeddable":true,"href":"https:\/\/sisu.ut.ee\/elm\/wp-json\/wp\/v2\/comments?post=21"}],"version-history":[{"count":1,"href":"https:\/\/sisu.ut.ee\/elm\/wp-json\/wp\/v2\/pages\/21\/revisions"}],"predecessor-version":[{"id":78,"href":"https:\/\/sisu.ut.ee\/elm\/wp-json\/wp\/v2\/pages\/21\/revisions\/78"}],"wp:attachment":[{"href":"https:\/\/sisu.ut.ee\/elm\/wp-json\/wp\/v2\/media?parent=21"}],"curies":[{"name":"wp","href":"https:\/\/api.w.org\/{rel}","templated":true}]}}