{"id":20,"date":"2024-04-04T07:14:54","date_gmt":"2024-04-04T04:14:54","guid":{"rendered":"https:\/\/sisu.ut.ee\/elm\/ettekanne-1-0\/"},"modified":"2024-04-04T07:15:09","modified_gmt":"2024-04-04T04:15:09","slug":"ettekanne-1-0","status":"publish","type":"page","link":"https:\/\/sisu.ut.ee\/elm\/ettekanne-1-0\/","title":{"rendered":"Elin Soomets &#8220;Suunisliigid m\u00e4rgalakoosluste taastamisel&#8221;"},"content":{"rendered":"<p>\n\t<strong>Elin Soometsa<\/strong> teadust\u00f6\u00f6 <strong><span style=\"color:#008000\">\u00abSuunisliigid m\u00e4rgalakoosluste taastamisel\u00bb<\/span><\/strong> k\u00e4sitles p\u00f5hjalikult looduslike m\u00e4rgalade taastamise vajalikkust. Tema uurimus p\u00f5hines muutustele v\u00e4ga tundlike liikide \u2013 kahepaiksete, kahlajate ja metsiste \u2013 elupaikade j\u00e4lgimisel.\u00a0 Oma t\u00f6\u00f6s andis Soomets ka t\u00e4psed soovitused, mida tuleks Eesti tiikide ja kuivendatud m\u00e4rgalade taastamisel arvestada.\n<\/p>\n<p>\n\tElin Soomet\u00a0on T\u00dc\u00a0Loodusressurside \u00f5ppetooli looduskaitsebioloogia spetsialist.\n<\/p>\n<p>\n\tEttekanne toimub <strong>27. mail algusega 15.30 Tartu \u00dclikooli Raamatukogu Konverentsikeskuse suures saalis<\/strong>. Tallinnas on ettekannet v\u00f5imalik otse j\u00e4lgida Tallinna \u00dclikooli\u00a0Akadeemilise Raamatukogu peamajas, Uno-saalis (R\u00e4vala pst. 10). Otse saab ettekannet j\u00e4lgida ka UTTV keskkonnas.\n<\/p>\n<p>\n\tOtse\u00fclekanne avaneb siit\u00a0<a href=\"https:\/\/www.uttv.ee\/naita?id=31356\">UTTV<\/a>\n<\/p>\n<p>\n\t\u00dclekanne <a data-url=\"https:\/\/app.sli.do\/?search=019296&amp;utm_medium=hp\" href=\"https:\/\/app.sli.do\/?search=019296&amp;utm_medium=hp\" target=\"_blank\" title=\"Sli.do \u00fclekanne\" rel=\"noopener\">Sli.do<\/a>, koodiga #019296\n<\/p>\n<p>\n\t\u00a0<\/p>\n","protected":false},"excerpt":{"rendered":"<p>Elin Soometsa teadust\u00f6\u00f6 \u00abSuunisliigid m\u00e4rgalakoosluste taastamisel\u00bb k\u00e4sitles p\u00f5hjalikult looduslike m\u00e4rgalade taastamise vajalikkust. Tema uurimus p\u00f5hines muutustele v\u00e4ga tundlike liikide \u2013 kahepaiksete, kahlajate ja metsiste \u2013 elupaikade j\u00e4lgimisel.\u00a0 Oma t\u00f6\u00f6s andis Soomets ka t\u00e4psed soovitused, mida tuleks Eesti tiikide ja kuivendatud &#8230;<\/p>\n","protected":false},"author":256,"featured_media":0,"parent":0,"menu_order":0,"comment_status":"closed","ping_status":"closed","template":"","meta":{"_acf_changed":false,"inline_featured_image":false,"footnotes":""},"class_list":["post-20","page","type-page","status-publish","hentry"],"acf":[],"_links":{"self":[{"href":"https:\/\/sisu.ut.ee\/elm\/wp-json\/wp\/v2\/pages\/20","targetHints":{"allow":["GET"]}}],"collection":[{"href":"https:\/\/sisu.ut.ee\/elm\/wp-json\/wp\/v2\/pages"}],"about":[{"href":"https:\/\/sisu.ut.ee\/elm\/wp-json\/wp\/v2\/types\/page"}],"author":[{"embeddable":true,"href":"https:\/\/sisu.ut.ee\/elm\/wp-json\/wp\/v2\/users\/256"}],"replies":[{"embeddable":true,"href":"https:\/\/sisu.ut.ee\/elm\/wp-json\/wp\/v2\/comments?post=20"}],"version-history":[{"count":1,"href":"https:\/\/sisu.ut.ee\/elm\/wp-json\/wp\/v2\/pages\/20\/revisions"}],"predecessor-version":[{"id":77,"href":"https:\/\/sisu.ut.ee\/elm\/wp-json\/wp\/v2\/pages\/20\/revisions\/77"}],"wp:attachment":[{"href":"https:\/\/sisu.ut.ee\/elm\/wp-json\/wp\/v2\/media?parent=20"}],"curies":[{"name":"wp","href":"https:\/\/api.w.org\/{rel}","templated":true}]}}