{"id":19,"date":"2024-04-04T07:14:54","date_gmt":"2024-04-04T04:14:54","guid":{"rendered":"https:\/\/sisu.ut.ee\/elm\/uudias-2\/"},"modified":"2024-04-04T07:15:09","modified_gmt":"2024-04-04T04:15:09","slug":"uudias-2","status":"publish","type":"page","link":"https:\/\/sisu.ut.ee\/elm\/uudias-2\/","title":{"rendered":"M\u00f5ttekoja s\u00fcmboolika"},"content":{"rendered":"<p>\n\t<span style=\"font-size:22px\"><span style=\"color:#008000\"><strong>Eesti looduse m\u00f5ttekoja s\u00fcmboli kavandi konkursi v\u00f5itis Artur Kuus\u00a0<\/strong><\/span><\/span><br>\u00a0<br>Eesti Loodusuurijate Seltsi juurde loodud Eesti looduse m\u00f5ttekoja komisjon kuulutas s\u00fcmboli kavandi konkursi v\u00f5itjaks Artur Kuusi, kes oli oma t\u00f6\u00f6 motiiviks valinud p\u00fcstkoja.\u00a0\n<\/p>\n<p>\n\tKavandi loomisel tuli l\u00e4htuda Eestimaa loodusest ja selle p\u00e4randist. \u201eArtur Kuusi t\u00f6\u00f6 t\u00f5usis teiste k\u00f5rval esile professionaalse ja l\u00e4bim\u00f5eldud lahendusega,\u201c kommenteeris v\u00f5idut\u00f6\u00f6d komisjoni esimees Urmas K\u00f5ljalg. \u201eTema loodud kujundust on v\u00f5imalik v\u00e4ga erinevalt kasutada ja just sellist s\u00fcmbolit me otsisimegi.\u201c\u00a0\n<\/p>\n<p>\n\tTeise ja kolmanda koha v\u00e4\u00e4riliseks hindas komisjon Maria Eliisa Metsise ja Hermes Sarapuu kavandid.\u00a0\n<\/p>\n<p>\n\tKavandi konkursi v\u00f5itja Artur Kuus saab auhinnaks ajakirjade Eesti Loodus \u00a0ja Horisont aastatellimuse, teisele ja kolmandale kohale on auhinnaks Eesti Looduse poole aasta tellimus.\n<\/p>\n<p>\n\t<img loading=\"lazy\" decoding=\"async\" width=\"1500\" height=\"1850\" class=\"alignnone wp-image-26\" src=\"https:\/\/sisu.ut.ee\/wp-content\/uploads\/sites\/494\/20210504_120427.jpg\" title=\"Artur Kuusi auhinna \u00fcleandmine Loodusmuuseumis\" alt=\"Artur Kuusi auhinna \u00fcleandmine Loodusmuuseumis\" srcset=\"https:\/\/sisu.ut.ee\/wp-content\/uploads\/sites\/494\/20210504_120427.jpg 1500w, https:\/\/sisu.ut.ee\/wp-content\/uploads\/sites\/494\/20210504_120427-243x300.jpg 243w, https:\/\/sisu.ut.ee\/wp-content\/uploads\/sites\/494\/20210504_120427-830x1024.jpg 830w, https:\/\/sisu.ut.ee\/wp-content\/uploads\/sites\/494\/20210504_120427-768x947.jpg 768w, https:\/\/sisu.ut.ee\/wp-content\/uploads\/sites\/494\/20210504_120427-1245x1536.jpg 1245w\" sizes=\"auto, (max-width: 1500px) 100vw, 1500px\">\n<\/p>\n<p>\n\tEesti looduse m\u00f5ttekoja sarja avaettekanne toimub 27. mail 2021 aastal. Ettekannete sarja eesm\u00e4rgiks on Eesti \u00fclikoolides kaitstavate loodusteaduslike doktorit\u00f6\u00f6de toomine eestikeelsesse avalikku ruumi. Kuna doktorit\u00f6\u00f6d kirjutatakse ja kaitstakse inglise keeles, on looduse m\u00f5ttekoja sari oluline eestikeelse teaduskeele ja terminoloogia arengu ja leviku seisukohast, tutvustades \u00fchtlasi meie doktorantide uurimisteemasid ja kaudselt ka doktori\u00f5pet laiemalt.\u00a0\n<\/p>\n<p>\n\tK\u00f5ik sarja esinemised lindistatakse, arhiveeritakse ja tehakse veebis avalikkusele k\u00e4ttesaadavaks. Doktorit\u00f6\u00f6s kasutatud eestikeelsed terminid andmebaasistatakse ja tehakse samuti avaandmetena k\u00f5igile k\u00e4ttesaadavaks. Lisaks Tartu \u00dclikoolile, Eesti Maa\u00fclikoolile, Tallinna \u00dclikoolile, TalTech\u00b4ile ning Eesti nelja suuremat \u00fclikooli \u00fchendav doktorikool (https:\/\/sisu.ut.ee\/geoeco\/avaleht) on oma toetust ja koost\u00f6\u00f6 soovi avaldanud Tartu linn, Teaduste Akadeemia kui ka \u00a0Kunstiakadeemia ning Eesti Keele Instituut.\u00a0\n<\/p>\n<p>\n\tM\u00f5ttekoja loengud avalikkusele algavad hiljemalt 2021. aasta mais T\u00dc Raamatukogu konverentsisaalis, kuid ka Tallinnasse leitakse kindlasti ruum, kus huvilised esinemiste otse\u00fclekandeid j\u00e4lgida saavad. P\u00e4rast LUSi maja remondi l\u00f5ppu hakkavad ettekanded toimuma LUSi majas (Struve t\u00e4nav 2, Tartu).\n<\/p>\n<p>\n\t<img loading=\"lazy\" decoding=\"async\" width=\"1500\" height=\"2124\" class=\"alignnone wp-image-25\" src=\"https:\/\/sisu.ut.ee\/wp-content\/uploads\/sites\/494\/eesti-looduse-mottekoda-logo-2021-artur-kuus.jpg\" title=\"ELM logo\" alt=\"ELM logo\" srcset=\"https:\/\/sisu.ut.ee\/wp-content\/uploads\/sites\/494\/eesti-looduse-mottekoda-logo-2021-artur-kuus.jpg 1500w, https:\/\/sisu.ut.ee\/wp-content\/uploads\/sites\/494\/eesti-looduse-mottekoda-logo-2021-artur-kuus-212x300.jpg 212w, https:\/\/sisu.ut.ee\/wp-content\/uploads\/sites\/494\/eesti-looduse-mottekoda-logo-2021-artur-kuus-723x1024.jpg 723w, https:\/\/sisu.ut.ee\/wp-content\/uploads\/sites\/494\/eesti-looduse-mottekoda-logo-2021-artur-kuus-768x1087.jpg 768w, https:\/\/sisu.ut.ee\/wp-content\/uploads\/sites\/494\/eesti-looduse-mottekoda-logo-2021-artur-kuus-1085x1536.jpg 1085w, https:\/\/sisu.ut.ee\/wp-content\/uploads\/sites\/494\/eesti-looduse-mottekoda-logo-2021-artur-kuus-1446x2048.jpg 1446w\" sizes=\"auto, (max-width: 1500px) 100vw, 1500px\"><\/p>\n","protected":false},"excerpt":{"rendered":"<p>Eesti looduse m\u00f5ttekoja s\u00fcmboli kavandi konkursi v\u00f5itis Artur Kuus\u00a0\u00a0Eesti Loodusuurijate Seltsi juurde loodud Eesti looduse m\u00f5ttekoja komisjon kuulutas s\u00fcmboli kavandi konkursi v\u00f5itjaks Artur Kuusi, kes oli oma t\u00f6\u00f6 motiiviks valinud p\u00fcstkoja.\u00a0 Kavandi loomisel tuli l\u00e4htuda Eestimaa loodusest ja selle p\u00e4randist. &#8230;<\/p>\n","protected":false},"author":256,"featured_media":0,"parent":0,"menu_order":0,"comment_status":"closed","ping_status":"closed","template":"","meta":{"_acf_changed":false,"inline_featured_image":false,"footnotes":""},"class_list":["post-19","page","type-page","status-publish","hentry"],"acf":[],"_links":{"self":[{"href":"https:\/\/sisu.ut.ee\/elm\/wp-json\/wp\/v2\/pages\/19","targetHints":{"allow":["GET"]}}],"collection":[{"href":"https:\/\/sisu.ut.ee\/elm\/wp-json\/wp\/v2\/pages"}],"about":[{"href":"https:\/\/sisu.ut.ee\/elm\/wp-json\/wp\/v2\/types\/page"}],"author":[{"embeddable":true,"href":"https:\/\/sisu.ut.ee\/elm\/wp-json\/wp\/v2\/users\/256"}],"replies":[{"embeddable":true,"href":"https:\/\/sisu.ut.ee\/elm\/wp-json\/wp\/v2\/comments?post=19"}],"version-history":[{"count":1,"href":"https:\/\/sisu.ut.ee\/elm\/wp-json\/wp\/v2\/pages\/19\/revisions"}],"predecessor-version":[{"id":76,"href":"https:\/\/sisu.ut.ee\/elm\/wp-json\/wp\/v2\/pages\/19\/revisions\/76"}],"wp:attachment":[{"href":"https:\/\/sisu.ut.ee\/elm\/wp-json\/wp\/v2\/media?parent=19"}],"curies":[{"name":"wp","href":"https:\/\/api.w.org\/{rel}","templated":true}]}}