{"id":17,"date":"2024-04-04T07:14:54","date_gmt":"2024-04-04T04:14:54","guid":{"rendered":"https:\/\/sisu.ut.ee\/elm\/uudised-0\/"},"modified":"2024-04-04T07:15:09","modified_gmt":"2024-04-04T04:15:09","slug":"uudised-0","status":"publish","type":"page","link":"https:\/\/sisu.ut.ee\/elm\/uudised-0\/","title":{"rendered":"UUDISED"},"content":{"rendered":"<p>\n\t<strong><span style=\"color:#008000\"><span style=\"font-size:22px\">ELMi oskuss\u00f5navara arendustegevus sai vajaliku rahalise toetuse<\/span><\/span><\/strong>\n<\/p>\n<p>\n\tEesti terminit\u00f6\u00f6 juhtkomitee otsustas toetada mai l\u00f5pus alustava Eesti Looduse M\u00f5ttekoja (ELM) loengusarja raames kavandatud eestikeelse oskuss\u00f5navara arendamist ja v\u00e4ljat\u00f6\u00f6tamist.\u00a0\n<\/p>\n<p>\n\t\u201cEestikeelse teaduskeele ja terminoloogia arendamine on hiljuti ellu kutsutud ELMi \u00fcks eesm\u00e4rke,\u201d s\u00f5nas ELMi projektijuht Maris Hindrikson. \u201cSeet\u00f5ttu on Eesti Keele Instituudi otsus meie jaoks v\u00e4ga olulise t\u00e4htsusega. Koost\u00f6\u00f6 ja arutelud EKI-ga terminite loomisel aitavad paremini kujundada eesti teaduskeelt, mille vajadusest on palju r\u00e4\u00e4gitud.\u201d\u00a0\n<\/p>\n<p>\n\tEesti Looduse M\u00f5ttekoda on loengusari, mille eesm\u00e4rk on tutvustada laiemale avalikkusele Eesti \u00fclikoolides kaitstud loodusteaduslikke doktorit\u00f6id. Loengutes esitlevad oma teadust\u00f6id Tartu \u00dclikooli, Eesti Maa\u00fclikooli, Tallinna \u00dclikooli ja Tallinna Tehnika\u00fclikooli doktorandid. Esimene loeng toimub 27. mail, kui oma doktorit\u00f6\u00f6st \u201eSuunisliigid m\u00e4rgalakoosluste taastamisel\u201c r\u00e4\u00e4gib l\u00e4hemalt Elin Soomets Tartu \u00dclikoolist.\u00a0\n<\/p>\n<hr>\n<p>\n\t\u00a0<\/p>\n","protected":false},"excerpt":{"rendered":"<p>ELMi oskuss\u00f5navara arendustegevus sai vajaliku rahalise toetuse Eesti terminit\u00f6\u00f6 juhtkomitee otsustas toetada mai l\u00f5pus alustava Eesti Looduse M\u00f5ttekoja (ELM) loengusarja raames kavandatud eestikeelse oskuss\u00f5navara arendamist ja v\u00e4ljat\u00f6\u00f6tamist.\u00a0 \u201cEestikeelse teaduskeele ja terminoloogia arendamine on hiljuti ellu kutsutud ELMi \u00fcks eesm\u00e4rke,\u201d s\u00f5nas &#8230;<\/p>\n","protected":false},"author":256,"featured_media":0,"parent":0,"menu_order":0,"comment_status":"closed","ping_status":"closed","template":"","meta":{"_acf_changed":false,"inline_featured_image":false,"footnotes":""},"class_list":["post-17","page","type-page","status-publish","hentry"],"acf":[],"_links":{"self":[{"href":"https:\/\/sisu.ut.ee\/elm\/wp-json\/wp\/v2\/pages\/17","targetHints":{"allow":["GET"]}}],"collection":[{"href":"https:\/\/sisu.ut.ee\/elm\/wp-json\/wp\/v2\/pages"}],"about":[{"href":"https:\/\/sisu.ut.ee\/elm\/wp-json\/wp\/v2\/types\/page"}],"author":[{"embeddable":true,"href":"https:\/\/sisu.ut.ee\/elm\/wp-json\/wp\/v2\/users\/256"}],"replies":[{"embeddable":true,"href":"https:\/\/sisu.ut.ee\/elm\/wp-json\/wp\/v2\/comments?post=17"}],"version-history":[{"count":1,"href":"https:\/\/sisu.ut.ee\/elm\/wp-json\/wp\/v2\/pages\/17\/revisions"}],"predecessor-version":[{"id":74,"href":"https:\/\/sisu.ut.ee\/elm\/wp-json\/wp\/v2\/pages\/17\/revisions\/74"}],"wp:attachment":[{"href":"https:\/\/sisu.ut.ee\/elm\/wp-json\/wp\/v2\/media?parent=17"}],"curies":[{"name":"wp","href":"https:\/\/api.w.org\/{rel}","templated":true}]}}