{"id":16,"date":"2024-04-04T07:14:54","date_gmt":"2024-04-04T04:14:54","guid":{"rendered":"https:\/\/sisu.ut.ee\/elm\/ettekanded\/"},"modified":"2024-04-04T07:15:09","modified_gmt":"2024-04-04T04:15:09","slug":"ettekanded","status":"publish","type":"page","link":"https:\/\/sisu.ut.ee\/elm\/ettekanded\/","title":{"rendered":"ETTEKANDED"},"content":{"rendered":"<header id=\"main-content-header\">\n<h1 id=\"page-title\">\n\t\t<span style=\"color:#006400\"><strong><span style=\"font-size:22px\">Tauri Arum\u00e4e \u201cAerolidari ehk aerolaserskanneri kasutatamine metsaressursi kirjeldamiseks\u201d<\/span><\/strong><\/span><br>\n\t<\/h1>\n<\/header>\n<p>\n\t<strong><span style=\"color:#006400\"><span style=\"font-size:22px\"><button data-toggle=\"dropdown\" type=\"button\"><\/button><\/span><\/span><\/strong>\n<\/p>\n<p>\n\t<button data-toggle=\"dropdown\" type=\"button\"><\/button>\n<\/p>\n<p>\n\t<button data-toggle=\"dropdown\"><\/button>\n<\/p>\n<p>\n\t<strong>Tauri Arum\u00e4e<\/strong>\u00a0uuris oma doktorit\u00f6\u00f6s\u00a0<strong>aerolidari ehk aerolaserskanneri kasutatavust metsaressursi kirjeldamiseks<\/strong>. T\u00f6\u00f6 tulemusel t\u00f6\u00f6tati v\u00e4lja metoodikad metsa k\u00f5rguse ja metsa tagavara hindamiseks, lisaks uuriti aerolidari rakendatavust h\u00e4iringute ning k\u00f5rguskasvu monitoorimiseks.\n<\/p>\n<p>\n\tPeaasjalikult on hetkel kasutajaks RMK, kus t\u00f6\u00f6tades ma selle s\u00fcsteemi \u00fcles olen ehitanud, aga metoodika on kindlasti rakendatav (ja praeguseks hetkeks ka leidnud rakenduse) n\u00e4iteks Keskkonnaagentuuris, kus iga aastaselt Statistilise Metsainventuuri k\u00e4igus Eesti metsaressurssi kaardistatakse. Lisaks v\u00f5iks andmestik huvi pakkuda ka suurematele metsahaldusfirmadele (Tornator vmt).<\/p>\n","protected":false},"excerpt":{"rendered":"<p>Tauri Arum\u00e4e \u201cAerolidari ehk aerolaserskanneri kasutatamine metsaressursi kirjeldamiseks\u201d Tauri Arum\u00e4e\u00a0uuris oma doktorit\u00f6\u00f6s\u00a0aerolidari ehk aerolaserskanneri kasutatavust metsaressursi kirjeldamiseks. T\u00f6\u00f6 tulemusel t\u00f6\u00f6tati v\u00e4lja metoodikad metsa k\u00f5rguse ja metsa tagavara hindamiseks, lisaks uuriti aerolidari rakendatavust h\u00e4iringute ning k\u00f5rguskasvu monitoorimiseks. Peaasjalikult on hetkel kasutajaks &#8230;<\/p>\n","protected":false},"author":256,"featured_media":0,"parent":0,"menu_order":0,"comment_status":"closed","ping_status":"closed","template":"","meta":{"_acf_changed":false,"inline_featured_image":false,"footnotes":""},"class_list":["post-16","page","type-page","status-publish","hentry"],"acf":[],"_links":{"self":[{"href":"https:\/\/sisu.ut.ee\/elm\/wp-json\/wp\/v2\/pages\/16","targetHints":{"allow":["GET"]}}],"collection":[{"href":"https:\/\/sisu.ut.ee\/elm\/wp-json\/wp\/v2\/pages"}],"about":[{"href":"https:\/\/sisu.ut.ee\/elm\/wp-json\/wp\/v2\/types\/page"}],"author":[{"embeddable":true,"href":"https:\/\/sisu.ut.ee\/elm\/wp-json\/wp\/v2\/users\/256"}],"replies":[{"embeddable":true,"href":"https:\/\/sisu.ut.ee\/elm\/wp-json\/wp\/v2\/comments?post=16"}],"version-history":[{"count":1,"href":"https:\/\/sisu.ut.ee\/elm\/wp-json\/wp\/v2\/pages\/16\/revisions"}],"predecessor-version":[{"id":73,"href":"https:\/\/sisu.ut.ee\/elm\/wp-json\/wp\/v2\/pages\/16\/revisions\/73"}],"wp:attachment":[{"href":"https:\/\/sisu.ut.ee\/elm\/wp-json\/wp\/v2\/media?parent=16"}],"curies":[{"name":"wp","href":"https:\/\/api.w.org\/{rel}","templated":true}]}}