{"id":8,"date":"2024-04-04T03:04:44","date_gmt":"2024-04-04T00:04:44","guid":{"rendered":"https:\/\/sisu.ut.ee\/elektroonika\/25-takistite-jadauhendus\/"},"modified":"2024-04-04T03:05:54","modified_gmt":"2024-04-04T00:05:54","slug":"25-takistite-jadauhendus","status":"publish","type":"page","link":"https:\/\/sisu.ut.ee\/elektroonika\/25-takistite-jadauhendus\/","title":{"rendered":"2.5. Takistite jada\u00fchendus"},"content":{"rendered":"<p><span>Selles loengus r\u00e4\u00e4gime takistite jada\u00fchenduse t\u00e4histamisest elektriskeemis ja jada\u00fchenduse takistuse arvutamisest. Jada\u00fchendus on n\u00e4iteks kasutusel ka kuusetulede puhul, kus takistite asemel on k\u00fcll lambid, aga kehtib ikkagi sama reegel, et kui \u00fcks lamp peaks l\u00e4bi minema, siis katkeb terve vooluahel ning \u00fckski lamp ei p\u00f5le. Lisaks vaatame, mis juhtub, kui takistite jada\u00fchendusele rakendada toitepinge ning kuidas jagunevad elektripinged takistite peal.<\/span><\/p>\n<p>Praktilise t\u00f6\u00f6 jaoks vajad j\u00e4rgmisi vahendeid:<\/p>\n<ul>\n<li>multimeeter<\/li>\n<li>makettplaat<\/li>\n<li>m\u00f5\u00f5detavad takistid (4 tk 10 k\u2126)<\/li>\n<li>nelja AA patareiga patareikarp<\/li>\n<\/ul>\n<p><span><span><div class=\"ratio ratio-16x9 mb-3\"><div class=\"video-placeholder-wrapper video-placeholder-wrapper--16x9\">\n\t\t\t    <div class=\"video-placeholder d-flex justify-content-center align-items-center\">\n\t\t\t        <div class=\"overlay text-white p-2 w-100 text-center d-block justify-content-center align-items-center\">\n\t\t\t            <div>Kolmandate osapoolte sisu n\u00e4gemiseks palun n\u00f5ustu k\u00fcpsistega.<\/div>\n\t\t\t            <button class=\"btn btn-secondary btn-sm mt-1 consent-change\">Muuda n\u00f5usolekut<\/button>\n\t\t\t        <\/div>\n\t\t\t    <\/div>\n\t\t\t<\/div>\n<\/div><\/span><\/span><\/p>\n<p style=\"text-align: center\"><span><\/span><span><a href=\"https:\/\/youtu.be\/YPH5HMn9z4Q\" target=\"_blank\" rel=\"noopener\">https:\/\/youtu.be\/YPH5HMn9z4Q<\/a><\/span><\/p>\n<p><span id=\"docs-internal-guid-5797e69e-2273-5f08-f48b-2aaa38e2e40d\"><span>Takistite jada\u00fchenduse kogutakistus on R = R<sub>1\u00a0<\/sub>+ R<sub>2\u00a0<\/sub>+ R<sub>3\u00a0<\/sub>+ \u2026R<sub>n<\/sub><\/span><\/span><\/p>\n<h5><span><img loading=\"lazy\" decoding=\"async\" width=\"40\" height=\"40\" class=\"alignnone wp-image-79\" style=\"margin-left: 10px;margin-right: 10px\" src=\"https:\/\/sisu.ut.ee\/wp-content\/uploads\/sites\/189\/katse.png\" title=\"katse.png\" alt=\"katse.png\">\u00a0Tee kaasa!<\/span><\/h5>\n<p>\u00dchenda jadamisi 2,2 k\u2126, 10 k\u2126 ja 15 k\u2126 takisti ning m\u00f5\u00f5da nende kogutakistus. Kontrolli m\u00f5\u00f5detud tulemust, arvutades v\u00e4lja nende takistite jada\u00fchenduse kogutakistuse.<\/p>\n<p><\/p><div class=\"accordion mb-3\">\n        <div class=\"accordion-item accordion-item--white\">\n        <h2 class=\"accordion-header\" id=\"accordion-69f56053b5d67-heading\">\n            <button class=\"accordion-button collapsed\" type=\"button\" data-bs-toggle=\"collapse\" data-bs-target=\"#accordion-69f56053b5d67-collapse\" aria-expanded=\"true\" aria-controls=\"accordion-69f56053b5d67-collapse\">Vastus<\/button>\n        <\/h2>\n        <div id=\"accordion-69f56053b5d67-collapse\" class=\"accordion-collapse collapse\" aria-labelledby=\"accordion-69f56053b5d67-heading\">\n            <div class=\"accordion-body\">\n<p>R = R<sub><span>1\u00a0<\/span><\/sub>+ R<sub><span>2\u00a0<\/span><\/sub>+ R<sub><span>3\u00a0<\/span><\/sub><span>=\u00a0<span><span>2,2 k\u2126 + 10 k\u2126 + 15 k\u2126 = <span style=\"color: #008000\"><strong>27,2 k\u2126<\/strong><\/span><\/span><\/span><\/span><\/p>\n<p><span data-mce-mark=\"1\"><span data-mce-mark=\"1\"><span data-mce-mark=\"1\"><span data-mce-mark=\"1\"><span data-mce-mark=\"1\"><span id=\"docs-internal-guid-5797e69e-2277-0721-f3fc-0d24637d7d31\" data-mce-mark=\"1\"><span data-mce-mark=\"1\"><span style=\"color: #008000\" data-mce-mark=\"1\"><strong><\/strong><\/span><\/span><\/span><\/span><\/span><\/span><\/span><\/span><\/p>\n<p><span><span><span><span><\/span><\/span><\/span><\/span><\/p><\/div>\n        <\/div>\n        <\/div>\n    <\/div>\n","protected":false},"excerpt":{"rendered":"<p>Selles loengus r\u00e4\u00e4gime takistite jada\u00fchenduse t\u00e4histamisest elektriskeemis ja jada\u00fchenduse takistuse arvutamisest. Jada\u00fchendus on n\u00e4iteks kasutusel ka kuusetulede puhul, kus takistite asemel on k\u00fcll lambid, aga kehtib ikkagi sama reegel, et kui \u00fcks lamp peaks l\u00e4bi minema, siis katkeb terve vooluahel &#8230;<\/p>\n","protected":false},"author":93,"featured_media":0,"parent":0,"menu_order":0,"comment_status":"closed","ping_status":"closed","template":"","meta":{"_acf_changed":false,"inline_featured_image":false,"footnotes":""},"class_list":["post-8","page","type-page","status-publish","hentry"],"acf":[],"_links":{"self":[{"href":"https:\/\/sisu.ut.ee\/elektroonika\/wp-json\/wp\/v2\/pages\/8","targetHints":{"allow":["GET"]}}],"collection":[{"href":"https:\/\/sisu.ut.ee\/elektroonika\/wp-json\/wp\/v2\/pages"}],"about":[{"href":"https:\/\/sisu.ut.ee\/elektroonika\/wp-json\/wp\/v2\/types\/page"}],"author":[{"embeddable":true,"href":"https:\/\/sisu.ut.ee\/elektroonika\/wp-json\/wp\/v2\/users\/93"}],"replies":[{"embeddable":true,"href":"https:\/\/sisu.ut.ee\/elektroonika\/wp-json\/wp\/v2\/comments?post=8"}],"version-history":[{"count":1,"href":"https:\/\/sisu.ut.ee\/elektroonika\/wp-json\/wp\/v2\/pages\/8\/revisions"}],"predecessor-version":[{"id":263,"href":"https:\/\/sisu.ut.ee\/elektroonika\/wp-json\/wp\/v2\/pages\/8\/revisions\/263"}],"wp:attachment":[{"href":"https:\/\/sisu.ut.ee\/elektroonika\/wp-json\/wp\/v2\/media?parent=8"}],"curies":[{"name":"wp","href":"https:\/\/api.w.org\/{rel}","templated":true}]}}