{"id":74,"date":"2024-04-04T03:04:49","date_gmt":"2024-04-04T00:04:49","guid":{"rendered":"https:\/\/sisu.ut.ee\/elektroonika\/33-paris-kondensaatorid\/"},"modified":"2024-04-04T03:05:53","modified_gmt":"2024-04-04T00:05:53","slug":"33-paris-kondensaatorid","status":"publish","type":"page","link":"https:\/\/sisu.ut.ee\/elektroonika\/33-paris-kondensaatorid\/","title":{"rendered":"3.3. P\u00e4ris kondensaatorid"},"content":{"rendered":"<p><span data-mce-mark=\"1\">Kondensaatoreid on v\u00e4ga palju erinevaid t\u00fc\u00fcpe. Selles loengus n\u00e4idatakse, missuguseid kondensaatoreid p\u00f5hiliselt kasutatakse ja kuidas kondensaatori pealt v\u00e4lja lugeda olulisi parameetreid \u2013 nimimahtuvus, nimipinge ja polaarsus. Muu hulgas n\u00e4idatakse, mis kondensaatoril sees on, ja kuidas kondensaatorit ise teha.<\/span><\/p>\n<p>Elektroonikas m\u00e4\u00e4ratakse passiivelementide tunnussuuruste nimiv\u00e4\u00e4rtused \u2012 takistite takistus, kondensaatorite mahtuvus ja induktiivelementide induktiivsus \u2012 E-ridadega. E-ridadest ehk eelisarvuridadest ja kondensaatorite ning takistite kohta loe:<\/p>\n<ul>\n<li><a style=\"background-color: #ffffff\" href=\"https:\/\/et.wikipedia.org\/wiki\/Eelisarvurida\" target=\"_blank\" rel=\"noopener\">https:\/\/et.wikipedia.org\/wiki\/Eelisarvurida<\/a><\/li>\n<li><a style=\"background-color: #ffffff\" href=\"https:\/\/en.wikipedia.org\/wiki\/Preferred_number\" target=\"_blank\" rel=\"noopener\">https:\/\/en.wikipedia.org\/wiki\/Preferred_number<\/a><\/li>\n<\/ul>\n<p><span data-mce-mark=\"1\"><div class=\"ratio ratio-16x9 mb-3\"><div class=\"video-placeholder-wrapper video-placeholder-wrapper--16x9\">\n\t\t\t    <div class=\"video-placeholder d-flex justify-content-center align-items-center\">\n\t\t\t        <div class=\"overlay text-white p-2 w-100 text-center d-block justify-content-center align-items-center\">\n\t\t\t            <div>Kolmandate osapoolte sisu n\u00e4gemiseks palun n\u00f5ustu k\u00fcpsistega.<\/div>\n\t\t\t            <button class=\"btn btn-secondary btn-sm mt-1 consent-change\">Muuda n\u00f5usolekut<\/button>\n\t\t\t        <\/div>\n\t\t\t    <\/div>\n\t\t\t<\/div>\n<\/div><\/span><\/p>\n<p style=\"text-align: center\"><a href=\"https:\/\/youtu.be\/nW58IVgeXjk\" target=\"_blank\" rel=\"noopener\"><span data-mce-mark=\"1\">https:\/\/youtu.be\/nW58IVgeXjk<\/span><\/a><\/p>\n<h5><img loading=\"lazy\" decoding=\"async\" width=\"40\" height=\"40\" class=\"alignnone wp-image-77\" style=\"margin-left: 10px;margin-right: 10px\" src=\"https:\/\/sisu.ut.ee\/wp-content\/uploads\/sites\/189\/motle.png\" title=\"motle.png\" alt=\"motle.png\">M\u00f5tle ja tee kaasa!<\/h5>\n<p>Videos ajahetkel 5:30 on sinine elektrol\u00fc\u00fctkondensaator.<\/p>\n<ol>\n<li>Kui suur on selle nimipinge ja nimimahtuvus?\u00a0<\/li>\n<li>Kuidas on m\u00e4rgitud tema polaarsus: a) plussm\u00e4rgiga; b) miinusm\u00e4rgiga; c) h\u00fc\u00fcum\u00e4rgiga; d) keelum\u00e4rgiga; e) k\u00fcsim\u00e4rgiga?\u00a0<\/li>\n<li>Milline selle kondensaatori tegelik mahtuvus v\u00f5ib olla (vali k\u00f5ik sobivad variandid): a) 350 \u00b5F; b) 3500 \u00b5F; c) 4700 \u00b5F; d) 4720 \u00b5F; e) 7500 \u00b5F; f) 9500 \u00b5F?<\/li>\n<li>Kui suur on selle kondensaatori mahtuvus nanofaradites?\u00a0<\/li>\n<li>V\u00f5ta oma detailide komplektist \u00fcks elektrol\u00fc\u00fctkondensaator ja tee endale selgeks, kui suur on selle nimimahtuvus ja nimipinge, mispidi on tema polaarsus, ja arvuta, mis piirides v\u00f5ib olla selle kondensaatori mahtuvus.<\/li>\n<\/ol>\n<p><\/p><div class=\"accordion mb-3\">\n        <div class=\"accordion-item accordion-item--white\">\n        <h2 class=\"accordion-header\" id=\"accordion-69d513eda3d55-heading\">\n            <button class=\"accordion-button collapsed\" type=\"button\" data-bs-toggle=\"collapse\" data-bs-target=\"#accordion-69d513eda3d55-collapse\" aria-expanded=\"true\" aria-controls=\"accordion-69d513eda3d55-collapse\">Vastus<\/button>\n        <\/h2>\n        <div id=\"accordion-69d513eda3d55-collapse\" class=\"accordion-collapse collapse\" aria-labelledby=\"accordion-69d513eda3d55-heading\">\n            <div class=\"accordion-body\">\n<ol>\n<li><strong>Kui suur on selle nimipinge ja nimimahtuvus?<\/strong> <br><span style=\"color: #008000\"><strong>16V, 4700 \u00b5F<\/strong><\/span><\/li>\n<li><strong>Kuidas on m\u00e4rgitud tema polaarsus?<\/strong> <br><span style=\"color: #008000\"><strong>b) miinusm\u00e4rgiga<\/strong><\/span><\/li>\n<li><strong>Selle kondensaatori tegelik mahtuvus v\u00f5ib olla:<\/strong> <br><span style=\"color: #008000\"><strong>c) 4700 \u00b5F; d) 4720 \u00b5F; e) 7500 \u00b5F<\/strong><\/span><\/li>\n<li><strong>Kui suur on selle kondensaatori mahtuvus nanofaradites?<\/strong> <br><span style=\"color: #008000\"><strong>4700000 nF<\/strong><\/span><\/li>\n<\/ol>\n<p><\/p><\/div>\n        <\/div>\n        <\/div>\n    <\/div>\n\n<h5><span><img loading=\"lazy\" decoding=\"async\" width=\"40\" height=\"40\" class=\"alignnone wp-image-78\" style=\"margin-left: 10px;margin-right: 10px\" src=\"https:\/\/sisu.ut.ee\/wp-content\/uploads\/sites\/189\/tahtis.png\" title=\"tahtis.png\" alt=\"tahtis.png\">J\u00e4ta meelde!<\/span><\/h5>\n<ul>\n<li><strong>Elektrol\u00fc\u00fctkondensaatorid ja tantaalkondensaatorid tuleb skeemi \u00fchendada \u00f5igetpidi.<\/strong><\/li>\n<li><strong>Kondensaatorile rakendatud pinge ei tohi \u00fcletada nimipinget.<\/strong><\/li>\n<li><strong>Kondensaatori mahtuvus v\u00f5ib tolerantsi piires erineda nimimahtuvusest.<\/strong><\/li>\n<\/ul>\n<p><strong>\u00a0<\/strong><\/p>\n<h5><span><img loading=\"lazy\" decoding=\"async\" width=\"40\" height=\"40\" class=\"alignnone wp-image-77\" style=\"margin-left: 10px;margin-right: 10px\" src=\"https:\/\/sisu.ut.ee\/wp-content\/uploads\/sites\/189\/motle.png\" title=\"motle.png\" alt=\"motle.png\">\u00a0M\u00f5tle kaasa!<\/span><\/h5>\n<p>Kui suur on kondensaatori nimimahtuvus nanofaradites, kui talle on peale kirjutatud:<\/p>\n<ul>\n<li>120p<\/li>\n<li>n47<\/li>\n<li>5n6<\/li>\n<li>226<\/li>\n<li>6\u00b58<\/li>\n<li>685<\/li>\n<li>68\u00b5F<\/li>\n<li>6n8<\/li>\n<li>1p2<\/li>\n<li>180<\/li>\n<\/ul>\n<p><\/p><div class=\"accordion mb-3\">\n        <div class=\"accordion-item accordion-item--white\">\n        <h2 class=\"accordion-header\" id=\"accordion-69d513eda3d5f-heading\">\n            <button class=\"accordion-button collapsed\" type=\"button\" data-bs-toggle=\"collapse\" data-bs-target=\"#accordion-69d513eda3d5f-collapse\" aria-expanded=\"true\" aria-controls=\"accordion-69d513eda3d5f-collapse\">Vastus<\/button>\n        <\/h2>\n        <div id=\"accordion-69d513eda3d5f-collapse\" class=\"accordion-collapse collapse\" aria-labelledby=\"accordion-69d513eda3d5f-heading\">\n            <div class=\"accordion-body\">\n<div>\n<table class=\"table table-hover\">\n<tbody>\n<tr>\n<td style=\"width: 50px\">\n<\/td>\n<td>\n<p style=\"text-align: center\"><strong>Nimimahtuvus <\/strong><\/p>\n<p style=\"text-align: center\"><strong>nanofaradites<\/strong><\/p>\n<\/td>\n<\/tr>\n<tr>\n<td>\n<p><span>120p<\/span><\/p>\n<\/td>\n<td>\n<p style=\"text-align: center\"><span style=\"color: #008000\"><strong>0,12<\/strong><\/span><\/p>\n<\/td>\n<\/tr>\n<tr>\n<td>\n<p><span>n47<\/span><\/p>\n<\/td>\n<td>\n<p style=\"text-align: center\"><span style=\"color: #008000\"><strong>0,47<\/strong><\/span><\/p>\n<\/td>\n<\/tr>\n<tr>\n<td>\n<p><span>5n6<\/span><\/p>\n<\/td>\n<td>\n<p style=\"text-align: center\"><span style=\"color: #008000\"><strong>5,6<\/strong><\/span><\/p>\n<\/td>\n<\/tr>\n<tr>\n<td>\n<p><span>226<\/span><\/p>\n<\/td>\n<td>\n<p style=\"text-align: center\"><span style=\"color: #008000\"><strong>22000<\/strong><\/span><\/p>\n<\/td>\n<\/tr>\n<tr>\n<td>\n<p><span>6\u00b58<\/span><\/p>\n<\/td>\n<td>\n<p style=\"text-align: center\"><span style=\"color: #008000\"><strong>6800<\/strong><\/span><\/p>\n<\/td>\n<\/tr>\n<tr>\n<td>\n<p><span>685<\/span><\/p>\n<\/td>\n<td>\n<p style=\"text-align: center\"><span style=\"color: #008000\"><strong>6800<\/strong><\/span><\/p>\n<\/td>\n<\/tr>\n<tr>\n<td>\n<p><span>68\u00b5F<\/span><\/p>\n<\/td>\n<td>\n<p style=\"text-align: center\"><span style=\"color: #008000\"><strong>68000<\/strong><\/span><\/p>\n<\/td>\n<\/tr>\n<tr>\n<td>\n<p><span>6n8<\/span><\/p>\n<\/td>\n<td>\n<p style=\"text-align: center\"><span style=\"color: #008000\"><strong>6,8<\/strong><\/span><\/p>\n<\/td>\n<\/tr>\n<tr>\n<td>\n<p><span>1p2<\/span><\/p>\n<\/td>\n<td>\n<p style=\"text-align: center\"><span style=\"color: #008000\"><strong>0,0012<\/strong><\/span><\/p>\n<\/td>\n<\/tr>\n<tr>\n<td>\n<p><span>180<\/span><\/p>\n<\/td>\n<td>\n<p style=\"text-align: center\"><span style=\"color: #008000\"><strong>0,018<\/strong><\/span><\/p>\n<\/td>\n<\/tr>\n<\/tbody>\n<\/table>\n<\/div>\n<p><span><span><br><span> <\/span><\/span><\/span><\/p><\/div>\n        <\/div>\n        <\/div>\n    <\/div>\n","protected":false},"excerpt":{"rendered":"<p>Kondensaatoreid on v\u00e4ga palju erinevaid t\u00fc\u00fcpe. Selles loengus n\u00e4idatakse, missuguseid kondensaatoreid p\u00f5hiliselt kasutatakse ja kuidas kondensaatori pealt v\u00e4lja lugeda olulisi parameetreid \u2013 nimimahtuvus, nimipinge ja polaarsus. Muu hulgas n\u00e4idatakse, mis kondensaatoril sees on, ja kuidas kondensaatorit ise teha. Elektroonikas m\u00e4\u00e4ratakse &#8230;<\/p>\n","protected":false},"author":93,"featured_media":0,"parent":0,"menu_order":0,"comment_status":"closed","ping_status":"closed","template":"","meta":{"_acf_changed":false,"inline_featured_image":false,"footnotes":""},"class_list":["post-74","page","type-page","status-publish","hentry"],"acf":[],"_links":{"self":[{"href":"https:\/\/sisu.ut.ee\/elektroonika\/wp-json\/wp\/v2\/pages\/74","targetHints":{"allow":["GET"]}}],"collection":[{"href":"https:\/\/sisu.ut.ee\/elektroonika\/wp-json\/wp\/v2\/pages"}],"about":[{"href":"https:\/\/sisu.ut.ee\/elektroonika\/wp-json\/wp\/v2\/types\/page"}],"author":[{"embeddable":true,"href":"https:\/\/sisu.ut.ee\/elektroonika\/wp-json\/wp\/v2\/users\/93"}],"replies":[{"embeddable":true,"href":"https:\/\/sisu.ut.ee\/elektroonika\/wp-json\/wp\/v2\/comments?post=74"}],"version-history":[{"count":1,"href":"https:\/\/sisu.ut.ee\/elektroonika\/wp-json\/wp\/v2\/pages\/74\/revisions"}],"predecessor-version":[{"id":197,"href":"https:\/\/sisu.ut.ee\/elektroonika\/wp-json\/wp\/v2\/pages\/74\/revisions\/197"}],"wp:attachment":[{"href":"https:\/\/sisu.ut.ee\/elektroonika\/wp-json\/wp\/v2\/media?parent=74"}],"curies":[{"name":"wp","href":"https:\/\/api.w.org\/{rel}","templated":true}]}}