{"id":73,"date":"2024-04-04T03:04:49","date_gmt":"2024-04-04T00:04:49","guid":{"rendered":"https:\/\/sisu.ut.ee\/elektroonika\/32-kondensaatori-toopohimote\/"},"modified":"2024-04-04T03:05:53","modified_gmt":"2024-04-04T00:05:53","slug":"32-kondensaatori-toopohimote","status":"publish","type":"page","link":"https:\/\/sisu.ut.ee\/elektroonika\/32-kondensaatori-toopohimote\/","title":{"rendered":"3.2. Kondensaatori t\u00f6\u00f6p\u00f5him\u00f5te"},"content":{"rendered":"<p><span data-mce-mark=\"1\">Selles videos n\u00e4idatakse kondensaatori t\u00f6\u00f6p\u00f5him\u00f5tet ja v\u00f5rreldakse teda akuga.<\/span><\/p>\n<p><span data-mce-mark=\"1\">Kondensaator on muidu sarnane akuga, aga<\/span><\/p>\n<ol>\n<li>tema energiamahutavus on palju v\u00e4iksem<\/li>\n<li>tema laadumine ja t\u00fchjenemine toimuvad palju kiiremini<\/li>\n<\/ol>\n<p><span data-mce-mark=\"1\">Mahtuvuse \u00fchik on <strong>farad<\/strong>. Reaalsed mahtuvuse v\u00e4\u00e4rtused on mikrofarad, nanofarad ja pikofarad. Nende vahel teisendamine peab olema igal elektroonikul selge.<\/span><\/p>\n<p><span data-mce-mark=\"1\"><div class=\"ratio ratio-16x9 mb-3\"><div class=\"video-placeholder-wrapper video-placeholder-wrapper--16x9\">\n\t\t\t    <div class=\"video-placeholder d-flex justify-content-center align-items-center\">\n\t\t\t        <div class=\"overlay text-white p-2 w-100 text-center d-block justify-content-center align-items-center\">\n\t\t\t            <div>Kolmandate osapoolte sisu n\u00e4gemiseks palun n\u00f5ustu k\u00fcpsistega.<\/div>\n\t\t\t            <button class=\"btn btn-secondary btn-sm mt-1 consent-change\">Muuda n\u00f5usolekut<\/button>\n\t\t\t        <\/div>\n\t\t\t    <\/div>\n\t\t\t<\/div>\n<\/div><\/span><\/p>\n<p style=\"text-align: center\"><span data-mce-mark=\"1\"><\/span><a href=\"https:\/\/youtu.be\/a24yvlwBD50\" target=\"_blank\" rel=\"noopener\"><span data-mce-mark=\"1\">https:\/\/youtu.be\/a24yvlwBD50<\/span><\/a><\/p>\n\n<table class=\"table table-hover\" style=\"width: 100%\" border=\"0\">\n<tbody>\n<tr>\n<td>\n<h5><img loading=\"lazy\" decoding=\"async\" width=\"40\" height=\"40\" class=\"alignnone wp-image-77\" style=\"margin-left: 5px;margin-right: 5px\" src=\"https:\/\/sisu.ut.ee\/wp-content\/uploads\/sites\/189\/motle.png\" title=\"motle.png\" alt=\"motle.png\">M\u00f5tle kaasa!<\/h5>\n<ol>\n<li>AAA-t\u00fc\u00fcpi aku pinge on 1,2V ja elektrimahutavus on 800 mAh. Kui palju energiat mahub kahte\u00a0jadamisi \u00fchendatud sellisesse akusse? Kumb on kasulikum osta, kas 4.50\u20ac maksev videos\u00a0n\u00e4htud AA aku v\u00f5i 3\u20ac maksev AAA aku? Kui palju energiat maksab kummagi aku korral 1\u20ac?<\/li>\n<li>Sellesse videosse on ajavahemikul umbes 3:20 \u2013 4:20 t\u00e4helepanematusest sattunud \u00fcks viga. Mis on valesti?<\/li>\n<\/ol>\n<p><\/p><div class=\"accordion mb-3\">\n        <div class=\"accordion-item accordion-item--white\">\n        <h2 class=\"accordion-header\" id=\"accordion-69d58bab49e91-heading\">\n            <button class=\"accordion-button collapsed\" type=\"button\" data-bs-toggle=\"collapse\" data-bs-target=\"#accordion-69d58bab49e91-collapse\" aria-expanded=\"true\" aria-controls=\"accordion-69d58bab49e91-collapse\">Vastus<\/button>\n        <\/h2>\n        <div id=\"accordion-69d58bab49e91-collapse\" class=\"accordion-collapse collapse\" aria-labelledby=\"accordion-69d58bab49e91-heading\">\n            <div class=\"accordion-body\">\n<p><strong>1.\u00a0AAA-t\u00fc\u00fcpi aku pinge on 1,2V ja elektrimahutavus on 800 mAh. Kui palju energiat mahub kahte\u00a0jadamisi \u00fchendatud sellisesse akusse? Kumb on kasulikum osta, kas 4.50\u20ac maksev videos\u00a0n\u00e4htud AA aku v\u00f5i 3\u20ac maksev AAA aku? Kui palju energiat maksab kummagi aku korral 1\u20ac?<\/strong><\/p>\n<p style=\"padding-left: 30px\"><span style=\"color: #008000\" data-mce-mark=\"1\"><strong>Kahe AAA-t\u00fc\u00fcpi aku (mis kokku maksavad 6\u20ac) energia on 6912 J, seega 1\u20ac eest saab 1152 J.<\/strong><\/span><br style=\"background-color: transparent\"><span style=\"color: #008000\" data-mce-mark=\"1\"><strong>AA-t\u00fc\u00fcpi akude ostmisel saab 9\u20ac eest 22464J e. 1\u20ac eest 22464\/9 = 2496 J.<\/strong><\/span><br><span style=\"color: #008000\" data-mce-mark=\"1\"><strong>AA-t\u00fc\u00fcpi aku on rohkem kui 2 korda kasulikum ost.<\/strong><\/span><\/p>\n<p><strong>2.\u00a0Sellesse videosse on ajavahemikul umbes 3:20 \u2013 4:20 t\u00e4helepanematusest sattunud \u00fcks viga. Mis on valesti?<\/strong><\/p>\n<p style=\"padding-left: 30px\"><strong><span style=\"color: #008000\">Valgusdiood on joonistatud valepidi. Vaata valgusdioodi videost, kuidas peab olema valgusdioodi polaarsus.<\/span><\/strong><\/p>\n<p><\/p><\/div>\n        <\/div>\n        <\/div>\n    <\/div>\n<\/td>\n<\/tr>\n<\/tbody>\n<\/table>\n<h5><img loading=\"lazy\" decoding=\"async\" width=\"40\" height=\"40\" class=\"alignnone wp-image-79\" style=\"margin-left: 10px;margin-right: 10px\" src=\"https:\/\/sisu.ut.ee\/wp-content\/uploads\/sites\/189\/katse.png\" title=\"katse.png\" alt=\"katse.png\">Tee kaasa!<\/h5>\n<table class=\"table table-hover\" border=\"0\">\n<tbody>\n<tr>\n<td>\n<p><strong>1. Teisenda faraditeks.<\/strong><\/p>\n<ul>\n<li>22000 \u00b5F<\/li>\n<li>680 \u00b5F<\/li>\n<li>470000 \u00b5F<\/li>\n<li>150000 nF<\/li>\n<li>2,2 \u00b5F<\/li>\n<li>5600000 pF<\/li>\n<\/ul>\n<\/td>\n<td style=\"width: 20px\"><\/td>\n<td>\n<p><strong>2. Teisenda mikrofaraditeks.<\/strong><\/p>\n<ul>\n<li>280000 pF<\/li>\n<li>4,7 F<\/li>\n<li>0,022 nF<\/li>\n<li>15,3 nF<\/li>\n<li>188 pF<\/li>\n<li>910 nF<\/li>\n<\/ul>\n<\/td>\n<\/tr>\n<tr>\n<td>\n<p><strong>3. Teisenda nanofaraditeks.<\/strong><\/p>\n<ul>\n<li>145000 pF<\/li>\n<li>0,0000088 F<\/li>\n<li>0,25 \u00b5F<\/li>\n<li>0,56 nF<\/li>\n<li>0,9 pF<\/li>\n<li>3000 pF<\/li>\n<\/ul>\n<\/td>\n<td><\/td>\n<td>\n<p><strong>4. Teisenda pikofaraditeks.<\/strong><\/p>\n<ul>\n<li>0,47 \u00b5F<\/li>\n<li>470 nF<\/li>\n<li>1,2 nF<\/li>\n<li>0,00062 nF<\/li>\n<li>0,088 nF<\/li>\n<li>0,00072 \u00b5F<\/li>\n<\/ul>\n<\/td>\n<\/tr>\n<\/tbody>\n<\/table>\n<p><span data-mce-mark=\"1\"><span data-mce-mark=\"1\">\u00a0<\/span><\/span><\/p>\n<p><\/p><div class=\"accordion mb-3\">\n        <div class=\"accordion-item accordion-item--white\">\n        <h2 class=\"accordion-header\" id=\"accordion-69d58bab49ea5-heading\">\n            <button class=\"accordion-button collapsed\" type=\"button\" data-bs-toggle=\"collapse\" data-bs-target=\"#accordion-69d58bab49ea5-collapse\" aria-expanded=\"true\" aria-controls=\"accordion-69d58bab49ea5-collapse\">Vastus\u00a0<\/button>\n        <\/h2>\n        <div id=\"accordion-69d58bab49ea5-collapse\" class=\"accordion-collapse collapse\" aria-labelledby=\"accordion-69d58bab49ea5-heading\">\n            <div class=\"accordion-body\">\n<table class=\"table table-hover\" border=\"0\">\n<tbody>\n<tr>\n<td>\n<div>\n<table class=\"table table-hover\">\n<tbody>\n<tr>\n<td colspan=\"3\">\n<p><strong>1. Teisenda faraditeks.<\/strong><\/p>\n<\/td>\n<\/tr>\n<tr>\n<td style=\"width: 130px\">\n<p>22000 \u00b5F<\/p>\n<\/td>\n<td>\n<\/td>\n<td>\n<p><span style=\"color: #008000\"><strong>0,022 F<\/strong><\/span><\/p>\n<\/td>\n<\/tr>\n<tr>\n<td>\n<p>680 \u00b5F<\/p>\n<\/td>\n<td>\n<\/td>\n<td>\n<p><span style=\"color: #008000\"><strong>0,00068\u00a0F<\/strong><\/span><\/p>\n<\/td>\n<\/tr>\n<tr>\n<td>\n<p>470000 \u00b5F<\/p>\n<\/td>\n<td>\n<\/td>\n<td>\n<p><span style=\"color: #008000\"><strong>0,47\u00a0F<\/strong><\/span><\/p>\n<\/td>\n<\/tr>\n<tr>\n<td>\n<p>150000 nF<\/p>\n<\/td>\n<td>\n<\/td>\n<td>\n<p><span style=\"color: #008000\"><strong>0,00015\u00a0F<\/strong><\/span><\/p>\n<\/td>\n<\/tr>\n<tr>\n<td>\n<p>2,2 \u00b5F<\/p>\n<\/td>\n<td>\n<\/td>\n<td>\n<p><span style=\"color: #008000\"><strong>0,0000022\u00a0F<\/strong><\/span><\/p>\n<\/td>\n<\/tr>\n<tr>\n<td>\n<p>5600000 pF<\/p>\n<\/td>\n<td>\n<\/td>\n<td>\n<p><span style=\"color: #008000\"><strong>0,0000056\u00a0F<\/strong><\/span><\/p>\n<\/td>\n<\/tr>\n<\/tbody>\n<\/table>\n<\/div>\n<\/td>\n<td style=\"width: 20px\">\n<div><\/div>\n<\/td>\n<td>\n<div>\n<table class=\"table table-hover\">\n<tbody>\n<tr>\n<td colspan=\"3\">\n<p><strong>2. Teisenda mikrofaraditeks.<\/strong><\/p>\n<\/td>\n<\/tr>\n<tr>\n<td style=\"width: 130px\">\n<p>280000 pF<\/p>\n<\/td>\n<td>\n<\/td>\n<td>\n<p><strong><span style=\"color: #008000\">0,28\u00a0\u00b5F<\/span><\/strong><\/p>\n<\/td>\n<\/tr>\n<tr>\n<td>\n<p>4,7 F<\/p>\n<\/td>\n<td>\n<\/td>\n<td>\n<p><strong><span style=\"color: #008000\">470000\u00a0\u00b5F<\/span><\/strong><\/p>\n<\/td>\n<\/tr>\n<tr>\n<td>\n<p>0,022 nF<\/p>\n<\/td>\n<td>\n<\/td>\n<td>\n<p><strong><span style=\"color: #008000\">0,000022\u00a0\u00b5F<\/span><\/strong><\/p>\n<\/td>\n<\/tr>\n<tr>\n<td>\n<p>15,3 nF<\/p>\n<\/td>\n<td>\n<\/td>\n<td>\n<p><strong><span style=\"color: #008000\">0,0153\u00a0\u00b5F<\/span><\/strong><\/p>\n<\/td>\n<\/tr>\n<tr>\n<td>\n<p>188 pF<\/p>\n<\/td>\n<td>\n<\/td>\n<td>\n<p><strong><span style=\"color: #008000\">0,000188\u00a0\u00b5F<\/span><\/strong><\/p>\n<\/td>\n<\/tr>\n<tr>\n<td>\n<p>910 nF<\/p>\n<\/td>\n<td>\n<\/td>\n<td>\n<p><strong><span style=\"color: #008000\">0,91\u00a0\u00b5F<\/span><\/strong><\/p>\n<\/td>\n<\/tr>\n<\/tbody>\n<\/table>\n<\/div>\n<\/td>\n<\/tr>\n<tr>\n<td>\n<div>\n<table class=\"table table-hover\">\n<tbody>\n<tr>\n<td colspan=\"3\">\n<p><strong>3. Teisenda nanofaraditeks.<\/strong><\/p>\n<\/td>\n<\/tr>\n<tr>\n<td style=\"width: 130px\">\n<p>145000 pF<\/p>\n<\/td>\n<td>\n<\/td>\n<td>\n<p><span style=\"color: #008000\"><strong>145\u00a0nF<\/strong><\/span><\/p>\n<\/td>\n<\/tr>\n<tr>\n<td>\n<p>0,0000088 F<\/p>\n<\/td>\n<td>\n<\/td>\n<td>\n<p><span style=\"color: #008000\"><strong>8800\u00a0nF<\/strong><\/span><\/p>\n<\/td>\n<\/tr>\n<tr>\n<td>\n<p>0,25 \u00b5F<\/p>\n<\/td>\n<td>\n<\/td>\n<td>\n<p><span style=\"color: #008000\"><strong>250\u00a0nF<\/strong><\/span><\/p>\n<\/td>\n<\/tr>\n<tr>\n<td>\n<p>0,56 nF<\/p>\n<\/td>\n<td>\n<\/td>\n<td>\n<p><span style=\"color: #008000\"><strong>0,56\u00a0nF<\/strong><\/span><\/p>\n<\/td>\n<\/tr>\n<tr>\n<td>\n<p>0,9 pF<\/p>\n<\/td>\n<td>\n<\/td>\n<td>\n<p><span style=\"color: #008000\"><strong>0,0009\u00a0nF<\/strong><\/span><\/p>\n<\/td>\n<\/tr>\n<tr>\n<td>\n<p>3000 pF<\/p>\n<\/td>\n<td>\n<\/td>\n<td>\n<p><span style=\"color: #008000\"><strong>3\u00a0nF<\/strong><\/span><\/p>\n<\/td>\n<\/tr>\n<\/tbody>\n<\/table>\n<\/div>\n<\/td>\n<td>\n<div>\n<table class=\"table table-hover\">\n<tbody>\n<tr>\n<td colspan=\"2\">\n<\/td>\n<\/tr>\n<\/tbody>\n<\/table>\n<\/div>\n<\/td>\n<td>\n<div>\n<table class=\"table table-hover\">\n<tbody>\n<tr>\n<td colspan=\"3\">\n<p><strong>4. Teisenda pikofaraditeks.<\/strong><\/p>\n<\/td>\n<\/tr>\n<tr>\n<td style=\"width: 130px\">\n<p>0,47 \u00b5F<\/p>\n<\/td>\n<td>\n<\/td>\n<td>\n<p><strong><span style=\"color: #008000\">470000\u00a0pF<\/span><\/strong><\/p>\n<\/td>\n<\/tr>\n<tr>\n<td>\n<p>470 nF<\/p>\n<\/td>\n<td>\n<\/td>\n<td>\n<p><strong><span style=\"color: #008000\">470000\u00a0pF<\/span><\/strong><\/p>\n<\/td>\n<\/tr>\n<tr>\n<td>\n<p>1,2 nF<\/p>\n<\/td>\n<td>\n<\/td>\n<td>\n<p><strong><span style=\"color: #008000\">1200\u00a0pF<\/span><\/strong><\/p>\n<\/td>\n<\/tr>\n<tr>\n<td>\n<p>0,00062 nF<\/p>\n<\/td>\n<td>\n<\/td>\n<td>\n<p><strong><span style=\"color: #008000\">0,62\u00a0pF<\/span><\/strong><\/p>\n<\/td>\n<\/tr>\n<tr>\n<td>\n<p>0,088 nF<\/p>\n<\/td>\n<td>\n<\/td>\n<td>\n<p><strong><span style=\"color: #008000\">88\u00a0pF<\/span><\/strong><\/p>\n<\/td>\n<\/tr>\n<tr>\n<td>\n<p>0,00072 \u00b5F<\/p>\n<\/td>\n<td>\n<\/td>\n<td>\n<p><strong><span style=\"color: #008000\">720\u00a0pF<\/span><\/strong><\/p>\n<\/td>\n<\/tr>\n<\/tbody>\n<\/table>\n<\/div>\n<\/td>\n<\/tr>\n<\/tbody>\n<\/table>\n<p><\/p><\/div>\n        <\/div>\n        <\/div>\n    <\/div>\n","protected":false},"excerpt":{"rendered":"<p>Selles videos n\u00e4idatakse kondensaatori t\u00f6\u00f6p\u00f5him\u00f5tet ja v\u00f5rreldakse teda akuga. Kondensaator on muidu sarnane akuga, aga tema energiamahutavus on palju v\u00e4iksem tema laadumine ja t\u00fchjenemine toimuvad palju kiiremini Mahtuvuse \u00fchik on farad. Reaalsed mahtuvuse v\u00e4\u00e4rtused on mikrofarad, nanofarad ja pikofarad. Nende &#8230;<\/p>\n","protected":false},"author":93,"featured_media":0,"parent":0,"menu_order":0,"comment_status":"closed","ping_status":"closed","template":"","meta":{"_acf_changed":false,"inline_featured_image":false,"footnotes":""},"class_list":["post-73","page","type-page","status-publish","hentry"],"acf":[],"_links":{"self":[{"href":"https:\/\/sisu.ut.ee\/elektroonika\/wp-json\/wp\/v2\/pages\/73","targetHints":{"allow":["GET"]}}],"collection":[{"href":"https:\/\/sisu.ut.ee\/elektroonika\/wp-json\/wp\/v2\/pages"}],"about":[{"href":"https:\/\/sisu.ut.ee\/elektroonika\/wp-json\/wp\/v2\/types\/page"}],"author":[{"embeddable":true,"href":"https:\/\/sisu.ut.ee\/elektroonika\/wp-json\/wp\/v2\/users\/93"}],"replies":[{"embeddable":true,"href":"https:\/\/sisu.ut.ee\/elektroonika\/wp-json\/wp\/v2\/comments?post=73"}],"version-history":[{"count":1,"href":"https:\/\/sisu.ut.ee\/elektroonika\/wp-json\/wp\/v2\/pages\/73\/revisions"}],"predecessor-version":[{"id":196,"href":"https:\/\/sisu.ut.ee\/elektroonika\/wp-json\/wp\/v2\/pages\/73\/revisions\/196"}],"wp:attachment":[{"href":"https:\/\/sisu.ut.ee\/elektroonika\/wp-json\/wp\/v2\/media?parent=73"}],"curies":[{"name":"wp","href":"https:\/\/api.w.org\/{rel}","templated":true}]}}