{"id":68,"date":"2024-04-04T03:04:48","date_gmt":"2024-04-04T00:04:48","guid":{"rendered":"https:\/\/sisu.ut.ee\/elektroonika\/83-taimeri-reset\/"},"modified":"2024-04-04T03:05:53","modified_gmt":"2024-04-04T00:05:53","slug":"83-taimeri-reset","status":"publish","type":"page","link":"https:\/\/sisu.ut.ee\/elektroonika\/83-taimeri-reset\/","title":{"rendered":"8.3. Taimeri reset"},"content":{"rendered":"<p>Senistes skeemides oleme 555 taimerit kasutanud nii, et tema v\u00e4ljaviik 4 on alati olnud \u00fchendatud skeemi toitega, kas +6V v\u00f5i +9V. See v\u00e4ljaviik on mikroskeemi sisend ja teda saab kasutada genereerimise peatamiseks e. taimeri v\u00e4ljal\u00fclitamiseks. Selles loengus m\u00f5\u00f5dame, missuduse pingega taimer v\u00e4lja l\u00fclitub. J\u00e4rgmistes loengutes n\u00e4itame, kuidas taimerit v\u00e4lja l\u00fclitada valguse abil.<\/p>\n<p style=\"text-align: center\"><\/p><div class=\"ratio ratio-16x9 mb-3\"><div class=\"video-placeholder-wrapper video-placeholder-wrapper--16x9\">\n\t\t\t    <div class=\"video-placeholder d-flex justify-content-center align-items-center\">\n\t\t\t        <div class=\"overlay text-white p-2 w-100 text-center d-block justify-content-center align-items-center\">\n\t\t\t            <div>Kolmandate osapoolte sisu n\u00e4gemiseks palun n\u00f5ustu k\u00fcpsistega.<\/div>\n\t\t\t            <button class=\"btn btn-secondary btn-sm mt-1 consent-change\">Muuda n\u00f5usolekut<\/button>\n\t\t\t        <\/div>\n\t\t\t    <\/div>\n\t\t\t<\/div>\n<\/div>\u00a0\n<p style=\"text-align: center\"><a href=\"https:\/\/youtu.be\/JwPVh5mBvbQ\" target=\"_blank\" rel=\"noopener\">https:\/\/youtu.be\/JwPVh5mBvbQ<\/a><\/p>\n<p>\u00a0<\/p>\n<p>Praktilise t\u00f6\u00f6 jaoks vajad j\u00e4rgmisi vahendeid:<\/p>\n<ul>\n<li>multimeeter<\/li>\n<li>makettplaat<\/li>\n<li>6V vooluallikas<\/li>\n<li>555 taimer<\/li>\n<li>potentsiomeetrid<\/li>\n<li>takistid<\/li>\n<li>kondensaatorid<\/li>\n<li>juhtmed<\/li>\n<li>valgusdioodid<\/li>\n<\/ul>\n<h5><img loading=\"lazy\" decoding=\"async\" width=\"40\" height=\"40\" class=\"alignnone wp-image-79\" style=\"margin-left: 10px;margin-right: 10px\" src=\"https:\/\/sisu.ut.ee\/wp-content\/uploads\/sites\/189\/katse.png\" title=\"katse.png\" alt=\"katse.png\">\u00a0Tee kaasa!<\/h5>\n<p>M\u00f5\u00f5da, millise pinge korral 555 taimer v\u00e4lja l\u00fclitub, kui toitepinge on: A) 6V; B) 9V.<\/p>\n<p>Kas v\u00e4ljal\u00fclitamispinge oleneb toitepingest?<\/p>\n","protected":false},"excerpt":{"rendered":"<p>Senistes skeemides oleme 555 taimerit kasutanud nii, et tema v\u00e4ljaviik 4 on alati olnud \u00fchendatud skeemi toitega, kas +6V v\u00f5i +9V. See v\u00e4ljaviik on mikroskeemi sisend ja teda saab kasutada genereerimise peatamiseks e. taimeri v\u00e4ljal\u00fclitamiseks. Selles loengus m\u00f5\u00f5dame, missuduse pingega &#8230;<\/p>\n","protected":false},"author":93,"featured_media":0,"parent":0,"menu_order":0,"comment_status":"closed","ping_status":"closed","template":"","meta":{"_acf_changed":false,"inline_featured_image":false,"footnotes":""},"class_list":["post-68","page","type-page","status-publish","hentry"],"acf":[],"_links":{"self":[{"href":"https:\/\/sisu.ut.ee\/elektroonika\/wp-json\/wp\/v2\/pages\/68","targetHints":{"allow":["GET"]}}],"collection":[{"href":"https:\/\/sisu.ut.ee\/elektroonika\/wp-json\/wp\/v2\/pages"}],"about":[{"href":"https:\/\/sisu.ut.ee\/elektroonika\/wp-json\/wp\/v2\/types\/page"}],"author":[{"embeddable":true,"href":"https:\/\/sisu.ut.ee\/elektroonika\/wp-json\/wp\/v2\/users\/93"}],"replies":[{"embeddable":true,"href":"https:\/\/sisu.ut.ee\/elektroonika\/wp-json\/wp\/v2\/comments?post=68"}],"version-history":[{"count":1,"href":"https:\/\/sisu.ut.ee\/elektroonika\/wp-json\/wp\/v2\/pages\/68\/revisions"}],"predecessor-version":[{"id":210,"href":"https:\/\/sisu.ut.ee\/elektroonika\/wp-json\/wp\/v2\/pages\/68\/revisions\/210"}],"wp:attachment":[{"href":"https:\/\/sisu.ut.ee\/elektroonika\/wp-json\/wp\/v2\/media?parent=68"}],"curies":[{"name":"wp","href":"https:\/\/api.w.org\/{rel}","templated":true}]}}