{"id":63,"date":"2024-04-04T03:04:48","date_gmt":"2024-04-04T00:04:48","guid":{"rendered":"https:\/\/sisu.ut.ee\/elektroonika\/65-zeneri-diood\/"},"modified":"2024-04-04T03:05:53","modified_gmt":"2024-04-04T00:05:53","slug":"65-zeneri-diood","status":"publish","type":"page","link":"https:\/\/sisu.ut.ee\/elektroonika\/65-zeneri-diood\/","title":{"rendered":"6.5. Zeneri diood"},"content":{"rendered":"<p>Eelmistes loengutes tegelesime tavalise alaldusdioodiga. Selles loengus uurime \u00fchte erilist dioodi, mida nimetatakse Zeneri dioodiks e. stabilitroniks. Zeneri dioodi k\u00f5ige levinum kasutusala on pingestabilisaator. Tema abil saab pinget muuta stabiilseks veidi madalamaks pingeks. Selles videos n\u00e4itame, kuidas arvutada Zeneri dioodiga jadamisi oleva takisti takistus ja v\u00f5imsus nii, et uus pinge oleks stabiilne ja et Zeneri diood v\u00f5i m\u00f5ni takisti l\u00e4bi ei p\u00f5leks.<\/p>\n<p style=\"text-align: center\"><\/p><div class=\"ratio ratio-16x9 mb-3\"><div class=\"video-placeholder-wrapper video-placeholder-wrapper--16x9\">\n\t\t\t    <div class=\"video-placeholder d-flex justify-content-center align-items-center\">\n\t\t\t        <div class=\"overlay text-white p-2 w-100 text-center d-block justify-content-center align-items-center\">\n\t\t\t            <div>Kolmandate osapoolte sisu n\u00e4gemiseks palun n\u00f5ustu k\u00fcpsistega.<\/div>\n\t\t\t            <button class=\"btn btn-secondary btn-sm mt-1 consent-change\">Muuda n\u00f5usolekut<\/button>\n\t\t\t        <\/div>\n\t\t\t    <\/div>\n\t\t\t<\/div>\n<\/div>\n<p style=\"text-align: center\"><a href=\"https:\/\/youtu.be\/QUGQdrnIHbE\" target=\"_blank\" rel=\"noopener\">https:\/\/youtu.be\/QUGQdrnIHbE<\/a><\/p>\n<p>Praktilise t\u00f6\u00f6 jaoks vajad j\u00e4rgmisi vahendeid:<\/p>\n<ul>\n<li>multimeeter<\/li>\n<li>makettplaat<\/li>\n<li>vooluallikas<\/li>\n<li>Zeneri diood<\/li>\n<li>takistid<\/li>\n<li>juhtmed<\/li>\n<\/ul>\n<h5><img loading=\"lazy\" decoding=\"async\" width=\"40\" height=\"40\" class=\"alignnone wp-image-79\" style=\"margin-left: 10px;margin-right: 10px\" src=\"https:\/\/sisu.ut.ee\/wp-content\/uploads\/sites\/189\/katse.png\" title=\"katse.png\" alt=\"katse.png\">Tee kaasa!<\/h5>\n<p>Selles videos on ainult peaaegu ainult arvutused. Koosta makettplaadil Zeneri dioodiga pingestabilisaator, mille v\u00e4ljundis on paralleelselt mitu valgusdioodi koos vastavate takistitega.<\/p>\n<p>Arvuta R<sub>s<\/sub> v\u00e4\u00e4rtus kolme erineva sisendpinge jaoks ja kontrolli, kas igal korral on stabiliseeritud pinge \u00f5ige:<\/p>\n<ul>\n<li>6V<\/li>\n<li>9V<\/li>\n<li>15V (6V ja 9V vooluallikad jadamisi)<\/li>\n<\/ul>\n","protected":false},"excerpt":{"rendered":"<p>Eelmistes loengutes tegelesime tavalise alaldusdioodiga. Selles loengus uurime \u00fchte erilist dioodi, mida nimetatakse Zeneri dioodiks e. stabilitroniks. Zeneri dioodi k\u00f5ige levinum kasutusala on pingestabilisaator. Tema abil saab pinget muuta stabiilseks veidi madalamaks pingeks. Selles videos n\u00e4itame, kuidas arvutada Zeneri dioodiga &#8230;<\/p>\n","protected":false},"author":93,"featured_media":0,"parent":0,"menu_order":0,"comment_status":"closed","ping_status":"closed","template":"","meta":{"_acf_changed":false,"inline_featured_image":false,"footnotes":""},"class_list":["post-63","page","type-page","status-publish","hentry"],"acf":[],"_links":{"self":[{"href":"https:\/\/sisu.ut.ee\/elektroonika\/wp-json\/wp\/v2\/pages\/63","targetHints":{"allow":["GET"]}}],"collection":[{"href":"https:\/\/sisu.ut.ee\/elektroonika\/wp-json\/wp\/v2\/pages"}],"about":[{"href":"https:\/\/sisu.ut.ee\/elektroonika\/wp-json\/wp\/v2\/types\/page"}],"author":[{"embeddable":true,"href":"https:\/\/sisu.ut.ee\/elektroonika\/wp-json\/wp\/v2\/users\/93"}],"replies":[{"embeddable":true,"href":"https:\/\/sisu.ut.ee\/elektroonika\/wp-json\/wp\/v2\/comments?post=63"}],"version-history":[{"count":1,"href":"https:\/\/sisu.ut.ee\/elektroonika\/wp-json\/wp\/v2\/pages\/63\/revisions"}],"predecessor-version":[{"id":205,"href":"https:\/\/sisu.ut.ee\/elektroonika\/wp-json\/wp\/v2\/pages\/63\/revisions\/205"}],"wp:attachment":[{"href":"https:\/\/sisu.ut.ee\/elektroonika\/wp-json\/wp\/v2\/media?parent=63"}],"curies":[{"name":"wp","href":"https:\/\/api.w.org\/{rel}","templated":true}]}}