{"id":60,"date":"2024-04-04T03:04:48","date_gmt":"2024-04-04T00:04:48","guid":{"rendered":"https:\/\/sisu.ut.ee\/elektroonika\/7-transistor\/"},"modified":"2024-04-04T03:05:53","modified_gmt":"2024-04-04T00:05:53","slug":"7-transistor","status":"publish","type":"page","link":"https:\/\/sisu.ut.ee\/elektroonika\/7-transistor\/","title":{"rendered":"7. Transistor"},"content":{"rendered":"<p><span id=\"docs-internal-guid-5797e69e-36ff-41aa-f7f2-381d53f82677\"><span>Transistor on v\u00e4ga levinud elektroonikakomponent, mida on miljoneid t\u00e4nap\u00e4eva mikroskeemides. Transistore kasutatakse ka eraldi, mitte ainult mikroskeemide osana. Kui peaks valima k\u00f5ige t\u00e4htsama elektroonikakomponendi \u00fcldse, siis see v\u00f5iks vabalt olla transistor. Ehkki erinevaid transistorite t\u00fc\u00fcpe on v\u00e4ga palju, vaatleme selles videokursuses ainult <\/span><span><strong>bipolaartransistore<\/strong>.<\/span><\/span><\/p>\n","protected":false},"excerpt":{"rendered":"<p>Transistor on v\u00e4ga levinud elektroonikakomponent, mida on miljoneid t\u00e4nap\u00e4eva mikroskeemides. Transistore kasutatakse ka eraldi, mitte ainult mikroskeemide osana. Kui peaks valima k\u00f5ige t\u00e4htsama elektroonikakomponendi \u00fcldse, siis see v\u00f5iks vabalt olla transistor. Ehkki erinevaid transistorite t\u00fc\u00fcpe on v\u00e4ga palju, vaatleme selles &#8230;<\/p>\n","protected":false},"author":93,"featured_media":0,"parent":0,"menu_order":0,"comment_status":"closed","ping_status":"closed","template":"","meta":{"_acf_changed":false,"inline_featured_image":false,"footnotes":""},"class_list":["post-60","page","type-page","status-publish","hentry"],"acf":[],"_links":{"self":[{"href":"https:\/\/sisu.ut.ee\/elektroonika\/wp-json\/wp\/v2\/pages\/60","targetHints":{"allow":["GET"]}}],"collection":[{"href":"https:\/\/sisu.ut.ee\/elektroonika\/wp-json\/wp\/v2\/pages"}],"about":[{"href":"https:\/\/sisu.ut.ee\/elektroonika\/wp-json\/wp\/v2\/types\/page"}],"author":[{"embeddable":true,"href":"https:\/\/sisu.ut.ee\/elektroonika\/wp-json\/wp\/v2\/users\/93"}],"replies":[{"embeddable":true,"href":"https:\/\/sisu.ut.ee\/elektroonika\/wp-json\/wp\/v2\/comments?post=60"}],"version-history":[{"count":1,"href":"https:\/\/sisu.ut.ee\/elektroonika\/wp-json\/wp\/v2\/pages\/60\/revisions"}],"predecessor-version":[{"id":202,"href":"https:\/\/sisu.ut.ee\/elektroonika\/wp-json\/wp\/v2\/pages\/60\/revisions\/202"}],"wp:attachment":[{"href":"https:\/\/sisu.ut.ee\/elektroonika\/wp-json\/wp\/v2\/media?parent=60"}],"curies":[{"name":"wp","href":"https:\/\/api.w.org\/{rel}","templated":true}]}}