{"id":6,"date":"2024-04-04T03:04:44","date_gmt":"2024-04-04T00:04:44","guid":{"rendered":"https:\/\/sisu.ut.ee\/elektroonika\/23-takistuse-mootmine-multimeetriga\/"},"modified":"2024-04-04T03:05:54","modified_gmt":"2024-04-04T00:05:54","slug":"23-takistuse-mootmine-multimeetriga","status":"publish","type":"page","link":"https:\/\/sisu.ut.ee\/elektroonika\/23-takistuse-mootmine-multimeetriga\/","title":{"rendered":"2.3. Takistuse m\u00f5\u00f5tmine multimeetriga"},"content":{"rendered":"<p><span data-mce-mark=\"1\">Selles loengus \u00f5pime, kuidas m\u00f5\u00f5ta takisti v\u00e4\u00e4rtust v\u00f5imalikult t\u00e4pselt multimeetriga. Selleks valime k\u00f5igepealt takistuse m\u00f5\u00f5tmise m\u00f5\u00f5tepiirkonna ning kontrollime, kas multimeetri juhtmed on korras. Korrasolekut saab kontrollida, kui multimeeter on takistuse m\u00f5\u00f5tmise piirkonna peal ning juhtmete kokku \u00fchendamisel peab n\u00e4it olema ligikaudu 0 \u2126. Seej\u00e4rel tuleb multimeetri juhtmed \u00fchendada takistiga ning m\u00f5\u00f5tepiirkonda reguleerida selliselt, et oleks v\u00f5imalikult madal piirkond, kuid samas ei tohi m\u00f5\u00f5detav takistus m\u00f5\u00f5tepiirkonda \u00fcletada. <\/span><\/p>\n<p>Praktilise t\u00f6\u00f6 jaoks vajad j\u00e4rgmisi vahendeid:<\/p>\n<ul>\n<li>multimeeter<\/li>\n<li>makettplaat<\/li>\n<li>m\u00f5\u00f5detavad takistid\u00a0<\/li>\n<\/ul>\n<p style=\"text-align: center\"><\/p><div class=\"ratio ratio-16x9 mb-3\"><div class=\"video-placeholder-wrapper video-placeholder-wrapper--16x9\">\n\t\t\t    <div class=\"video-placeholder d-flex justify-content-center align-items-center\">\n\t\t\t        <div class=\"overlay text-white p-2 w-100 text-center d-block justify-content-center align-items-center\">\n\t\t\t            <div>Kolmandate osapoolte sisu n\u00e4gemiseks palun n\u00f5ustu k\u00fcpsistega.<\/div>\n\t\t\t            <button class=\"btn btn-secondary btn-sm mt-1 consent-change\">Muuda n\u00f5usolekut<\/button>\n\t\t\t        <\/div>\n\t\t\t    <\/div>\n\t\t\t<\/div>\n<\/div>\n<p style=\"text-align: center\"><span id=\"docs-internal-guid-c89b93f7-173f-cf41-2226-fca6cbdc9d6c\" data-mce-mark=\"1\"><span data-mce-mark=\"1\"><a href=\"https:\/\/www.youtube.com\/watch?v=ObPBPWq2ys8\" target=\"_blank\" rel=\"noopener\">https:\/\/www.youtube.com\/watch?v=ObPBPWq2ys8<\/a><\/span><\/span><\/p>\n<h5 style=\"text-align: left\"><span data-mce-mark=\"1\"><span data-mce-mark=\"1\"><img loading=\"lazy\" decoding=\"async\" width=\"40\" height=\"40\" class=\"alignnone wp-image-79\" style=\"margin-left: 10px;margin-right: 10px\" src=\"https:\/\/sisu.ut.ee\/wp-content\/uploads\/sites\/189\/katse.png\" title=\"katse.png\" alt=\"katse.png\">Tee kaasa!<\/span><\/span><\/h5>\n<p style=\"text-align: left\"><span data-mce-mark=\"1\"><span data-mce-mark=\"1\"> M\u00f5\u00f5da \u00f5ppekomplektis olevaid takisteid ning leia m\u00f5\u00f5tmise teel nende hulgast 10 \u2126, 15 k\u2126 ja 22 k\u2126 takistid.<\/span><\/span><\/p>\n<p style=\"text-align: left\"><\/p><div class=\"accordion mb-3\">\n        <div class=\"accordion-item accordion-item--white\">\n        <h2 class=\"accordion-header\" id=\"accordion-69f51289af926-heading\">\n            <button class=\"accordion-button collapsed\" type=\"button\" data-bs-toggle=\"collapse\" data-bs-target=\"#accordion-69f51289af926-collapse\" aria-expanded=\"true\" aria-controls=\"accordion-69f51289af926-collapse\">Vastus<\/button>\n        <\/h2>\n        <div id=\"accordion-69f51289af926-collapse\" class=\"accordion-collapse collapse\" aria-labelledby=\"accordion-69f51289af926-heading\">\n            <div class=\"accordion-body\">\n<p><span data-mce-mark=\"1\">M\u00f5\u00f5detud tulemusi saab kontrollida takisti v\u00e4rvikoodi j\u00e4rgi:<\/span><\/p>\n<ul>\n<li>10 \u2126 takisti peal on triibud: pruun, must, must, kuldne<\/li>\n<li>15 k\u2126 takisti peal on triibud: pruun, roheline, oran\u017e, kuldne<\/li>\n<li>22 k\u2126 takisti peal on triibud: punane, punane, oran\u017e, kuldne<\/li>\n<\/ul>\n<p>\u00a0<\/p><\/div>\n        <\/div>\n        <\/div>\n    <\/div>\n","protected":false},"excerpt":{"rendered":"<p>Selles loengus \u00f5pime, kuidas m\u00f5\u00f5ta takisti v\u00e4\u00e4rtust v\u00f5imalikult t\u00e4pselt multimeetriga. Selleks valime k\u00f5igepealt takistuse m\u00f5\u00f5tmise m\u00f5\u00f5tepiirkonna ning kontrollime, kas multimeetri juhtmed on korras. Korrasolekut saab kontrollida, kui multimeeter on takistuse m\u00f5\u00f5tmise piirkonna peal ning juhtmete kokku \u00fchendamisel peab n\u00e4it olema &#8230;<\/p>\n","protected":false},"author":93,"featured_media":0,"parent":0,"menu_order":0,"comment_status":"closed","ping_status":"closed","template":"","meta":{"_acf_changed":false,"inline_featured_image":false,"footnotes":""},"class_list":["post-6","page","type-page","status-publish","hentry"],"acf":[],"_links":{"self":[{"href":"https:\/\/sisu.ut.ee\/elektroonika\/wp-json\/wp\/v2\/pages\/6","targetHints":{"allow":["GET"]}}],"collection":[{"href":"https:\/\/sisu.ut.ee\/elektroonika\/wp-json\/wp\/v2\/pages"}],"about":[{"href":"https:\/\/sisu.ut.ee\/elektroonika\/wp-json\/wp\/v2\/types\/page"}],"author":[{"embeddable":true,"href":"https:\/\/sisu.ut.ee\/elektroonika\/wp-json\/wp\/v2\/users\/93"}],"replies":[{"embeddable":true,"href":"https:\/\/sisu.ut.ee\/elektroonika\/wp-json\/wp\/v2\/comments?post=6"}],"version-history":[{"count":1,"href":"https:\/\/sisu.ut.ee\/elektroonika\/wp-json\/wp\/v2\/pages\/6\/revisions"}],"predecessor-version":[{"id":261,"href":"https:\/\/sisu.ut.ee\/elektroonika\/wp-json\/wp\/v2\/pages\/6\/revisions\/261"}],"wp:attachment":[{"href":"https:\/\/sisu.ut.ee\/elektroonika\/wp-json\/wp\/v2\/media?parent=6"}],"curies":[{"name":"wp","href":"https:\/\/api.w.org\/{rel}","templated":true}]}}