{"id":58,"date":"2024-04-04T03:04:48","date_gmt":"2024-04-04T00:04:48","guid":{"rendered":"https:\/\/sisu.ut.ee\/elektroonika\/3-kondensaator\/"},"modified":"2024-04-04T03:05:53","modified_gmt":"2024-04-04T00:05:53","slug":"3-kondensaator","status":"publish","type":"page","link":"https:\/\/sisu.ut.ee\/elektroonika\/3-kondensaator\/","title":{"rendered":"3. Kondensaator"},"content":{"rendered":"<p><span id=\"docs-internal-guid-c89b93f7-f96c-3a48-78e7-ce84311bb4da\"><span>Selle peat\u00fcki pealkiri on k\u00fcll kondensaator, aga ainult kondensaatoriga tegelemine l\u00e4heb ruttu igavaks. N\u00fc\u00fcd seame eesm\u00e4rgiks valmis teha vilkuvaid-piiksuvaid elektroonikaseadmeid. Selleks tuleb vahepeal omandada elementaarsed teadmised ka mitmetest teistest elektroonikakomponentidest \u00a0\u2013 \u00a0valgusdioodidest, valjuh\u00e4\u00e4lditest ja mikroskeemidest. Seep\u00e4rast alustame hoopis valgusdioodiga.<\/span><\/span><\/p>\n","protected":false},"excerpt":{"rendered":"<p>Selle peat\u00fcki pealkiri on k\u00fcll kondensaator, aga ainult kondensaatoriga tegelemine l\u00e4heb ruttu igavaks. N\u00fc\u00fcd seame eesm\u00e4rgiks valmis teha vilkuvaid-piiksuvaid elektroonikaseadmeid. Selleks tuleb vahepeal omandada elementaarsed teadmised ka mitmetest teistest elektroonikakomponentidest \u00a0\u2013 \u00a0valgusdioodidest, valjuh\u00e4\u00e4lditest ja mikroskeemidest. Seep\u00e4rast alustame hoopis valgusdioodiga.<\/p>\n","protected":false},"author":93,"featured_media":0,"parent":0,"menu_order":0,"comment_status":"closed","ping_status":"closed","template":"","meta":{"_acf_changed":false,"inline_featured_image":false,"footnotes":""},"class_list":["post-58","page","type-page","status-publish","hentry"],"acf":[],"_links":{"self":[{"href":"https:\/\/sisu.ut.ee\/elektroonika\/wp-json\/wp\/v2\/pages\/58","targetHints":{"allow":["GET"]}}],"collection":[{"href":"https:\/\/sisu.ut.ee\/elektroonika\/wp-json\/wp\/v2\/pages"}],"about":[{"href":"https:\/\/sisu.ut.ee\/elektroonika\/wp-json\/wp\/v2\/types\/page"}],"author":[{"embeddable":true,"href":"https:\/\/sisu.ut.ee\/elektroonika\/wp-json\/wp\/v2\/users\/93"}],"replies":[{"embeddable":true,"href":"https:\/\/sisu.ut.ee\/elektroonika\/wp-json\/wp\/v2\/comments?post=58"}],"version-history":[{"count":1,"href":"https:\/\/sisu.ut.ee\/elektroonika\/wp-json\/wp\/v2\/pages\/58\/revisions"}],"predecessor-version":[{"id":200,"href":"https:\/\/sisu.ut.ee\/elektroonika\/wp-json\/wp\/v2\/pages\/58\/revisions\/200"}],"wp:attachment":[{"href":"https:\/\/sisu.ut.ee\/elektroonika\/wp-json\/wp\/v2\/media?parent=58"}],"curies":[{"name":"wp","href":"https:\/\/api.w.org\/{rel}","templated":true}]}}