{"id":56,"date":"2024-04-04T03:04:47","date_gmt":"2024-04-04T00:04:47","guid":{"rendered":"https:\/\/sisu.ut.ee\/elektroonika\/1-vool-ja-pinge\/"},"modified":"2024-04-04T03:05:53","modified_gmt":"2024-04-04T00:05:53","slug":"1-vool-ja-pinge","status":"publish","type":"page","link":"https:\/\/sisu.ut.ee\/elektroonika\/1-vool-ja-pinge\/","title":{"rendered":"1. Vool ja pinge"},"content":{"rendered":"<p>Elektrivool ja -pinge on kaks peamist suurust, mis m\u00f5jutavad elektrivooluahelate toimimist. Suure voolutugevuse korral ei pea juhtmed ja komponendid vastu, suur pinge l\u00f5hub \u00e4ra meie seadmed. Aga mis t\u00e4psemalt on elektrivool ja -pinge? Kuidas neid ette kujutada?<\/p>\n<p>J\u00e4rgnevalt seletatakse elektrivoolu- ja pinge t\u00e4hendust juhtmes veetorustiku n\u00e4itel. Lisaks vaatame, mis on makettplaat ning kuidas seda kasutada. Teema l\u00f5petab taskulambist vea otsimine. Selle teema l\u00e4bimine on eelduseks tervele kursusele \u2013 ilma nende teadmisteta v\u00f5id edaspidi h\u00e4tta j\u00e4\u00e4da.<\/p>\n","protected":false},"excerpt":{"rendered":"<p>Elektrivool ja -pinge on kaks peamist suurust, mis m\u00f5jutavad elektrivooluahelate toimimist. Suure voolutugevuse korral ei pea juhtmed ja komponendid vastu, suur pinge l\u00f5hub \u00e4ra meie seadmed. Aga mis t\u00e4psemalt on elektrivool ja -pinge? Kuidas neid ette kujutada? J\u00e4rgnevalt seletatakse elektrivoolu- &#8230;<\/p>\n","protected":false},"author":93,"featured_media":0,"parent":0,"menu_order":0,"comment_status":"closed","ping_status":"closed","template":"","meta":{"_acf_changed":false,"inline_featured_image":false,"footnotes":""},"class_list":["post-56","page","type-page","status-publish","hentry"],"acf":[],"_links":{"self":[{"href":"https:\/\/sisu.ut.ee\/elektroonika\/wp-json\/wp\/v2\/pages\/56","targetHints":{"allow":["GET"]}}],"collection":[{"href":"https:\/\/sisu.ut.ee\/elektroonika\/wp-json\/wp\/v2\/pages"}],"about":[{"href":"https:\/\/sisu.ut.ee\/elektroonika\/wp-json\/wp\/v2\/types\/page"}],"author":[{"embeddable":true,"href":"https:\/\/sisu.ut.ee\/elektroonika\/wp-json\/wp\/v2\/users\/93"}],"replies":[{"embeddable":true,"href":"https:\/\/sisu.ut.ee\/elektroonika\/wp-json\/wp\/v2\/comments?post=56"}],"version-history":[{"count":1,"href":"https:\/\/sisu.ut.ee\/elektroonika\/wp-json\/wp\/v2\/pages\/56\/revisions"}],"predecessor-version":[{"id":227,"href":"https:\/\/sisu.ut.ee\/elektroonika\/wp-json\/wp\/v2\/pages\/56\/revisions\/227"}],"wp:attachment":[{"href":"https:\/\/sisu.ut.ee\/elektroonika\/wp-json\/wp\/v2\/media?parent=56"}],"curies":[{"name":"wp","href":"https:\/\/api.w.org\/{rel}","templated":true}]}}