{"id":54,"date":"2024-04-04T03:04:47","date_gmt":"2024-04-04T00:04:47","guid":{"rendered":"https:\/\/sisu.ut.ee\/elektroonika\/avaleht\/"},"modified":"2024-04-12T13:09:49","modified_gmt":"2024-04-12T10:09:49","slug":"avaleht","status":"publish","type":"page","link":"https:\/\/sisu.ut.ee\/elektroonika\/","title":{"rendered":"Avaleht"},"content":{"rendered":"<p><img loading=\"lazy\" decoding=\"async\" class=\" wp-image-124 alignright\" src=\"https:\/\/sisu.ut.ee\/wp-content\/uploads\/sites\/189\/kvm_logo_2018_ymar.png\" alt=\"\" width=\"159\" height=\"165\">Sa oled poiss v\u00f5i t\u00fcdruk, oled kooli l\u00f5petanud v\u00f5i \u00f5pid, sul on huvi avastada, mis on elektroonika, kuid pole kindel, kust alustada? Soovid rohkem teada elektroonikast, luua isikliku turvas\u00fcsteemi v\u00f5i muuta oma riided stiilseks lahedate valgusefektide abil? Kursus \u201cElektroonikast puust ja punaseks\u201d on just Sulle!<\/p>\n<p>Uuri elektroonikavaldkonda d\u00fcnaamilisel ning haaraval viisil, kus sisu ja \u00fclesanded sobituvad ideaalselt sinu huvi ja loovusega. Hangi juurde v\u00e4\u00e4rtuslikke teadmisi, oskusi ning kogemusi ja sukeldu elektroonika komponentide, liideste ning p\u00f5him\u00f5tete maailma.<\/p>\n<p>Teooria ja praktilised tegevused koos seletavate m\u00e4rkustega on videotes seotud v\u00f5luval viisil, kindlustades, et saaksid osaks t\u00e4ielikust \u00f5pikogemusest. Kursuse peat\u00fckid on hoolikalt valitud, et tagada ulatuslik esmane maailmapilt elektroonikast ning v\u00f5imaldada Sinul teha teoks oma m\u00f5tteid ning miks mitte ka esimesed sammud insenerikarj\u00e4\u00e4ri suunas.<\/p>\n<p style=\"text-align: left;\"><\/p><div class=\"ratio ratio-16x9 mb-3\"><div class=\"video-placeholder-wrapper video-placeholder-wrapper--16x9\">\n\t\t\t    <div class=\"video-placeholder d-flex justify-content-center align-items-center\">\n\t\t\t        <div class=\"overlay text-white p-2 w-100 text-center d-block justify-content-center align-items-center\">\n\t\t\t            <div>Kolmandate osapoolte sisu n\u00e4gemiseks palun n\u00f5ustu k\u00fcpsistega.<\/div>\n\t\t\t            <button class=\"btn btn-secondary btn-sm mt-1 consent-change\">Muuda n\u00f5usolekut<\/button>\n\t\t\t        <\/div>\n\t\t\t    <\/div>\n\t\t\t<\/div>\n<\/div>\n<h3 style=\"text-align: center;\">Kursus toimub\u00a004. m\u00e4rts \u2013 14. aprill 2019 T\u00dc Moodle\u2019i keskkonnas <span style=\"color: #ffffff;\"><a style=\"color: #ffffff;\" href=\"https:\/\/moodle.ut.ee\/course\/view.php?id=4591\" target=\"_blank\" rel=\"noopener\">https:\/\/moodle.ut.ee<\/a><\/span><\/h3>\n<p style=\"text-align: left;\"><strong>Praktiliste t\u00f6\u00f6de jaoks vajad Sa elektroonikakomponente ja multimeetrit. T\u00e4psemalt vaata lehelt\u00a0<a href=\"https:\/\/sisu.ut.ee\/elektroonika\/tehnilised-vahendid-0\">Tehnilised vahendid.\u00a0\u00a0<\/a><br>\n<\/strong><\/p>\n<p><strong>Lae alla poster (<\/strong><a href=\"https:\/\/sisu.ut.ee\/wp-content\/uploads\/sites\/189\/elektroonika_mooc.png\"><strong>v\u00e4iksem<\/strong><\/a><strong>,\u00a0<a href=\"https:\/\/sisu.ut.ee\/wp-content\/uploads\/sites\/189\/elektroonika_mooc_300dpi.png\">suurem<\/a>).<\/strong><\/p>\n<h3 style=\"text-align: center;\">Registreerumine on avatud 11. veebruar \u2013 04. m\u00e4rts 2019<br>\n<span style=\"color: #ffffff;\"><a style=\"color: #ffffff;\" href=\"https:\/\/www.is.ut.ee\/pls\/ois\/!tere.tulemast?kood=LTTI.TK.001&amp;id_eelm_kontaktisik=125249&amp;leht=OK.AY.VP&amp;id_ay_programm=46907&amp;id_ay_toimumine=62678&amp;kordi_pealehel=5&amp;systeemi_seaded=10,1,12,1,&amp;viida%20kaudu=1&amp;sessioon=0\" target=\"_blank\" rel=\"noopener\">Mine registreeruma!<\/a><\/span><\/h3>\n<p>Kursus toimub t\u00e4ielikult veebip\u00f5hisena, kokku 6 n\u00e4dalat. Kursuse maht on 2 EAP ehk ca 52 tundi. Igal n\u00e4dalal pead planeerima \u00f5ppimiseks umbes 8-9 tundi Sulle sobival ajal.\u00a0Hinnatavad \u00fclesanded edukalt sooritanuna saad Tartu \u00dclikooli digitaalse tunnistuse.<\/p>\n<p>Kursuse l\u00e4binuna:<\/p>\n<ul>\n<li>saad aru, mis on pinge ja voolutugevus;<\/li>\n<li>saad aru elektriskeemide ideest ja tingm\u00e4rkidest;<\/li>\n<li>oskad multimeetriga m\u00f5\u00f5ta pinget, voolutugevust, takistust, l\u00fchist, katkestust;<\/li>\n<li>tunned ja oskad rakendada Ohmi seadust ja takistit, kondensaatorit, dioodi, servomootorit ja DC toiteallikaid;<\/li>\n<li>samuti oskad olemasoleva skeemi j\u00e4rgi lihtsamat elektroonikaseadet kokku panna ning selle t\u00f6\u00f6d kontrollida.<\/li>\n<\/ul>\n<p>Kursuse materjalid on avalikult k\u00f5igile k\u00e4ttesaadavad ja on jaotatud 8 suuremaks teemaks. Iga teema alamlehtedel on l\u00fchike sissejuhatus, \u00f5ppevideo ning \u00fclesanded ise kaasa m\u00f5tlemiseks v\u00f5i harjutamiseks.<\/p>\n<p>Kursusel osalemine on tasuta, kuid ostes poest v\u00f5i tellides kursuse korraldajatelt k\u00f5ik vajalikud tehnilised vahendid, on kulu umbes 35 EURi.<\/p>\n<p>Registreerunutele saadetakse kursuse esimesel p\u00e4eval e-kiri juhistega, kuidas Moodle\u2019i keskkonda siseneda.<\/p>\n<p>Kursuse loojateks on Alvo Aabloo, Andres Punning, J\u00fcri Vedru, Heilo Altin, Teet Tilk, Artur Abels. Nad k\u00f5ik on Tartu \u00dclikoolist ning huvi elektroonika ja robootika vastu on nad kokku toonud. Igap\u00e4evaselt tegeleb Alvo intelligentsete materjalide labori juhtimisega, Andres tehislihaste uurimisega ning Heilo koolirobootikaga. Emeriitdotsent J\u00fcri Vedru aga on elektroonikaga tegelnud\u00a0ja seda Tartu \u00dclikoolis \u00f5petanud juba \u00fcle 50 aasta.\u00a0Teet ning Artur on Tartu \u00dclikoolis elektroonikat \u00f5petanud\u00a0k\u00fcmmekond aastat.<\/p>\n","protected":false},"excerpt":{"rendered":"<p>Sa oled poiss v\u00f5i t\u00fcdruk, oled kooli l\u00f5petanud v\u00f5i \u00f5pid, sul on huvi avastada, mis on elektroonika, kuid pole kindel, kust alustada? Soovid rohkem teada elektroonikast, luua isikliku turvas\u00fcsteemi v\u00f5i muuta oma riided stiilseks lahedate valgusefektide abil? Kursus \u201cElektroonikast puust &#8230;<\/p>\n","protected":false},"author":93,"featured_media":0,"parent":0,"menu_order":0,"comment_status":"closed","ping_status":"closed","template":"","meta":{"_acf_changed":false,"inline_featured_image":false,"footnotes":""},"class_list":["post-54","page","type-page","status-publish","hentry"],"acf":[],"_links":{"self":[{"href":"https:\/\/sisu.ut.ee\/elektroonika\/wp-json\/wp\/v2\/pages\/54","targetHints":{"allow":["GET"]}}],"collection":[{"href":"https:\/\/sisu.ut.ee\/elektroonika\/wp-json\/wp\/v2\/pages"}],"about":[{"href":"https:\/\/sisu.ut.ee\/elektroonika\/wp-json\/wp\/v2\/types\/page"}],"author":[{"embeddable":true,"href":"https:\/\/sisu.ut.ee\/elektroonika\/wp-json\/wp\/v2\/users\/93"}],"replies":[{"embeddable":true,"href":"https:\/\/sisu.ut.ee\/elektroonika\/wp-json\/wp\/v2\/comments?post=54"}],"version-history":[{"count":10,"href":"https:\/\/sisu.ut.ee\/elektroonika\/wp-json\/wp\/v2\/pages\/54\/revisions"}],"predecessor-version":[{"id":292,"href":"https:\/\/sisu.ut.ee\/elektroonika\/wp-json\/wp\/v2\/pages\/54\/revisions\/292"}],"wp:attachment":[{"href":"https:\/\/sisu.ut.ee\/elektroonika\/wp-json\/wp\/v2\/media?parent=54"}],"curies":[{"name":"wp","href":"https:\/\/api.w.org\/{rel}","templated":true}]}}