{"id":53,"date":"2024-04-04T03:04:47","date_gmt":"2024-04-04T00:04:47","guid":{"rendered":"https:\/\/sisu.ut.ee\/elektroonika\/74-npn-ja-pnp-bipolaartransistorid\/"},"modified":"2024-04-04T03:05:53","modified_gmt":"2024-04-04T00:05:53","slug":"74-npn-ja-pnp-bipolaartransistorid","status":"publish","type":"page","link":"https:\/\/sisu.ut.ee\/elektroonika\/74-npn-ja-pnp-bipolaartransistorid\/","title":{"rendered":"7.4. NPN ja PNP bipolaartransistorid"},"content":{"rendered":"<p><span data-mce-mark=\"1\">Siiamaani oleme vaadanud ainult NPN t\u00fc\u00fcpi bipolaartransistore, aga on olemas ka PNP bipolaartransistorid. Selles videos n\u00e4itame, mille poolest nad erinevad ja millal v\u00f5iks kasutada \u00fchte v\u00f5i teist.<\/span><\/p>\n<p><span data-mce-mark=\"1\"><span data-mce-mark=\"1\"><div class=\"ratio ratio-16x9 mb-3\"><div class=\"video-placeholder-wrapper video-placeholder-wrapper--16x9\">\n\t\t\t    <div class=\"video-placeholder d-flex justify-content-center align-items-center\">\n\t\t\t        <div class=\"overlay text-white p-2 w-100 text-center d-block justify-content-center align-items-center\">\n\t\t\t            <div>Kolmandate osapoolte sisu n\u00e4gemiseks palun n\u00f5ustu k\u00fcpsistega.<\/div>\n\t\t\t            <button class=\"btn btn-secondary btn-sm mt-1 consent-change\">Muuda n\u00f5usolekut<\/button>\n\t\t\t        <\/div>\n\t\t\t    <\/div>\n\t\t\t<\/div>\n<\/div><\/span><\/span><\/p>\n<p style=\"text-align: center\"><a href=\"https:\/\/youtu.be\/QdHsCPnTJGU\" target=\"_blank\" rel=\"noopener\"><span data-mce-mark=\"1\">https:\/\/youtu.be\/QdHsCPnTJGU<\/span><\/a><\/p>\n<h5><img loading=\"lazy\" decoding=\"async\" width=\"40\" height=\"40\" class=\"alignnone wp-image-78\" style=\"margin-left: 10px;margin-right: 10px\" src=\"https:\/\/sisu.ut.ee\/wp-content\/uploads\/sites\/189\/tahtis.png\" title=\"tahtis.png\" alt=\"tahtis.png\">\u00a0J\u00e4ta meelde!<\/h5>\n<p><strong>PNP ja NPN transistorid on t\u00f6\u00f6p\u00f5him\u00f5tte poolest identsed, kuid voolusuundade poolest \u00fcksteise peegelpildid. M\u00f5lemat t\u00fc\u00fcpi transistorid avanevad kui tekib baasivool.<\/strong><\/p>\n<p><strong>NPN transistori kasutatakse kui on vaja l\u00fclitada koormuse negatiivset klemmi, ning PNP kui on vaja l\u00fclitada koormuse positiivset klemmi. Neid olukordi nimetatakse inglise keeles vastavalt \u201clow side switching\u201d ja \u201chigh side switching\u201d.<\/strong><\/p>\n","protected":false},"excerpt":{"rendered":"<p>Siiamaani oleme vaadanud ainult NPN t\u00fc\u00fcpi bipolaartransistore, aga on olemas ka PNP bipolaartransistorid. Selles videos n\u00e4itame, mille poolest nad erinevad ja millal v\u00f5iks kasutada \u00fchte v\u00f5i teist. Kolmandate osapoolte sisu n\u00e4gemiseks palun n\u00f5ustu k\u00fcpsistega. Muuda n\u00f5usolekut https:\/\/youtu.be\/QdHsCPnTJGU \u00a0J\u00e4ta meelde! PNP &#8230;<\/p>\n","protected":false},"author":93,"featured_media":0,"parent":0,"menu_order":0,"comment_status":"closed","ping_status":"closed","template":"","meta":{"_acf_changed":false,"inline_featured_image":false,"footnotes":""},"class_list":["post-53","page","type-page","status-publish","hentry"],"acf":[],"_links":{"self":[{"href":"https:\/\/sisu.ut.ee\/elektroonika\/wp-json\/wp\/v2\/pages\/53","targetHints":{"allow":["GET"]}}],"collection":[{"href":"https:\/\/sisu.ut.ee\/elektroonika\/wp-json\/wp\/v2\/pages"}],"about":[{"href":"https:\/\/sisu.ut.ee\/elektroonika\/wp-json\/wp\/v2\/types\/page"}],"author":[{"embeddable":true,"href":"https:\/\/sisu.ut.ee\/elektroonika\/wp-json\/wp\/v2\/users\/93"}],"replies":[{"embeddable":true,"href":"https:\/\/sisu.ut.ee\/elektroonika\/wp-json\/wp\/v2\/comments?post=53"}],"version-history":[{"count":1,"href":"https:\/\/sisu.ut.ee\/elektroonika\/wp-json\/wp\/v2\/pages\/53\/revisions"}],"predecessor-version":[{"id":224,"href":"https:\/\/sisu.ut.ee\/elektroonika\/wp-json\/wp\/v2\/pages\/53\/revisions\/224"}],"wp:attachment":[{"href":"https:\/\/sisu.ut.ee\/elektroonika\/wp-json\/wp\/v2\/media?parent=53"}],"curies":[{"name":"wp","href":"https:\/\/api.w.org\/{rel}","templated":true}]}}