{"id":42,"date":"2024-04-04T03:04:46","date_gmt":"2024-04-04T00:04:46","guid":{"rendered":"https:\/\/sisu.ut.ee\/elektroonika\/6-pooljuhtdiood\/"},"modified":"2024-04-04T03:05:54","modified_gmt":"2024-04-04T00:05:54","slug":"6-pooljuhtdiood","status":"publish","type":"page","link":"https:\/\/sisu.ut.ee\/elektroonika\/6-pooljuhtdiood\/","title":{"rendered":"6. Pooljuhtdiood"},"content":{"rendered":"<p><span>Diood on kahe v\u00e4ljaviiguga elektroonikakomponent, mis (ideaaljuhul) juhib voolu ainult \u00fches suunas. Tema p\u00f5hiline kasutusala on vahelduvvoolu muundamine alalisvooluks. Eristatakse elektronlamp-dioode ja pooljuhtdioode. Sellel videokursusel k\u00e4sitletakse ainult pooljuhtdioode ja nimetatakse neid l\u00fchidalt dioodideks. Selles peat\u00fckis n\u00e4itame, kuidas kaitsta elektroonikaseadet vooluallika juhuslikult valepidi \u00fchendamise eest, kuidas multimeetriga dioodi polaarsust m\u00e4\u00e4rata ning kuidas \u00f5igesti m\u00f5\u00f5ta pingelangu dioodil.<\/span><\/p>\n","protected":false},"excerpt":{"rendered":"<p>Diood on kahe v\u00e4ljaviiguga elektroonikakomponent, mis (ideaaljuhul) juhib voolu ainult \u00fches suunas. Tema p\u00f5hiline kasutusala on vahelduvvoolu muundamine alalisvooluks. Eristatakse elektronlamp-dioode ja pooljuhtdioode. Sellel videokursusel k\u00e4sitletakse ainult pooljuhtdioode ja nimetatakse neid l\u00fchidalt dioodideks. Selles peat\u00fckis n\u00e4itame, kuidas kaitsta elektroonikaseadet vooluallika &#8230;<\/p>\n","protected":false},"author":93,"featured_media":0,"parent":0,"menu_order":0,"comment_status":"closed","ping_status":"closed","template":"","meta":{"_acf_changed":false,"inline_featured_image":false,"footnotes":""},"class_list":["post-42","page","type-page","status-publish","hentry"],"acf":[],"_links":{"self":[{"href":"https:\/\/sisu.ut.ee\/elektroonika\/wp-json\/wp\/v2\/pages\/42","targetHints":{"allow":["GET"]}}],"collection":[{"href":"https:\/\/sisu.ut.ee\/elektroonika\/wp-json\/wp\/v2\/pages"}],"about":[{"href":"https:\/\/sisu.ut.ee\/elektroonika\/wp-json\/wp\/v2\/types\/page"}],"author":[{"embeddable":true,"href":"https:\/\/sisu.ut.ee\/elektroonika\/wp-json\/wp\/v2\/users\/93"}],"replies":[{"embeddable":true,"href":"https:\/\/sisu.ut.ee\/elektroonika\/wp-json\/wp\/v2\/comments?post=42"}],"version-history":[{"count":1,"href":"https:\/\/sisu.ut.ee\/elektroonika\/wp-json\/wp\/v2\/pages\/42\/revisions"}],"predecessor-version":[{"id":242,"href":"https:\/\/sisu.ut.ee\/elektroonika\/wp-json\/wp\/v2\/pages\/42\/revisions\/242"}],"wp:attachment":[{"href":"https:\/\/sisu.ut.ee\/elektroonika\/wp-json\/wp\/v2\/media?parent=42"}],"curies":[{"name":"wp","href":"https:\/\/api.w.org\/{rel}","templated":true}]}}