{"id":41,"date":"2024-04-04T03:04:46","date_gmt":"2024-04-04T00:04:46","guid":{"rendered":"https:\/\/sisu.ut.ee\/elektroonika\/54-elektroluutkondensaatorite-jadauhendusest\/"},"modified":"2024-04-04T03:05:54","modified_gmt":"2024-04-04T00:05:54","slug":"54-elektroluutkondensaatorite-jadauhendusest","status":"publish","type":"page","link":"https:\/\/sisu.ut.ee\/elektroonika\/54-elektroluutkondensaatorite-jadauhendusest\/","title":{"rendered":"5.4. Elektrol\u00fc\u00fctkondensaatorite jada\u00fchendusest"},"content":{"rendered":"<p><span>Kondensaatoritele ei ole soovitatav rakendada suuremat pinget kui nimipinge. Vastasel juhul v\u00f5ib kondensaator v\u00e4ga lihtsalt rikki minna. Keraamiliste ja kilekondensaatorite nominaalpinged on enamasti v\u00e4hemalt 50V, mis ei \u00fcleta tavaliselt elektroonikas kasutatavaid pingeid. Elektrol\u00fc\u00fctkondensaatoreid aga on ka nominaalpingega 16V, 10V, 6,3V ja isegi 3V.<\/span><\/p>\n<p><span>Kuidas toimida, kui k\u00e4ep\u00e4rast on ainult n\u00f5utust madalama nominaalpingega kondensaatoreid? Kas kondensaatorite korral toimib pingejagaja, nagu takistite korral? Kas \u00fchendades jadamisi kaks kondensaatorit, j\u00e4\u00e4b kummalegi ainult pool kogupingest?<\/span><\/p>\n<p style=\"text-align: center\"><\/p><div class=\"ratio ratio-16x9 mb-3\"><div class=\"video-placeholder-wrapper video-placeholder-wrapper--16x9\">\n\t\t\t    <div class=\"video-placeholder d-flex justify-content-center align-items-center\">\n\t\t\t        <div class=\"overlay text-white p-2 w-100 text-center d-block justify-content-center align-items-center\">\n\t\t\t            <div>Kolmandate osapoolte sisu n\u00e4gemiseks palun n\u00f5ustu k\u00fcpsistega.<\/div>\n\t\t\t            <button class=\"btn btn-secondary btn-sm mt-1 consent-change\">Muuda n\u00f5usolekut<\/button>\n\t\t\t        <\/div>\n\t\t\t    <\/div>\n\t\t\t<\/div>\n<\/div>\n<p style=\"text-align: center\"><a href=\"https:\/\/youtu.be\/JgXmIIocYV4\" target=\"_blank\" rel=\"noopener\">https:\/\/youtu.be\/JgXmIIocYV4<\/a><\/p>\n<h5><img loading=\"lazy\" decoding=\"async\" width=\"40\" height=\"40\" class=\"alignnone wp-image-77\" style=\"margin-left: 10px;margin-right: 10px\" src=\"https:\/\/sisu.ut.ee\/wp-content\/uploads\/sites\/189\/motle.png\" title=\"motle.png\" alt=\"motle.png\">\u00a0M\u00f5tle kaasa!<\/h5>\n<p>Kui suur on voolutugevus l\u00e4bi kummagi 10k\u2126 takisti ja kummalgi takistil eralduv v\u00f5imsus ajahetkedel 04:30, 04:35, 04:40, 05:00?<\/p>\n<p><\/p><div class=\"accordion mb-3\">\n        <div class=\"accordion-item accordion-item--white\">\n        <h2 class=\"accordion-header\" id=\"accordion-69d5a4aa003d8-heading\">\n            <button class=\"accordion-button collapsed\" type=\"button\" data-bs-toggle=\"collapse\" data-bs-target=\"#accordion-69d5a4aa003d8-collapse\" aria-expanded=\"true\" aria-controls=\"accordion-69d5a4aa003d8-collapse\">Vastus<\/button>\n        <\/h2>\n        <div id=\"accordion-69d5a4aa003d8-collapse\" class=\"accordion-collapse collapse\" aria-labelledby=\"accordion-69d5a4aa003d8-heading\">\n            <div class=\"accordion-body\">\n<p><span>Vaata videolt pinge neil hetkedel. Arvuta voolutugevus Ohmi seaduse j\u00e4rgi I=U\/R ja v\u00f5imsus valemiga N=U<\/span><span>2<\/span><span>\/R.<\/span><\/p>\n<p><\/p><\/div>\n        <\/div>\n        <\/div>\n    <\/div>\n<h5><span><img loading=\"lazy\" decoding=\"async\" width=\"40\" height=\"40\" class=\"alignnone wp-image-78\" style=\"margin-left: 10px;margin-right: 10px\" src=\"https:\/\/sisu.ut.ee\/wp-content\/uploads\/sites\/189\/tahtis.png\" title=\"tahtis.png\" alt=\"tahtis.png\">\u00a0J\u00e4ta meelde!<\/span><\/h5>\n<p><strong><span id=\"docs-internal-guid-5797e69e-26fe-cc05-00f8-029c49e9337e\">Pingejagaja toimib kondensaatorite jada\u00fchenduse korral ainult juhul, kui kondensaatorite mahtuvused on v\u00f5rdsed. Vajadusel v\u00f5ib kondensaatoritega paralleelselt \u00fchendada sobiva takistusega takistid. Aga minu tungiv soovitus on, et kui v\u00e4hegi v\u00f5imalik, siis kasuta kondensaatoreid, mille nimipinge on toitepingest k\u00f5rgem.<\/span><\/strong><\/p>\n","protected":false},"excerpt":{"rendered":"<p>Kondensaatoritele ei ole soovitatav rakendada suuremat pinget kui nimipinge. Vastasel juhul v\u00f5ib kondensaator v\u00e4ga lihtsalt rikki minna. Keraamiliste ja kilekondensaatorite nominaalpinged on enamasti v\u00e4hemalt 50V, mis ei \u00fcleta tavaliselt elektroonikas kasutatavaid pingeid. Elektrol\u00fc\u00fctkondensaatoreid aga on ka nominaalpingega 16V, 10V, 6,3V &#8230;<\/p>\n","protected":false},"author":93,"featured_media":0,"parent":0,"menu_order":0,"comment_status":"closed","ping_status":"closed","template":"","meta":{"_acf_changed":false,"inline_featured_image":false,"footnotes":""},"class_list":["post-41","page","type-page","status-publish","hentry"],"acf":[],"_links":{"self":[{"href":"https:\/\/sisu.ut.ee\/elektroonika\/wp-json\/wp\/v2\/pages\/41","targetHints":{"allow":["GET"]}}],"collection":[{"href":"https:\/\/sisu.ut.ee\/elektroonika\/wp-json\/wp\/v2\/pages"}],"about":[{"href":"https:\/\/sisu.ut.ee\/elektroonika\/wp-json\/wp\/v2\/types\/page"}],"author":[{"embeddable":true,"href":"https:\/\/sisu.ut.ee\/elektroonika\/wp-json\/wp\/v2\/users\/93"}],"replies":[{"embeddable":true,"href":"https:\/\/sisu.ut.ee\/elektroonika\/wp-json\/wp\/v2\/comments?post=41"}],"version-history":[{"count":1,"href":"https:\/\/sisu.ut.ee\/elektroonika\/wp-json\/wp\/v2\/pages\/41\/revisions"}],"predecessor-version":[{"id":241,"href":"https:\/\/sisu.ut.ee\/elektroonika\/wp-json\/wp\/v2\/pages\/41\/revisions\/241"}],"wp:attachment":[{"href":"https:\/\/sisu.ut.ee\/elektroonika\/wp-json\/wp\/v2\/media?parent=41"}],"curies":[{"name":"wp","href":"https:\/\/api.w.org\/{rel}","templated":true}]}}