{"id":40,"date":"2024-04-04T03:04:46","date_gmt":"2024-04-04T00:04:46","guid":{"rendered":"https:\/\/sisu.ut.ee\/elektroonika\/53-kondensaatorite-jada-ja-paralleeluhendus\/"},"modified":"2024-04-04T03:05:54","modified_gmt":"2024-04-04T00:05:54","slug":"53-kondensaatorite-jada-ja-paralleeluhendus","status":"publish","type":"page","link":"https:\/\/sisu.ut.ee\/elektroonika\/53-kondensaatorite-jada-ja-paralleeluhendus\/","title":{"rendered":"5.3. Kondensaatorite jada- ja paralleel\u00fchendus"},"content":{"rendered":"<p><span data-mce-mark=\"1\">95% v\u00f5i ka 99% juhtudest, millal l\u00e4heb vaja kondensaatorite jada\u00fchendust ja paralleel\u00fchendust on need, kui ei ole k\u00e4ep\u00e4rast vajaliku mahtuvusega kondensaatoreid, aga on mitu t\u00fckki mingeid teistsuguse mahtuvusega kondensaatoreid. Kondensaatorite nomenklatuur on v\u00e4ga lai, ei ole m\u00f5tet soetada omale k\u00f5igist v\u00f5imalikest mahtuvuse v\u00e4\u00e4rtustest mitu t\u00fckki lihtsalt igaks juhuks. \u00dcldiselt saab hakkama ka siis, kui on k\u00e4ep\u00e4rast m\u00f5ned eksemplarid igast suurusj\u00e4rgust.<\/span><\/p>\n<p><span data-mce-mark=\"1\">Tuletame meelde, kuidas arvutati takistite jada- ja paralleel\u00fchendust. Takistite jada\u00fchendusel liituvad takistuste v\u00e4\u00e4rtused, takistite paralleel\u00fchendusel liituvad takistuste p\u00f6\u00f6rv\u00e4\u00e4rtused.<\/span><\/p>\n<p><span data-mce-mark=\"1\">Kondensaatoritega on t\u00e4pselt vastupidi.<\/span><\/p>\n<p><span data-mce-mark=\"1\">Selles videos selgitame miks see nii on, esitame valemid ning muudame multivibraatori sagedust ainult kondensaatorite abil.<\/span><\/p>\n<p style=\"text-align: center\"><\/p><div class=\"ratio ratio-16x9 mb-3\"><div class=\"video-placeholder-wrapper video-placeholder-wrapper--16x9\">\n\t\t\t    <div class=\"video-placeholder d-flex justify-content-center align-items-center\">\n\t\t\t        <div class=\"overlay text-white p-2 w-100 text-center d-block justify-content-center align-items-center\">\n\t\t\t            <div>Kolmandate osapoolte sisu n\u00e4gemiseks palun n\u00f5ustu k\u00fcpsistega.<\/div>\n\t\t\t            <button class=\"btn btn-secondary btn-sm mt-1 consent-change\">Muuda n\u00f5usolekut<\/button>\n\t\t\t        <\/div>\n\t\t\t    <\/div>\n\t\t\t<\/div>\n<\/div>\n<p style=\"text-align: center\"><a href=\"https:\/\/youtu.be\/tMQcf1h26eY\" target=\"_blank\" rel=\"noopener\">https:\/\/youtu.be\/tMQcf1h26eY<\/a><\/p>\n<p>Praktilise t\u00f6\u00f6 jaoks vajad j\u00e4rgmisi vahendeid:<\/p>\n<ul>\n<li>555 taimeriga multivibraator makettplaadil<\/li>\n<li>piesovaljuh\u00e4\u00e4ldi<\/li>\n<li>kondensaatorid<\/li>\n<li>nutitelefon<\/li>\n<\/ul>\n<h5><img loading=\"lazy\" decoding=\"async\" width=\"40\" height=\"40\" class=\"alignnone wp-image-77\" style=\"margin-left: 10px;margin-right: 10px\" src=\"https:\/\/sisu.ut.ee\/wp-content\/uploads\/sites\/189\/motle.png\" title=\"motle.png\" alt=\"motle.png\">\u00a0M\u00f5tle kaasa!<\/h5>\n<p>Milline v\u00e4ide on \u00f5ige ja milline vale?<\/p>\n<ol>\n<li>K\u00f5ik paralleelselt \u00fchendatud kondensaatorid peavad olema v\u00f5rdse mahtuvusega.<\/li>\n<li>K\u00f5ik jadamisi \u00fchendatud kondensaatorid peavad olema v\u00f5rdse mahtuvusega.<\/li>\n<li>K\u00f5ik paralleelselt \u00fchendatud kondensaatorid laaduvad v\u00f5rdse pingeni.<\/li>\n<li>K\u00f5ik jadamisi \u00fchendatud kondensaatorid laaduvad v\u00f5rdse pingeni.<\/li>\n<\/ol>\n<p><\/p><div class=\"accordion mb-3\">\n        <div class=\"accordion-item accordion-item--white\">\n        <h2 class=\"accordion-header\" id=\"accordion-69d5bd57443d9-heading\">\n            <button class=\"accordion-button collapsed\" type=\"button\" data-bs-toggle=\"collapse\" data-bs-target=\"#accordion-69d5bd57443d9-collapse\" aria-expanded=\"true\" aria-controls=\"accordion-69d5bd57443d9-collapse\">Vastus<\/button>\n        <\/h2>\n        <div id=\"accordion-69d5bd57443d9-collapse\" class=\"accordion-collapse collapse\" aria-labelledby=\"accordion-69d5bd57443d9-heading\">\n            <div class=\"accordion-body\">\n<ol>\n<li>K\u00f5ik paralleelselt \u00fchendatud kondensaatorid peavad olema v\u00f5rdse mahtuvusega. <span style=\"color: #ff0000\" data-mce-mark=\"1\"><strong>VALE<\/strong><\/span><\/li>\n<li>K\u00f5ik jadamisi \u00fchendatud kondensaatorid peavad olema v\u00f5rdse mahtuvusega. <strong><span style=\"color: #ff0000\" data-mce-mark=\"1\">VALE<\/span><\/strong><\/li>\n<li>K\u00f5ik paralleelselt \u00fchendatud kondensaatorid laaduvad v\u00f5rdse pingeni. <strong><span style=\"color: #008000\" data-mce-mark=\"1\">\u00d5IGE<\/span><\/strong><\/li>\n<li>K\u00f5ik jadamisi \u00fchendatud kondensaatorid laaduvad v\u00f5rdse pingeni. <strong><span style=\"color: #ff0000\" data-mce-mark=\"1\">VALE<\/span><\/strong><\/li>\n<\/ol>\n<p><span data-mce-mark=\"1\"><\/span><\/p><\/div>\n        <\/div>\n        <\/div>\n    <\/div>\n<h5><img loading=\"lazy\" decoding=\"async\" width=\"40\" height=\"40\" class=\"alignnone wp-image-77\" style=\"margin-left: 10px;margin-right: 10px\" src=\"https:\/\/sisu.ut.ee\/wp-content\/uploads\/sites\/189\/motle.png\" title=\"motle.png\" alt=\"motle.png\">\u00a0M\u00f5tle kaasa!<\/h5>\n<p><span data-mce-mark=\"1\">On kasutada kolm kondensaatorit mahtuvustega 10nF; 33nF ja 47nF. \u00dchendades neid \u00fche- kahe- ja kolmekaupa jadamisi ja paralleelselt on saadud mahtuvused 19,39nF; 8,24nF; 90nF; 10nF; 6,59nF; 33nF; 80nF; 7,67nF; 43nF; 47nF; 57nF. Kuidas on kondensaatorid \u00fchendatud?<\/span><\/p>\n<p><span data-mce-mark=\"1\">Vihje: M\u00f5ne tulemuse jaoks v\u00f5ib olla mitu vastust.<\/span><\/p>\n<h5><img loading=\"lazy\" decoding=\"async\" width=\"40\" height=\"40\" class=\"alignnone wp-image-78\" style=\"margin-left: 10px;margin-right: 10px\" src=\"https:\/\/sisu.ut.ee\/wp-content\/uploads\/sites\/189\/tahtis.png\" title=\"tahtis.png\" alt=\"tahtis.png\">\u00a0J\u00e4ta meelde!<\/h5>\n<ul>\n<li><strong>Kondensaatorite paralleel\u00fchendusel on kogumahtuvus v\u00f5rdne k\u00f5igi komponentide mahtuvuste summaga.<\/strong><\/li>\n<li><strong>Kondensaatorite jada\u00fchendusel on kogumahtuvuse p\u00f6\u00f6rdv\u00e4\u00e4rtus v\u00f5rdne k\u00f5igi mahtuvuste p\u00f6\u00f6rdv\u00e4\u00e4rtuste summaga.<\/strong><\/li>\n<\/ul>\n<p><span data-mce-mark=\"1\"><\/span><\/p>\n","protected":false},"excerpt":{"rendered":"<p>95% v\u00f5i ka 99% juhtudest, millal l\u00e4heb vaja kondensaatorite jada\u00fchendust ja paralleel\u00fchendust on need, kui ei ole k\u00e4ep\u00e4rast vajaliku mahtuvusega kondensaatoreid, aga on mitu t\u00fckki mingeid teistsuguse mahtuvusega kondensaatoreid. Kondensaatorite nomenklatuur on v\u00e4ga lai, ei ole m\u00f5tet soetada omale k\u00f5igist &#8230;<\/p>\n","protected":false},"author":93,"featured_media":0,"parent":0,"menu_order":0,"comment_status":"closed","ping_status":"closed","template":"","meta":{"_acf_changed":false,"inline_featured_image":false,"footnotes":""},"class_list":["post-40","page","type-page","status-publish","hentry"],"acf":[],"_links":{"self":[{"href":"https:\/\/sisu.ut.ee\/elektroonika\/wp-json\/wp\/v2\/pages\/40","targetHints":{"allow":["GET"]}}],"collection":[{"href":"https:\/\/sisu.ut.ee\/elektroonika\/wp-json\/wp\/v2\/pages"}],"about":[{"href":"https:\/\/sisu.ut.ee\/elektroonika\/wp-json\/wp\/v2\/types\/page"}],"author":[{"embeddable":true,"href":"https:\/\/sisu.ut.ee\/elektroonika\/wp-json\/wp\/v2\/users\/93"}],"replies":[{"embeddable":true,"href":"https:\/\/sisu.ut.ee\/elektroonika\/wp-json\/wp\/v2\/comments?post=40"}],"version-history":[{"count":1,"href":"https:\/\/sisu.ut.ee\/elektroonika\/wp-json\/wp\/v2\/pages\/40\/revisions"}],"predecessor-version":[{"id":240,"href":"https:\/\/sisu.ut.ee\/elektroonika\/wp-json\/wp\/v2\/pages\/40\/revisions\/240"}],"wp:attachment":[{"href":"https:\/\/sisu.ut.ee\/elektroonika\/wp-json\/wp\/v2\/media?parent=40"}],"curies":[{"name":"wp","href":"https:\/\/api.w.org\/{rel}","templated":true}]}}