{"id":39,"date":"2024-04-04T03:04:46","date_gmt":"2024-04-04T00:04:46","guid":{"rendered":"https:\/\/sisu.ut.ee\/elektroonika\/52-555-taimeri-toopohimote\/"},"modified":"2024-04-04T03:05:54","modified_gmt":"2024-04-04T00:05:54","slug":"52-555-taimeri-toopohimote","status":"publish","type":"page","link":"https:\/\/sisu.ut.ee\/elektroonika\/52-555-taimeri-toopohimote\/","title":{"rendered":"5.2. 555 taimeri t\u00f6\u00f6p\u00f5him\u00f5te"},"content":{"rendered":"<p><span>Eelmises videos panime ilma mingi seletuseta kokku multivibraatori mikroskeemiga 555. Selles loengus selgitame 555 taimeri t\u00f6\u00f6p\u00f5him\u00f5tet.<\/span><\/p>\n<p style=\"text-align: center\"><\/p><div class=\"ratio ratio-16x9 mb-3\"><div class=\"video-placeholder-wrapper video-placeholder-wrapper--16x9\">\n\t\t\t    <div class=\"video-placeholder d-flex justify-content-center align-items-center\">\n\t\t\t        <div class=\"overlay text-white p-2 w-100 text-center d-block justify-content-center align-items-center\">\n\t\t\t            <div>Kolmandate osapoolte sisu n\u00e4gemiseks palun n\u00f5ustu k\u00fcpsistega.<\/div>\n\t\t\t            <button class=\"btn btn-secondary btn-sm mt-1 consent-change\">Muuda n\u00f5usolekut<\/button>\n\t\t\t        <\/div>\n\t\t\t    <\/div>\n\t\t\t<\/div>\n<\/div>\n<p style=\"text-align: center\"><a href=\"https:\/\/youtu.be\/NGQ2R_c05zk\" target=\"_blank\" rel=\"noopener\">https:\/\/youtu.be\/NGQ2R_c05zk<\/a><\/p>\n<p><span><span>\u00a0<\/span><\/span><\/p>\n<h5><span><img loading=\"lazy\" decoding=\"async\" width=\"40\" height=\"40\" class=\"alignnone wp-image-78\" style=\"margin-left: 10px;margin-right: 10px\" src=\"https:\/\/sisu.ut.ee\/wp-content\/uploads\/sites\/189\/tahtis.png\" title=\"tahtis.png\" alt=\"tahtis.png\">\u00a0M\u00e4rkus<\/span><\/h5>\n<p><span data-mce-mark=\"1\"><\/span><strong>555 taimeril on kaks kindla otstarbega v\u00e4ljaviiku veel, kuid mille otstarve j\u00e4i seletamata ja mis j\u00e4\u00e4vad k\u00e4esolevas kuruses kasutamata. Kui skeemis pole teisiti \u00f6eldud, siis tuleb v\u00e4ljaviik nr. 4 \u00fchendada skeemi plusstoitega (v\u00e4ljaviiguga nr. 8) ja v\u00e4ljaviik nr. 5 j\u00e4tta \u00fchendamata. M\u00f5nikord soovitatatakse v\u00e4ljaviigu nr. 5 ja toite miinusotsa (v\u00e4ljaviik nr. 1) vahele \u00fchendada 0,01\u00b5F kondensaator, aga selle v\u00f5ib enamasti ka \u00e4ra j\u00e4tta.<\/strong>\u00a0<\/p>\n","protected":false},"excerpt":{"rendered":"<p>Eelmises videos panime ilma mingi seletuseta kokku multivibraatori mikroskeemiga 555. Selles loengus selgitame 555 taimeri t\u00f6\u00f6p\u00f5him\u00f5tet. Kolmandate osapoolte sisu n\u00e4gemiseks palun n\u00f5ustu k\u00fcpsistega. Muuda n\u00f5usolekut https:\/\/youtu.be\/NGQ2R_c05zk \u00a0 \u00a0M\u00e4rkus 555 taimeril on kaks kindla otstarbega v\u00e4ljaviiku veel, kuid mille otstarve j\u00e4i &#8230;<\/p>\n","protected":false},"author":93,"featured_media":0,"parent":0,"menu_order":0,"comment_status":"closed","ping_status":"closed","template":"","meta":{"_acf_changed":false,"inline_featured_image":false,"footnotes":""},"class_list":["post-39","page","type-page","status-publish","hentry"],"acf":[],"_links":{"self":[{"href":"https:\/\/sisu.ut.ee\/elektroonika\/wp-json\/wp\/v2\/pages\/39","targetHints":{"allow":["GET"]}}],"collection":[{"href":"https:\/\/sisu.ut.ee\/elektroonika\/wp-json\/wp\/v2\/pages"}],"about":[{"href":"https:\/\/sisu.ut.ee\/elektroonika\/wp-json\/wp\/v2\/types\/page"}],"author":[{"embeddable":true,"href":"https:\/\/sisu.ut.ee\/elektroonika\/wp-json\/wp\/v2\/users\/93"}],"replies":[{"embeddable":true,"href":"https:\/\/sisu.ut.ee\/elektroonika\/wp-json\/wp\/v2\/comments?post=39"}],"version-history":[{"count":1,"href":"https:\/\/sisu.ut.ee\/elektroonika\/wp-json\/wp\/v2\/pages\/39\/revisions"}],"predecessor-version":[{"id":239,"href":"https:\/\/sisu.ut.ee\/elektroonika\/wp-json\/wp\/v2\/pages\/39\/revisions\/239"}],"wp:attachment":[{"href":"https:\/\/sisu.ut.ee\/elektroonika\/wp-json\/wp\/v2\/media?parent=39"}],"curies":[{"name":"wp","href":"https:\/\/api.w.org\/{rel}","templated":true}]}}