{"id":37,"date":"2024-04-04T03:04:46","date_gmt":"2024-04-04T00:04:46","guid":{"rendered":"https:\/\/sisu.ut.ee\/elektroonika\/5-pulsilaiusmodulatsioon\/"},"modified":"2024-04-04T03:05:54","modified_gmt":"2024-04-04T00:05:54","slug":"5-pulsilaiusmodulatsioon","status":"publish","type":"page","link":"https:\/\/sisu.ut.ee\/elektroonika\/5-pulsilaiusmodulatsioon\/","title":{"rendered":"5. Pulsilaiusmodulatsioon"},"content":{"rendered":"<p>Pulsilaiusmodulatsioon-signaal e. PWM on konstantse amplituudiga impulsside jada, kus periood on konstantne, aga impulsside kestus muutub. Niisuguste impulsside genereerimiseks kasutame selles kursuses korraga kahte erineva skeemi j\u00e4rgi \u00fchesugust mikroskeemi NE555. \u00dcks neist m\u00e4\u00e4rab impulsside perioodi, teine impulsside pikkuse.\u00a0<\/p>\n<p>PWM-i peamine kasutusala on elektriliste seadmete v\u00f5imsuse kontrollimine. See k\u00e4ib nii, et seadet l\u00fclitatakse sobiva sagedusega sisse-v\u00e4lja-sisse-v\u00e4lja. Sellisel juhul on v\u00f5imsuskadu v\u00e4ga v\u00e4ike, kuid skeem on iseenesest lihtne ja universaalne. Sagedus on erinevatel seadmetel v\u00e4ga erinev. N\u00e4iteks elektriradiaator, mille soojusmahtuvus on suur, l\u00fclitatakse k\u00e4ima ainult paar korda minutis; lamp v\u00f5i valgusdiood niisuguse sagedusega, et tema vilkumine silma ei h\u00e4iriks \u2013 umbes 50-100 korda sekundis; kuid mikroskeemides on l\u00fclitussagedus k\u00fcmnetes v\u00f5i sadades kilohertsides. Meie kursuses n\u00e4idatakse, kuidas kontrollida valgusdioodi heledust.\u00a0<\/p>\n<p>Teine PWM-i kasutusala on servomootorite kontroll. Servomootori juhtimise skeem on t\u00e4pselt samasugune nagu valgusdioodi heleduse muutmise skeem, ainult et takistite ja komponentide v\u00e4\u00e4rtused on erinevad.\u00a0<\/p>\n<p>Muu hulgas on selles peat\u00fckis viimane t\u00e4htis kondensaatoreid puudutav loeng \u2013 kuidas arvutada mitme jadamisi v\u00f5i paralleelselt \u00fchendatud kondensaatori kogumahtuvust.<\/p>\n","protected":false},"excerpt":{"rendered":"<p>Pulsilaiusmodulatsioon-signaal e. PWM on konstantse amplituudiga impulsside jada, kus periood on konstantne, aga impulsside kestus muutub. Niisuguste impulsside genereerimiseks kasutame selles kursuses korraga kahte erineva skeemi j\u00e4rgi \u00fchesugust mikroskeemi NE555. \u00dcks neist m\u00e4\u00e4rab impulsside perioodi, teine impulsside pikkuse.\u00a0 PWM-i peamine &#8230;<\/p>\n","protected":false},"author":93,"featured_media":0,"parent":0,"menu_order":0,"comment_status":"closed","ping_status":"closed","template":"","meta":{"_acf_changed":false,"inline_featured_image":false,"footnotes":""},"class_list":["post-37","page","type-page","status-publish","hentry"],"acf":[],"_links":{"self":[{"href":"https:\/\/sisu.ut.ee\/elektroonika\/wp-json\/wp\/v2\/pages\/37","targetHints":{"allow":["GET"]}}],"collection":[{"href":"https:\/\/sisu.ut.ee\/elektroonika\/wp-json\/wp\/v2\/pages"}],"about":[{"href":"https:\/\/sisu.ut.ee\/elektroonika\/wp-json\/wp\/v2\/types\/page"}],"author":[{"embeddable":true,"href":"https:\/\/sisu.ut.ee\/elektroonika\/wp-json\/wp\/v2\/users\/93"}],"replies":[{"embeddable":true,"href":"https:\/\/sisu.ut.ee\/elektroonika\/wp-json\/wp\/v2\/comments?post=37"}],"version-history":[{"count":1,"href":"https:\/\/sisu.ut.ee\/elektroonika\/wp-json\/wp\/v2\/pages\/37\/revisions"}],"predecessor-version":[{"id":237,"href":"https:\/\/sisu.ut.ee\/elektroonika\/wp-json\/wp\/v2\/pages\/37\/revisions\/237"}],"wp:attachment":[{"href":"https:\/\/sisu.ut.ee\/elektroonika\/wp-json\/wp\/v2\/media?parent=37"}],"curies":[{"name":"wp","href":"https:\/\/api.w.org\/{rel}","templated":true}]}}