{"id":36,"date":"2024-04-04T03:04:46","date_gmt":"2024-04-04T00:04:46","guid":{"rendered":"https:\/\/sisu.ut.ee\/elektroonika\/411-kondensaator-toiteahelas\/"},"modified":"2024-04-04T03:05:54","modified_gmt":"2024-04-04T00:05:54","slug":"411-kondensaator-toiteahelas","status":"publish","type":"page","link":"https:\/\/sisu.ut.ee\/elektroonika\/411-kondensaator-toiteahelas\/","title":{"rendered":"4.11. Kondensaator toiteahelas"},"content":{"rendered":"<p>Igal elektroonikaseadmel on toiteallikaga paralleelselt suure mahtuvusega elektrol\u00fc\u00fctkondensaator, mis silub \u00fcmberl\u00fclitamisest tulenevaid toitepinge k\u00f5ikumisi. Selles loengus paneme sama Schmitti trigeriga multivibraatori k\u00fclge kaks valjuh\u00e4\u00e4ldit ning kuuleme, kuidas kaks valjuh\u00e4\u00e4ldit korraga teevad erinevat heli, kui \u00fcksainus. See efekt on tingitud m\u00fcradest toitepinges. L\u00f5puks n\u00e4itame ostsilloskoobi ekraanil, kuidas kondensaator toiteahelas toitepinget silub.<\/p>\n<p style=\"text-align: center\"><\/p><div class=\"ratio ratio-16x9 mb-3\"><div class=\"video-placeholder-wrapper video-placeholder-wrapper--16x9\">\n\t\t\t    <div class=\"video-placeholder d-flex justify-content-center align-items-center\">\n\t\t\t        <div class=\"overlay text-white p-2 w-100 text-center d-block justify-content-center align-items-center\">\n\t\t\t            <div>Kolmandate osapoolte sisu n\u00e4gemiseks palun n\u00f5ustu k\u00fcpsistega.<\/div>\n\t\t\t            <button class=\"btn btn-secondary btn-sm mt-1 consent-change\">Muuda n\u00f5usolekut<\/button>\n\t\t\t        <\/div>\n\t\t\t    <\/div>\n\t\t\t<\/div>\n<\/div><br><a href=\"https:\/\/youtu.be\/dCU2VAkYYYU\" target=\"_blank\" rel=\"noopener\"><\/a>\n<p style=\"text-align: center\"><a href=\"https:\/\/youtu.be\/NYRe9cIs8J8\" target=\"_blank\" rel=\"noopener\"><span id=\"docs-internal-guid-5797e69e-3cb1-f434-edcc-ac0cad251343\" data-mce-mark=\"1\"><span data-mce-mark=\"1\">https:\/\/youtu.be\/NYRe9cIs8J8<\/span><\/span><\/a><\/p>\n<p style=\"text-align: left\">Praktilise t\u00f6\u00f6 jaoks vajad j\u00e4rgmisi vahendeid:<\/p>\n<ul>\n<li>Schmitti trigeriga multivibraator makettplaadil<\/li>\n<li>piesovaljuh\u00e4\u00e4ldi<\/li>\n<li>elektromagnetiline valjuh\u00e4\u00e4ldi<\/li>\n<li>nutitelefon<\/li>\n<li>suure mahtuvusega elektrol\u00fc\u00fctkondensaatorid<\/li>\n<\/ul>\n<h5 style=\"text-align: left\"><img loading=\"lazy\" decoding=\"async\" width=\"40\" height=\"40\" class=\"alignnone wp-image-78\" style=\"margin-left: 10px;margin-right: 10px\" src=\"https:\/\/sisu.ut.ee\/wp-content\/uploads\/sites\/189\/tahtis.png\" title=\"tahtis.png\" alt=\"tahtis.png\">\u00a0J\u00e4ta meelde!<\/h5>\n<p style=\"text-align: left\"><strong>Edaspidi paneme igas elektroonikal\u00fclituses toiteallikaga paralleelselt elektrol\u00fc\u00fctkondensaatori mahtuvusega 470\u00b5F v\u00f5i 1000\u00b5F.<\/strong><\/p>\n","protected":false},"excerpt":{"rendered":"<p>Igal elektroonikaseadmel on toiteallikaga paralleelselt suure mahtuvusega elektrol\u00fc\u00fctkondensaator, mis silub \u00fcmberl\u00fclitamisest tulenevaid toitepinge k\u00f5ikumisi. Selles loengus paneme sama Schmitti trigeriga multivibraatori k\u00fclge kaks valjuh\u00e4\u00e4ldit ning kuuleme, kuidas kaks valjuh\u00e4\u00e4ldit korraga teevad erinevat heli, kui \u00fcksainus. See efekt on tingitud m\u00fcradest &#8230;<\/p>\n","protected":false},"author":93,"featured_media":0,"parent":0,"menu_order":0,"comment_status":"closed","ping_status":"closed","template":"","meta":{"_acf_changed":false,"inline_featured_image":false,"footnotes":""},"class_list":["post-36","page","type-page","status-publish","hentry"],"acf":[],"_links":{"self":[{"href":"https:\/\/sisu.ut.ee\/elektroonika\/wp-json\/wp\/v2\/pages\/36","targetHints":{"allow":["GET"]}}],"collection":[{"href":"https:\/\/sisu.ut.ee\/elektroonika\/wp-json\/wp\/v2\/pages"}],"about":[{"href":"https:\/\/sisu.ut.ee\/elektroonika\/wp-json\/wp\/v2\/types\/page"}],"author":[{"embeddable":true,"href":"https:\/\/sisu.ut.ee\/elektroonika\/wp-json\/wp\/v2\/users\/93"}],"replies":[{"embeddable":true,"href":"https:\/\/sisu.ut.ee\/elektroonika\/wp-json\/wp\/v2\/comments?post=36"}],"version-history":[{"count":1,"href":"https:\/\/sisu.ut.ee\/elektroonika\/wp-json\/wp\/v2\/pages\/36\/revisions"}],"predecessor-version":[{"id":236,"href":"https:\/\/sisu.ut.ee\/elektroonika\/wp-json\/wp\/v2\/pages\/36\/revisions\/236"}],"wp:attachment":[{"href":"https:\/\/sisu.ut.ee\/elektroonika\/wp-json\/wp\/v2\/media?parent=36"}],"curies":[{"name":"wp","href":"https:\/\/api.w.org\/{rel}","templated":true}]}}