{"id":31,"date":"2024-04-04T03:04:46","date_gmt":"2024-04-04T00:04:46","guid":{"rendered":"https:\/\/sisu.ut.ee\/elektroonika\/46-multivibraatori-skeemist\/"},"modified":"2024-04-04T03:05:53","modified_gmt":"2024-04-04T00:05:53","slug":"46-multivibraatori-skeemist","status":"publish","type":"page","link":"https:\/\/sisu.ut.ee\/elektroonika\/46-multivibraatori-skeemist\/","title":{"rendered":"4.6. Multivibraatori skeemist"},"content":{"rendered":"<p><span>Eelmistes videotes n\u00e4idati multivibraatori skeemi. Niisugust skeemi on raske lugeda, sest joonisel on ebaolulist palju. Tavaliselt j\u00e4etakse toitejuhtmed joonistamata ja eeldatakse et need on niikuinii olemas. Selles videos n\u00e4itame, missugused jooned v\u00f5ib \u00e4ra j\u00e4tta, kuidas on otstarbekam skeemielemente paigutada ja kuidas elektroonikaskeeme tavaliselt joonistatakse.<\/span><\/p>\n<p><\/p><div class=\"ratio ratio-16x9 mb-3\"><div class=\"video-placeholder-wrapper video-placeholder-wrapper--16x9\">\n\t\t\t    <div class=\"video-placeholder d-flex justify-content-center align-items-center\">\n\t\t\t        <div class=\"overlay text-white p-2 w-100 text-center d-block justify-content-center align-items-center\">\n\t\t\t            <div>Kolmandate osapoolte sisu n\u00e4gemiseks palun n\u00f5ustu k\u00fcpsistega.<\/div>\n\t\t\t            <button class=\"btn btn-secondary btn-sm mt-1 consent-change\">Muuda n\u00f5usolekut<\/button>\n\t\t\t        <\/div>\n\t\t\t    <\/div>\n\t\t\t<\/div>\n<\/div>\n<p style=\"text-align: center\"><a href=\"https:\/\/youtu.be\/PCh6D97M3Lo\" target=\"_blank\" rel=\"noopener\"><span>https:\/\/youtu.be\/PCh6D97M3Lo<\/span><\/a><\/p>\n<h5><img loading=\"lazy\" decoding=\"async\" width=\"40\" height=\"40\" class=\"alignnone wp-image-78\" style=\"margin-left: 10px;margin-right: 10px\" src=\"https:\/\/sisu.ut.ee\/wp-content\/uploads\/sites\/189\/tahtis.png\" title=\"tahtis.png\" alt=\"tahtis.png\">\u00a0J\u00e4ta meelde!<\/h5>\n<p><strong>Elektriskeemi \u00fcldine maandus t\u00e4histatakse maanduse kriipsukesega, toite pluss t\u00e4histatakse noolekesega.<\/strong><\/p>\n<h5><img loading=\"lazy\" decoding=\"async\" width=\"40\" height=\"40\" class=\"alignnone wp-image-77\" style=\"margin-left: 10px;margin-right: 10px\" src=\"https:\/\/sisu.ut.ee\/wp-content\/uploads\/sites\/189\/motle.png\" title=\"motle.png\" alt=\"motle.png\">\u00a0M\u00f5tle kaasa!<\/h5>\n<p><span>Videos ajal umbes 02:00 \u2013 02:20 on multivibraator makettplaadil ja makettplaadi skeem. Kas oskad neilt v\u00e4lja lugeda ilma mikroskeemi andmelehte vaatamata, missuguste mikroskeemi v\u00e4ljaviikude k\u00fclge on \u00fchendatud toiteallika pluss ja miinus?<\/span><\/p>\n<p><span id=\"docs-internal-guid-5797e69e-2192-9046-b994-aa248c6631ad\"><span><div class=\"accordion mb-3\">\n        <div class=\"accordion-item accordion-item--white\">\n        <h2 class=\"accordion-header\" id=\"accordion-69d58baa5d811-heading\">\n            <button class=\"accordion-button collapsed\" type=\"button\" data-bs-toggle=\"collapse\" data-bs-target=\"#accordion-69d58baa5d811-collapse\" aria-expanded=\"true\" aria-controls=\"accordion-69d58baa5d811-collapse\">Vastus <\/button>\n        <\/h2>\n        <div id=\"accordion-69d58baa5d811-collapse\" class=\"accordion-collapse collapse\" aria-labelledby=\"accordion-69d58baa5d811-heading\">\n            <div class=\"accordion-body\">\n<p style=\"padding-left: 30px\"><span id=\"docs-internal-guid-5797e69e-2192-9046-b994-aa248c6631ad\"><span>pluss: <span style=\"color: #008000\"><strong>14<\/strong><\/span><\/span><\/span><\/p>\n<p style=\"padding-left: 30px\"><span id=\"docs-internal-guid-5797e69e-2192-9046-b994-aa248c6631ad\"><span>miinus: <span style=\"color: #008000\"><strong>7<\/strong><\/span><\/span><\/span><\/p>\n<p><span><span><\/span><\/span><\/p><\/div>\n        <\/div>\n        <\/div>\n    <\/div><\/span><\/span><\/p>\n","protected":false},"excerpt":{"rendered":"<p>Eelmistes videotes n\u00e4idati multivibraatori skeemi. Niisugust skeemi on raske lugeda, sest joonisel on ebaolulist palju. Tavaliselt j\u00e4etakse toitejuhtmed joonistamata ja eeldatakse et need on niikuinii olemas. Selles videos n\u00e4itame, missugused jooned v\u00f5ib \u00e4ra j\u00e4tta, kuidas on otstarbekam skeemielemente paigutada ja &#8230;<\/p>\n","protected":false},"author":93,"featured_media":0,"parent":0,"menu_order":0,"comment_status":"closed","ping_status":"closed","template":"","meta":{"_acf_changed":false,"inline_featured_image":false,"footnotes":""},"class_list":["post-31","page","type-page","status-publish","hentry"],"acf":[],"_links":{"self":[{"href":"https:\/\/sisu.ut.ee\/elektroonika\/wp-json\/wp\/v2\/pages\/31","targetHints":{"allow":["GET"]}}],"collection":[{"href":"https:\/\/sisu.ut.ee\/elektroonika\/wp-json\/wp\/v2\/pages"}],"about":[{"href":"https:\/\/sisu.ut.ee\/elektroonika\/wp-json\/wp\/v2\/types\/page"}],"author":[{"embeddable":true,"href":"https:\/\/sisu.ut.ee\/elektroonika\/wp-json\/wp\/v2\/users\/93"}],"replies":[{"embeddable":true,"href":"https:\/\/sisu.ut.ee\/elektroonika\/wp-json\/wp\/v2\/comments?post=31"}],"version-history":[{"count":1,"href":"https:\/\/sisu.ut.ee\/elektroonika\/wp-json\/wp\/v2\/pages\/31\/revisions"}],"predecessor-version":[{"id":231,"href":"https:\/\/sisu.ut.ee\/elektroonika\/wp-json\/wp\/v2\/pages\/31\/revisions\/231"}],"wp:attachment":[{"href":"https:\/\/sisu.ut.ee\/elektroonika\/wp-json\/wp\/v2\/media?parent=31"}],"curies":[{"name":"wp","href":"https:\/\/api.w.org\/{rel}","templated":true}]}}