{"id":3,"date":"2024-04-04T03:04:44","date_gmt":"2024-04-04T00:04:44","guid":{"rendered":"https:\/\/sisu.ut.ee\/elektroonika\/11-taskulamp\/"},"modified":"2024-04-04T03:05:54","modified_gmt":"2024-04-04T00:05:54","slug":"11-taskulamp","status":"publish","type":"page","link":"https:\/\/sisu.ut.ee\/elektroonika\/11-taskulamp\/","title":{"rendered":"1.1. Taskulamp"},"content":{"rendered":"<p>Alustame sellest, mis on elektripinge ja elektrivool. Olete kunagi n\u00e4inud veetorusid v\u00f5i vees\u00fcsteeme? V\u00f5tame selle n\u00e4ite aluseks. Vaatame \u00fchte k\u00f5ige lihtsamat vooluahelat \u2013 taskulampi.<\/p>\n<p><\/p><div class=\"ratio ratio-16x9 mb-3\"><div class=\"video-placeholder-wrapper video-placeholder-wrapper--16x9\">\n\t\t\t    <div class=\"video-placeholder d-flex justify-content-center align-items-center\">\n\t\t\t        <div class=\"overlay text-white p-2 w-100 text-center d-block justify-content-center align-items-center\">\n\t\t\t            <div>Kolmandate osapoolte sisu n\u00e4gemiseks palun n\u00f5ustu k\u00fcpsistega.<\/div>\n\t\t\t            <button class=\"btn btn-secondary btn-sm mt-1 consent-change\">Muuda n\u00f5usolekut<\/button>\n\t\t\t        <\/div>\n\t\t\t    <\/div>\n\t\t\t<\/div>\n<\/div>\n<p style=\"text-align: center\"><a href=\"https:\/\/youtu.be\/4ocQjPfBEGo\" target=\"_blank\" rel=\"noopener\">https:\/\/youtu.be\/4ocQjPfBEGo<\/a><\/p>\n<h5><img loading=\"lazy\" decoding=\"async\" width=\"40\" height=\"40\" class=\"alignnone wp-image-77\" style=\"margin-left: 10px;margin-right: 10px\" src=\"https:\/\/sisu.ut.ee\/wp-content\/uploads\/sites\/189\/motle.png\" title=\"motle.png\" alt=\"motle.png\">\u00a0M\u00f5tle kaasa!<\/h5>\n<ul>\n<li>Mis on need kolm komponenti, millest taskulamp koosneb?<\/li>\n<li>Mis juhtuks, kui taskulambi skeemist l\u00fcliti \u00e4ra v\u00f5tta?<\/li>\n<\/ul>\n<p><\/p><div class=\"accordion mb-3\">\n        <div class=\"accordion-item accordion-item--white\">\n        <h2 class=\"accordion-header\" id=\"accordion-69d2df42bf627-heading\">\n            <button class=\"accordion-button collapsed\" type=\"button\" data-bs-toggle=\"collapse\" data-bs-target=\"#accordion-69d2df42bf627-collapse\" aria-expanded=\"true\" aria-controls=\"accordion-69d2df42bf627-collapse\">Vastus<\/button>\n        <\/h2>\n        <div id=\"accordion-69d2df42bf627-collapse\" class=\"accordion-collapse collapse\" aria-labelledby=\"accordion-69d2df42bf627-heading\">\n            <div class=\"accordion-body\">\n<ul>\n<li>Taskulamp koosneb p\u00f5hiliselt l\u00fclitist, akust ning valgusallikast.<\/li>\n<li>L\u00fcliti puudumisel p\u00f5leks lamp kogu aeg.<\/li>\n<\/ul>\n<p><\/p><\/div>\n        <\/div>\n        <\/div>\n    <\/div>\n","protected":false},"excerpt":{"rendered":"<p>Alustame sellest, mis on elektripinge ja elektrivool. Olete kunagi n\u00e4inud veetorusid v\u00f5i vees\u00fcsteeme? V\u00f5tame selle n\u00e4ite aluseks. Vaatame \u00fchte k\u00f5ige lihtsamat vooluahelat \u2013 taskulampi. Kolmandate osapoolte sisu n\u00e4gemiseks palun n\u00f5ustu k\u00fcpsistega. Muuda n\u00f5usolekut https:\/\/youtu.be\/4ocQjPfBEGo \u00a0M\u00f5tle kaasa! Mis on need kolm &#8230;<\/p>\n","protected":false},"author":93,"featured_media":0,"parent":0,"menu_order":0,"comment_status":"closed","ping_status":"closed","template":"","meta":{"_acf_changed":false,"inline_featured_image":false,"footnotes":""},"class_list":["post-3","page","type-page","status-publish","hentry"],"acf":[],"_links":{"self":[{"href":"https:\/\/sisu.ut.ee\/elektroonika\/wp-json\/wp\/v2\/pages\/3","targetHints":{"allow":["GET"]}}],"collection":[{"href":"https:\/\/sisu.ut.ee\/elektroonika\/wp-json\/wp\/v2\/pages"}],"about":[{"href":"https:\/\/sisu.ut.ee\/elektroonika\/wp-json\/wp\/v2\/types\/page"}],"author":[{"embeddable":true,"href":"https:\/\/sisu.ut.ee\/elektroonika\/wp-json\/wp\/v2\/users\/93"}],"replies":[{"embeddable":true,"href":"https:\/\/sisu.ut.ee\/elektroonika\/wp-json\/wp\/v2\/comments?post=3"}],"version-history":[{"count":1,"href":"https:\/\/sisu.ut.ee\/elektroonika\/wp-json\/wp\/v2\/pages\/3\/revisions"}],"predecessor-version":[{"id":258,"href":"https:\/\/sisu.ut.ee\/elektroonika\/wp-json\/wp\/v2\/pages\/3\/revisions\/258"}],"wp:attachment":[{"href":"https:\/\/sisu.ut.ee\/elektroonika\/wp-json\/wp\/v2\/media?parent=3"}],"curies":[{"name":"wp","href":"https:\/\/api.w.org\/{rel}","templated":true}]}}