{"id":28,"date":"2024-04-04T03:04:45","date_gmt":"2024-04-04T00:04:45","guid":{"rendered":"https:\/\/sisu.ut.ee\/elektroonika\/4-multivibraator\/"},"modified":"2024-04-04T03:05:54","modified_gmt":"2024-04-04T00:05:54","slug":"4-multivibraator","status":"publish","type":"page","link":"https:\/\/sisu.ut.ee\/elektroonika\/4-multivibraator\/","title":{"rendered":"4. Multivibraator"},"content":{"rendered":"<p><span>Multivibraator on elektroonikaskeem, mis positiivse tagasiside t\u00f5ttu l\u00fclitub kahe oleku vahel. Multivibraatori v\u00e4ljundiks on katkematu ristk\u00fclikimpulsside jada, kus pinge on kas ligil\u00e4hedane toitepingega v\u00f5i ligil\u00e4hedane nullpingega. Kui multivibraatori v\u00e4ljundi k\u00fclge \u00fchendada valgusdiood, siis see hakkab vilkuma. Kui \u00fchendada valjuh\u00e4\u00e4ldi, siis see hakkab piiksuma. Vilkumise v\u00f5i piiksumise sagedus (\u00f5igemini impulsside ajaline kestus) m\u00e4\u00e4ratakse eelmisest loengust tuttava RC-ahelaga.<\/span><\/p>\n<p><span id=\"docs-internal-guid-5797e69e-217d-f24d-620c-ebe977db21cb\"><span>J\u00e4rgnevates loengutes konstrueerime vilkuva-piiksuva multivibraatori kasutades Schmitti trigereid mikroskeemis CD40106B.<\/span><\/span><\/p>\n","protected":false},"excerpt":{"rendered":"<p>Multivibraator on elektroonikaskeem, mis positiivse tagasiside t\u00f5ttu l\u00fclitub kahe oleku vahel. Multivibraatori v\u00e4ljundiks on katkematu ristk\u00fclikimpulsside jada, kus pinge on kas ligil\u00e4hedane toitepingega v\u00f5i ligil\u00e4hedane nullpingega. Kui multivibraatori v\u00e4ljundi k\u00fclge \u00fchendada valgusdiood, siis see hakkab vilkuma. Kui \u00fchendada valjuh\u00e4\u00e4ldi, siis &#8230;<\/p>\n","protected":false},"author":93,"featured_media":0,"parent":0,"menu_order":0,"comment_status":"closed","ping_status":"closed","template":"","meta":{"_acf_changed":false,"inline_featured_image":false,"footnotes":""},"class_list":["post-28","page","type-page","status-publish","hentry"],"acf":[],"_links":{"self":[{"href":"https:\/\/sisu.ut.ee\/elektroonika\/wp-json\/wp\/v2\/pages\/28","targetHints":{"allow":["GET"]}}],"collection":[{"href":"https:\/\/sisu.ut.ee\/elektroonika\/wp-json\/wp\/v2\/pages"}],"about":[{"href":"https:\/\/sisu.ut.ee\/elektroonika\/wp-json\/wp\/v2\/types\/page"}],"author":[{"embeddable":true,"href":"https:\/\/sisu.ut.ee\/elektroonika\/wp-json\/wp\/v2\/users\/93"}],"replies":[{"embeddable":true,"href":"https:\/\/sisu.ut.ee\/elektroonika\/wp-json\/wp\/v2\/comments?post=28"}],"version-history":[{"count":1,"href":"https:\/\/sisu.ut.ee\/elektroonika\/wp-json\/wp\/v2\/pages\/28\/revisions"}],"predecessor-version":[{"id":257,"href":"https:\/\/sisu.ut.ee\/elektroonika\/wp-json\/wp\/v2\/pages\/28\/revisions\/257"}],"wp:attachment":[{"href":"https:\/\/sisu.ut.ee\/elektroonika\/wp-json\/wp\/v2\/media?parent=28"}],"curies":[{"name":"wp","href":"https:\/\/api.w.org\/{rel}","templated":true}]}}