{"id":25,"date":"2024-04-04T03:04:45","date_gmt":"2024-04-04T00:04:45","guid":{"rendered":"https:\/\/sisu.ut.ee\/elektroonika\/55-monovibraator\/"},"modified":"2024-04-04T03:05:54","modified_gmt":"2024-04-04T00:05:54","slug":"55-monovibraator","status":"publish","type":"page","link":"https:\/\/sisu.ut.ee\/elektroonika\/55-monovibraator\/","title":{"rendered":"5.5. Monovibraator"},"content":{"rendered":"<p><span data-mce-mark=\"1\">Senistes loengutes oleme n\u00e4inud kuidas k\u00e4ib multivibraator. Meil oli multivibraator Schmitti trigeriga ja 555 taimeriga. Kas oled m\u00f5elnud, miks just selline nimetus? Aga sellep\u00e4rast, et on olemas ka monovibraator ehk monostabiilne multivibraator.<\/span><\/p>\n<p><span data-mce-mark=\"1\">Monovibraator on niisugune multivibraator, mis v\u00e4lise elektriimpulsi peale teeb ainult \u00fche impulsi, mille kestus on m\u00e4\u00e4ratud RC ahelaga. Selles loengus paneme kokku 555 taimeriga monovibraatori. Monovibraatori p\u00f5hilist kasutuskohta vaatame j\u00e4rgmises loengus.<\/span><\/p>\n<p style=\"text-align: center\"><span data-mce-mark=\"1\"><div class=\"ratio ratio-16x9 mb-3\"><div class=\"video-placeholder-wrapper video-placeholder-wrapper--16x9\">\n\t\t\t    <div class=\"video-placeholder d-flex justify-content-center align-items-center\">\n\t\t\t        <div class=\"overlay text-white p-2 w-100 text-center d-block justify-content-center align-items-center\">\n\t\t\t            <div>Kolmandate osapoolte sisu n\u00e4gemiseks palun n\u00f5ustu k\u00fcpsistega.<\/div>\n\t\t\t            <button class=\"btn btn-secondary btn-sm mt-1 consent-change\">Muuda n\u00f5usolekut<\/button>\n\t\t\t        <\/div>\n\t\t\t    <\/div>\n\t\t\t<\/div>\n<\/div><\/span><\/p>\n<p style=\"text-align: center\"><a href=\"https:\/\/youtu.be\/Jc1lE_TKeT4\" target=\"_blank\" rel=\"noopener\">https:\/\/youtu.be\/Jc1lE_TKeT4<\/a><\/p>\n<p><span data-mce-mark=\"1\"><span data-mce-mark=\"1\">\u00a0<\/span><\/span><\/p>\n<p>Praktilise t\u00f6\u00f6 jaoks vajad j\u00e4rgmisi vahendeid:<\/p>\n<ul>\n<li>NE555 taimeriga multivibraator makettplaadil<\/li>\n<li>teine mikroskeem NE555<\/li>\n<li>teine potentsiomeeter<\/li>\n<li>veel \u00fcks valgusdiood<\/li>\n<li>takistid<\/li>\n<li>kondensaatorid<\/li>\n<li>vooluallikas<\/li>\n<\/ul>\n","protected":false},"excerpt":{"rendered":"<p>Senistes loengutes oleme n\u00e4inud kuidas k\u00e4ib multivibraator. Meil oli multivibraator Schmitti trigeriga ja 555 taimeriga. Kas oled m\u00f5elnud, miks just selline nimetus? Aga sellep\u00e4rast, et on olemas ka monovibraator ehk monostabiilne multivibraator. Monovibraator on niisugune multivibraator, mis v\u00e4lise elektriimpulsi peale &#8230;<\/p>\n","protected":false},"author":93,"featured_media":0,"parent":0,"menu_order":0,"comment_status":"closed","ping_status":"closed","template":"","meta":{"_acf_changed":false,"inline_featured_image":false,"footnotes":""},"class_list":["post-25","page","type-page","status-publish","hentry"],"acf":[],"_links":{"self":[{"href":"https:\/\/sisu.ut.ee\/elektroonika\/wp-json\/wp\/v2\/pages\/25","targetHints":{"allow":["GET"]}}],"collection":[{"href":"https:\/\/sisu.ut.ee\/elektroonika\/wp-json\/wp\/v2\/pages"}],"about":[{"href":"https:\/\/sisu.ut.ee\/elektroonika\/wp-json\/wp\/v2\/types\/page"}],"author":[{"embeddable":true,"href":"https:\/\/sisu.ut.ee\/elektroonika\/wp-json\/wp\/v2\/users\/93"}],"replies":[{"embeddable":true,"href":"https:\/\/sisu.ut.ee\/elektroonika\/wp-json\/wp\/v2\/comments?post=25"}],"version-history":[{"count":1,"href":"https:\/\/sisu.ut.ee\/elektroonika\/wp-json\/wp\/v2\/pages\/25\/revisions"}],"predecessor-version":[{"id":254,"href":"https:\/\/sisu.ut.ee\/elektroonika\/wp-json\/wp\/v2\/pages\/25\/revisions\/254"}],"wp:attachment":[{"href":"https:\/\/sisu.ut.ee\/elektroonika\/wp-json\/wp\/v2\/media?parent=25"}],"curies":[{"name":"wp","href":"https:\/\/api.w.org\/{rel}","templated":true}]}}