{"id":22,"date":"2024-04-04T03:04:45","date_gmt":"2024-04-04T00:04:45","guid":{"rendered":"https:\/\/sisu.ut.ee\/elektroonika\/63-dioodi-tunnusjoone-mootmine\/"},"modified":"2024-04-04T03:05:54","modified_gmt":"2024-04-04T00:05:54","slug":"63-dioodi-tunnusjoone-mootmine","status":"publish","type":"page","link":"https:\/\/sisu.ut.ee\/elektroonika\/63-dioodi-tunnusjoone-mootmine\/","title":{"rendered":"6.3. Dioodi tunnusjoone m\u00f5\u00f5tmine"},"content":{"rendered":"<p><span>Dioodi tunnusjooneks e. volt-amper karakteristikuks nimetatakse dioodi l\u00e4biva voolutugevuse s\u00f5ltuvust dioodile rakendatud pingest. Iga konkreetse dioodi tunnusjoon on natuke erinev, aga \u00fcldine s\u00f5ltuvus on k\u00f5igil \u00fchesugune.\u00a0<\/span>Selleks, et m\u00f5ista, mida pooljuhi tunnusjoon tegelikult n\u00e4itab, peaksid kogu videos n\u00e4idatud protsessi iseseisvalt l\u00e4bi tegema.<\/p>\n<p><span>Dioodi tunnusjoone korrektseks m\u00f5\u00f5tmiseks on vaja reguleeritavat toiteplokki ning korraga voltmeetrit ja ampermeetrit. Selles videos n\u00e4itame, kuidas m\u00f5\u00f5ta dioodi tunnusjoon kasutades vooluallikaks \u00fchte 1,5V patareid ning ainult \u00fchte multimeetrit pinge ja voolutugevuse m\u00f5\u00f5tmiseks kordam\u00f6\u00f6da.<\/span><\/p>\n<p style=\"text-align: center\"><\/p><div class=\"ratio ratio-16x9 mb-3\"><div class=\"video-placeholder-wrapper video-placeholder-wrapper--16x9\">\n\t\t\t    <div class=\"video-placeholder d-flex justify-content-center align-items-center\">\n\t\t\t        <div class=\"overlay text-white p-2 w-100 text-center d-block justify-content-center align-items-center\">\n\t\t\t            <div>Kolmandate osapoolte sisu n\u00e4gemiseks palun n\u00f5ustu k\u00fcpsistega.<\/div>\n\t\t\t            <button class=\"btn btn-secondary btn-sm mt-1 consent-change\">Muuda n\u00f5usolekut<\/button>\n\t\t\t        <\/div>\n\t\t\t    <\/div>\n\t\t\t<\/div>\n<\/div>\n<p style=\"text-align: center\"><a href=\"https:\/\/youtu.be\/o6zVNkB5O3o\" target=\"_blank\" rel=\"noopener\">https:\/\/youtu.be\/o6zVNkB5O3o<\/a><\/p>\n<p>Praktilise t\u00f6\u00f6 jaoks vajad j\u00e4rgmisi vahendeid:<\/p>\n<ul>\n<li>makettplaat<\/li>\n<li>multimeeter<\/li>\n<li>diood<\/li>\n<li>1,5V patarei (soovitatavalt D-t\u00fc\u00fcpi)<\/li>\n<li>k\u00fcmme 1,5\u2126 takistit<\/li>\n<li>kaks 2,2 \u2126 takistit<\/li>\n<li>\u00fcks 4,7\u2126 takisti<\/li>\n<\/ul>\n","protected":false},"excerpt":{"rendered":"<p>Dioodi tunnusjooneks e. volt-amper karakteristikuks nimetatakse dioodi l\u00e4biva voolutugevuse s\u00f5ltuvust dioodile rakendatud pingest. Iga konkreetse dioodi tunnusjoon on natuke erinev, aga \u00fcldine s\u00f5ltuvus on k\u00f5igil \u00fchesugune.\u00a0Selleks, et m\u00f5ista, mida pooljuhi tunnusjoon tegelikult n\u00e4itab, peaksid kogu videos n\u00e4idatud protsessi iseseisvalt l\u00e4bi &#8230;<\/p>\n","protected":false},"author":93,"featured_media":0,"parent":0,"menu_order":0,"comment_status":"closed","ping_status":"closed","template":"","meta":{"_acf_changed":false,"inline_featured_image":false,"footnotes":""},"class_list":["post-22","page","type-page","status-publish","hentry"],"acf":[],"_links":{"self":[{"href":"https:\/\/sisu.ut.ee\/elektroonika\/wp-json\/wp\/v2\/pages\/22","targetHints":{"allow":["GET"]}}],"collection":[{"href":"https:\/\/sisu.ut.ee\/elektroonika\/wp-json\/wp\/v2\/pages"}],"about":[{"href":"https:\/\/sisu.ut.ee\/elektroonika\/wp-json\/wp\/v2\/types\/page"}],"author":[{"embeddable":true,"href":"https:\/\/sisu.ut.ee\/elektroonika\/wp-json\/wp\/v2\/users\/93"}],"replies":[{"embeddable":true,"href":"https:\/\/sisu.ut.ee\/elektroonika\/wp-json\/wp\/v2\/comments?post=22"}],"version-history":[{"count":1,"href":"https:\/\/sisu.ut.ee\/elektroonika\/wp-json\/wp\/v2\/pages\/22\/revisions"}],"predecessor-version":[{"id":251,"href":"https:\/\/sisu.ut.ee\/elektroonika\/wp-json\/wp\/v2\/pages\/22\/revisions\/251"}],"wp:attachment":[{"href":"https:\/\/sisu.ut.ee\/elektroonika\/wp-json\/wp\/v2\/media?parent=22"}],"curies":[{"name":"wp","href":"https:\/\/api.w.org\/{rel}","templated":true}]}}