{"id":21,"date":"2024-04-04T03:04:45","date_gmt":"2024-04-04T00:04:45","guid":{"rendered":"https:\/\/sisu.ut.ee\/elektroonika\/17-taskulambis-vea-otsimine\/"},"modified":"2024-04-04T03:05:54","modified_gmt":"2024-04-04T00:05:54","slug":"17-taskulambis-vea-otsimine","status":"publish","type":"page","link":"https:\/\/sisu.ut.ee\/elektroonika\/17-taskulambis-vea-otsimine\/","title":{"rendered":"1.7. Taskulambis vea otsimine"},"content":{"rendered":"<p><span data-mce-mark=\"1\">On Teil juhtunud, et taskulamp ei t\u00f6\u00f6ta? Vahetate \u00e4ra akud v\u00f5i patareid, aga ikka ei aita. M\u00f5ned nipid on veel, mida v\u00f5ib proovida enne, kui uut ostma asute. Selles loengus vaatamegi m\u00f5ningaid levinud vigasid, mis vaevavad h\u00f5\u00f5glambiga taskulampe. R\u00e4\u00e4gime p\u00f5gusalt ka valgusdioode kasutavate taskulampide vigadest.<\/span><\/p>\n<p>Praktilises osas\u00a0l\u00e4heb vaja:<\/p>\n<ul>\n<li>vanemat taskulampi<\/li>\n<li>multimeetrit<\/li>\n<\/ul>\n<p>Aga v\u00f5ite selle loengu ka j\u00e4rgi proovimata \u00fcle vaadata.<\/p>\n<p><span data-mce-mark=\"1\"><div class=\"ratio ratio-16x9 mb-3\"><div class=\"video-placeholder-wrapper video-placeholder-wrapper--16x9\">\n\t\t\t    <div class=\"video-placeholder d-flex justify-content-center align-items-center\">\n\t\t\t        <div class=\"overlay text-white p-2 w-100 text-center d-block justify-content-center align-items-center\">\n\t\t\t            <div>Kolmandate osapoolte sisu n\u00e4gemiseks palun n\u00f5ustu k\u00fcpsistega.<\/div>\n\t\t\t            <button class=\"btn btn-secondary btn-sm mt-1 consent-change\">Muuda n\u00f5usolekut<\/button>\n\t\t\t        <\/div>\n\t\t\t    <\/div>\n\t\t\t<\/div>\n<\/div><\/span><\/p>\n<p style=\"text-align: center\"><a href=\"https:\/\/youtu.be\/7fVLd8-Ir0g\" target=\"_blank\" rel=\"noopener\"><span data-mce-mark=\"1\"><span data-mce-mark=\"1\">https:\/\/youtu.be\/7fVLd8-Ir0g<\/span><\/span><\/a><\/p>\n\n<h5><span data-mce-mark=\"1\"><img loading=\"lazy\" decoding=\"async\" width=\"40\" height=\"40\" class=\"alignnone wp-image-77\" style=\"margin-left: 10px;margin-right: 10px\" src=\"https:\/\/sisu.ut.ee\/wp-content\/uploads\/sites\/189\/motle.png\" title=\"motle.png\" alt=\"motle.png\">\u00a0M\u00f5tle kaasa!<\/span><\/h5>\n<p><span data-mce-mark=\"1\"><\/span><span data-mce-mark=\"1\">Tegelikult ei olnud probleem l\u00fclitis. Ma isegi ei teadnud, et l\u00fcliti nii suure takistusega on. Mida ma tegin taskulambiga, et see ei t\u00f6\u00f6taks nagu video alguses n\u00e4idatud?<\/span><\/p>\n<p><\/p><div class=\"accordion mb-3\">\n        <div class=\"accordion-item accordion-item--white\">\n        <h2 class=\"accordion-header\" id=\"accordion-69d5482ca4e4f-heading\">\n            <button class=\"accordion-button collapsed\" type=\"button\" data-bs-toggle=\"collapse\" data-bs-target=\"#accordion-69d5482ca4e4f-collapse\" aria-expanded=\"true\" aria-controls=\"accordion-69d5482ca4e4f-collapse\">Vastus<\/button>\n        <\/h2>\n        <div id=\"accordion-69d5482ca4e4f-collapse\" class=\"accordion-collapse collapse\" aria-labelledby=\"accordion-69d5482ca4e4f-heading\">\n            <div class=\"accordion-body\">\n<p><span data-mce-mark=\"1\"><\/span><span data-mce-mark=\"1\">H\u00f5\u00f5glamp oli pesast veidikene v\u00e4lja keeratud.<\/span><\/p>\n<p><span><span><\/span><\/span><\/p><\/div>\n        <\/div>\n        <\/div>\n    <\/div>\n","protected":false},"excerpt":{"rendered":"<p>On Teil juhtunud, et taskulamp ei t\u00f6\u00f6ta? Vahetate \u00e4ra akud v\u00f5i patareid, aga ikka ei aita. M\u00f5ned nipid on veel, mida v\u00f5ib proovida enne, kui uut ostma asute. Selles loengus vaatamegi m\u00f5ningaid levinud vigasid, mis vaevavad h\u00f5\u00f5glambiga taskulampe. R\u00e4\u00e4gime p\u00f5gusalt &#8230;<\/p>\n","protected":false},"author":93,"featured_media":0,"parent":0,"menu_order":0,"comment_status":"closed","ping_status":"closed","template":"","meta":{"_acf_changed":false,"inline_featured_image":false,"footnotes":""},"class_list":["post-21","page","type-page","status-publish","hentry"],"acf":[],"_links":{"self":[{"href":"https:\/\/sisu.ut.ee\/elektroonika\/wp-json\/wp\/v2\/pages\/21","targetHints":{"allow":["GET"]}}],"collection":[{"href":"https:\/\/sisu.ut.ee\/elektroonika\/wp-json\/wp\/v2\/pages"}],"about":[{"href":"https:\/\/sisu.ut.ee\/elektroonika\/wp-json\/wp\/v2\/types\/page"}],"author":[{"embeddable":true,"href":"https:\/\/sisu.ut.ee\/elektroonika\/wp-json\/wp\/v2\/users\/93"}],"replies":[{"embeddable":true,"href":"https:\/\/sisu.ut.ee\/elektroonika\/wp-json\/wp\/v2\/comments?post=21"}],"version-history":[{"count":1,"href":"https:\/\/sisu.ut.ee\/elektroonika\/wp-json\/wp\/v2\/pages\/21\/revisions"}],"predecessor-version":[{"id":250,"href":"https:\/\/sisu.ut.ee\/elektroonika\/wp-json\/wp\/v2\/pages\/21\/revisions\/250"}],"wp:attachment":[{"href":"https:\/\/sisu.ut.ee\/elektroonika\/wp-json\/wp\/v2\/media?parent=21"}],"curies":[{"name":"wp","href":"https:\/\/api.w.org\/{rel}","templated":true}]}}