{"id":19,"date":"2024-04-04T03:04:45","date_gmt":"2024-04-04T00:04:45","guid":{"rendered":"https:\/\/sisu.ut.ee\/elektroonika\/15-elektripinge\/"},"modified":"2024-04-04T03:05:54","modified_gmt":"2024-04-04T00:05:54","slug":"15-elektripinge","status":"publish","type":"page","link":"https:\/\/sisu.ut.ee\/elektroonika\/15-elektripinge\/","title":{"rendered":"1.5. Elektripinge"},"content":{"rendered":"<p><span>Elektripinge on \u00fcks v\u00e4ga huvitav ning arusaamatu suurus. Selles loengus teeme selgeks, mida t\u00e4hendab elektripinge \u00fchik <strong>volt<\/strong> ning kes oli sellenimeline h\u00e4rra. Lisaks \u00f5pime, miks peaks arvestama vooluaehalas vooluallika polaarsusega ning l\u00f5pus n\u00e4itame, kui eredalt v\u00f5ib meie h\u00f5\u00f5glamp p\u00f5leda (Mitte korrata!).<\/span><\/p>\n<p><span data-mce-mark=\"1\">Videos seletatakse, mis on elektripinge ning kuna see avastati. Lisaks r\u00e4\u00e4gime, mis t\u00e4hendab polaarsus ning mida kirjeldab volt. L\u00f5pus viime l\u00e4bi katse h\u00f5\u00f5glambiga.<\/span><\/p>\n<p><span><div class=\"ratio ratio-16x9 mb-3\"><div class=\"video-placeholder-wrapper video-placeholder-wrapper--16x9\">\n\t\t\t    <div class=\"video-placeholder d-flex justify-content-center align-items-center\">\n\t\t\t        <div class=\"overlay text-white p-2 w-100 text-center d-block justify-content-center align-items-center\">\n\t\t\t            <div>Kolmandate osapoolte sisu n\u00e4gemiseks palun n\u00f5ustu k\u00fcpsistega.<\/div>\n\t\t\t            <button class=\"btn btn-secondary btn-sm mt-1 consent-change\">Muuda n\u00f5usolekut<\/button>\n\t\t\t        <\/div>\n\t\t\t    <\/div>\n\t\t\t<\/div>\n<\/div><\/span><\/p>\n<p style=\"text-align: center\"><a href=\"https:\/\/youtu.be\/ch6Cokcnflw\" target=\"_blank\" rel=\"noopener\"><span>https:\/\/youtu.be\/ch6Cokcnflw<\/span><\/a><\/p>\n<h5><img loading=\"lazy\" decoding=\"async\" width=\"40\" height=\"40\" class=\"alignnone wp-image-77\" style=\"margin-left: 10px;margin-right: 10px\" src=\"https:\/\/sisu.ut.ee\/wp-content\/uploads\/sites\/189\/motle.png\" title=\"motle.png\" alt=\"motle.png\">\u00a0M\u00f5tle kaasa!<\/h5>\n<ul>\n<li>Mis on volt? Mida see n\u00e4itab (enda s\u00f5nadega)?<\/li>\n<li>Miks akud ei kesta igavesti?<\/li>\n<\/ul>\n<p><\/p><div class=\"accordion mb-3\">\n        <div class=\"accordion-item accordion-item--white\">\n        <h2 class=\"accordion-header\" id=\"accordion-69d2bde33049e-heading\">\n            <button class=\"accordion-button collapsed\" type=\"button\" data-bs-toggle=\"collapse\" data-bs-target=\"#accordion-69d2bde33049e-collapse\" aria-expanded=\"true\" aria-controls=\"accordion-69d2bde33049e-collapse\">Vastus<\/button>\n        <\/h2>\n        <div id=\"accordion-69d2bde33049e-collapse\" class=\"accordion-collapse collapse\" aria-labelledby=\"accordion-69d2bde33049e-heading\">\n            <div class=\"accordion-body\">\n<ul>\n<li>Volt on \u00fchik, mis kirjeldab, kui \u201ck\u00f5vasti suudab vooluallikas laenguid pressida l\u00e4bi takistuste\u201d.<\/li>\n<li>Akud ei kesta igavesti, sest laengute liikumine \u201ckulutab l\u00e4bi anoodi ja katoodi\u201d.<\/li>\n<\/ul>\n<p><span id=\"docs-internal-guid-5797e69e-3637-3b1d-a97d-ceaea51a834f\"><\/span><\/p><\/div>\n        <\/div>\n        <\/div>\n    <\/div>\n","protected":false},"excerpt":{"rendered":"<p>Elektripinge on \u00fcks v\u00e4ga huvitav ning arusaamatu suurus. Selles loengus teeme selgeks, mida t\u00e4hendab elektripinge \u00fchik volt ning kes oli sellenimeline h\u00e4rra. Lisaks \u00f5pime, miks peaks arvestama vooluaehalas vooluallika polaarsusega ning l\u00f5pus n\u00e4itame, kui eredalt v\u00f5ib meie h\u00f5\u00f5glamp p\u00f5leda (Mitte &#8230;<\/p>\n","protected":false},"author":93,"featured_media":0,"parent":0,"menu_order":0,"comment_status":"closed","ping_status":"closed","template":"","meta":{"_acf_changed":false,"inline_featured_image":false,"footnotes":""},"class_list":["post-19","page","type-page","status-publish","hentry"],"acf":[],"_links":{"self":[{"href":"https:\/\/sisu.ut.ee\/elektroonika\/wp-json\/wp\/v2\/pages\/19","targetHints":{"allow":["GET"]}}],"collection":[{"href":"https:\/\/sisu.ut.ee\/elektroonika\/wp-json\/wp\/v2\/pages"}],"about":[{"href":"https:\/\/sisu.ut.ee\/elektroonika\/wp-json\/wp\/v2\/types\/page"}],"author":[{"embeddable":true,"href":"https:\/\/sisu.ut.ee\/elektroonika\/wp-json\/wp\/v2\/users\/93"}],"replies":[{"embeddable":true,"href":"https:\/\/sisu.ut.ee\/elektroonika\/wp-json\/wp\/v2\/comments?post=19"}],"version-history":[{"count":1,"href":"https:\/\/sisu.ut.ee\/elektroonika\/wp-json\/wp\/v2\/pages\/19\/revisions"}],"predecessor-version":[{"id":248,"href":"https:\/\/sisu.ut.ee\/elektroonika\/wp-json\/wp\/v2\/pages\/19\/revisions\/248"}],"wp:attachment":[{"href":"https:\/\/sisu.ut.ee\/elektroonika\/wp-json\/wp\/v2\/media?parent=19"}],"curies":[{"name":"wp","href":"https:\/\/api.w.org\/{rel}","templated":true}]}}