{"id":18,"date":"2024-04-04T03:04:45","date_gmt":"2024-04-04T00:04:45","guid":{"rendered":"https:\/\/sisu.ut.ee\/elektroonika\/14-luhis\/"},"modified":"2024-04-04T03:05:54","modified_gmt":"2024-04-04T00:05:54","slug":"14-luhis","status":"publish","type":"page","link":"https:\/\/sisu.ut.ee\/elektroonika\/14-luhis\/","title":{"rendered":"1.4. L\u00fchis"},"content":{"rendered":"<p>Elekter on sageli tekitanud tulekahjusid ning p\u00f5hjustanud k\u00e4rssavaid juhtmeid. Kuidas see juhtub? Mis seda p\u00f5hjustab? Selles loengus k\u00e4rsatame l\u00e4bi juhtmeid ning uurime, mis on l\u00fchis ning saame teada, miks see meile ei meeldi. Lisaks \u00f5pime tundma oma s\u00f5pru isolatsiooni ja isolaatoreid.<\/p>\n<p style=\"text-align: center\"><\/p><div class=\"ratio ratio-16x9 mb-3\"><div class=\"video-placeholder-wrapper video-placeholder-wrapper--16x9\">\n\t\t\t    <div class=\"video-placeholder d-flex justify-content-center align-items-center\">\n\t\t\t        <div class=\"overlay text-white p-2 w-100 text-center d-block justify-content-center align-items-center\">\n\t\t\t            <div>Kolmandate osapoolte sisu n\u00e4gemiseks palun n\u00f5ustu k\u00fcpsistega.<\/div>\n\t\t\t            <button class=\"btn btn-secondary btn-sm mt-1 consent-change\">Muuda n\u00f5usolekut<\/button>\n\t\t\t        <\/div>\n\t\t\t    <\/div>\n\t\t\t<\/div>\n<\/div>\u00a0\n<p style=\"text-align: center\"><a href=\"https:\/\/youtu.be\/zQberIIrAjU\" target=\"_blank\" rel=\"noopener\">https:\/\/youtu.be\/zQberIIrAjU<\/a><\/p>\n<h5><img loading=\"lazy\" decoding=\"async\" width=\"40\" height=\"40\" class=\"alignnone wp-image-77\" style=\"margin-left: 10px;margin-right: 10px\" src=\"https:\/\/sisu.ut.ee\/wp-content\/uploads\/sites\/189\/motle.png\" title=\"motle.png\" alt=\"motle.png\">\u00a0M\u00f5tle kaasa!<\/h5>\n<p>Videos 02:37 r\u00e4\u00e4gitakse kaitsmest. Kas toodud ahelas v\u00f5iks kaitsme paigutada ainult \u00fclemise h\u00f5\u00f5glambi ette?<\/p>\n<p><\/p><div class=\"accordion mb-3\">\n        <div class=\"accordion-item accordion-item--white\">\n        <h2 class=\"accordion-header\" id=\"accordion-69d2bde2f058b-heading\">\n            <button class=\"accordion-button collapsed\" type=\"button\" data-bs-toggle=\"collapse\" data-bs-target=\"#accordion-69d2bde2f058b-collapse\" aria-expanded=\"true\" aria-controls=\"accordion-69d2bde2f058b-collapse\">Vastus<\/button>\n        <\/h2>\n        <div id=\"accordion-69d2bde2f058b-collapse\" class=\"accordion-collapse collapse\" aria-labelledby=\"accordion-69d2bde2f058b-heading\">\n            <div class=\"accordion-body\">\n<p>Ei saa, sest vool l\u00e4bib l\u00fchima v\u00f5imaliku teekonna ning kaitse j\u00e4\u00e4ks l\u00fchise korral vooluringist v\u00e4lja.<\/p>\n<p><\/p><\/div>\n        <\/div>\n        <\/div>\n    <\/div>\n","protected":false},"excerpt":{"rendered":"<p>Elekter on sageli tekitanud tulekahjusid ning p\u00f5hjustanud k\u00e4rssavaid juhtmeid. Kuidas see juhtub? Mis seda p\u00f5hjustab? Selles loengus k\u00e4rsatame l\u00e4bi juhtmeid ning uurime, mis on l\u00fchis ning saame teada, miks see meile ei meeldi. Lisaks \u00f5pime tundma oma s\u00f5pru isolatsiooni ja &#8230;<\/p>\n","protected":false},"author":93,"featured_media":0,"parent":0,"menu_order":0,"comment_status":"closed","ping_status":"closed","template":"","meta":{"_acf_changed":false,"inline_featured_image":false,"footnotes":""},"class_list":["post-18","page","type-page","status-publish","hentry"],"acf":[],"_links":{"self":[{"href":"https:\/\/sisu.ut.ee\/elektroonika\/wp-json\/wp\/v2\/pages\/18","targetHints":{"allow":["GET"]}}],"collection":[{"href":"https:\/\/sisu.ut.ee\/elektroonika\/wp-json\/wp\/v2\/pages"}],"about":[{"href":"https:\/\/sisu.ut.ee\/elektroonika\/wp-json\/wp\/v2\/types\/page"}],"author":[{"embeddable":true,"href":"https:\/\/sisu.ut.ee\/elektroonika\/wp-json\/wp\/v2\/users\/93"}],"replies":[{"embeddable":true,"href":"https:\/\/sisu.ut.ee\/elektroonika\/wp-json\/wp\/v2\/comments?post=18"}],"version-history":[{"count":1,"href":"https:\/\/sisu.ut.ee\/elektroonika\/wp-json\/wp\/v2\/pages\/18\/revisions"}],"predecessor-version":[{"id":247,"href":"https:\/\/sisu.ut.ee\/elektroonika\/wp-json\/wp\/v2\/pages\/18\/revisions\/247"}],"wp:attachment":[{"href":"https:\/\/sisu.ut.ee\/elektroonika\/wp-json\/wp\/v2\/media?parent=18"}],"curies":[{"name":"wp","href":"https:\/\/api.w.org\/{rel}","templated":true}]}}