{"id":17,"date":"2024-04-04T03:04:45","date_gmt":"2024-04-04T00:04:45","guid":{"rendered":"https:\/\/sisu.ut.ee\/elektroonika\/13-elektrivool\/"},"modified":"2024-04-04T03:05:54","modified_gmt":"2024-04-04T00:05:54","slug":"13-elektrivool","status":"publish","type":"page","link":"https:\/\/sisu.ut.ee\/elektroonika\/13-elektrivool\/","title":{"rendered":"1.3. Elektrivool"},"content":{"rendered":"<p>Vaatame veetorustiku n\u00e4itel, mis on elektrivool. Miks on elektrivoolul suund, mis tekitab suuna? Saame ka teada, millep\u00e4rast on elektrivoolul tugevus. L\u00f5pus teeme \u00fche katse, et n\u00e4idata, mis on Kirchoffi I seadus.<\/p>\n<p><\/p><div class=\"ratio ratio-16x9 mb-3\"><div class=\"video-placeholder-wrapper video-placeholder-wrapper--16x9\">\n\t\t\t    <div class=\"video-placeholder d-flex justify-content-center align-items-center\">\n\t\t\t        <div class=\"overlay text-white p-2 w-100 text-center d-block justify-content-center align-items-center\">\n\t\t\t            <div>Kolmandate osapoolte sisu n\u00e4gemiseks palun n\u00f5ustu k\u00fcpsistega.<\/div>\n\t\t\t            <button class=\"btn btn-secondary btn-sm mt-1 consent-change\">Muuda n\u00f5usolekut<\/button>\n\t\t\t        <\/div>\n\t\t\t    <\/div>\n\t\t\t<\/div>\n<\/div>\n<p style=\"text-align: center\"><a href=\"https:\/\/youtu.be\/ND1rUMztAYM\" target=\"_blank\" rel=\"noopener\">https:\/\/youtu.be\/ND1rUMztAYM<\/a><\/p>\n<h5><img loading=\"lazy\" decoding=\"async\" width=\"40\" height=\"40\" class=\"alignnone wp-image-77\" style=\"margin-left: 10px;margin-right: 10px\" src=\"https:\/\/sisu.ut.ee\/wp-content\/uploads\/sites\/189\/motle.png\" title=\"motle.png\" alt=\"motle.png\">\u00a0M\u00f5tle kaasa!<\/h5>\n<p>Video l\u00f5pus on Kirchoffi I seadus demonstreeritud kahe h\u00f5\u00f5glambiga, kus m\u00f5lemat h\u00f5\u00f5glampi l\u00e4bib keskmiselt 50 mA. Mis juhtuks, kui h\u00f5\u00f5glampe oleks kolm? Milline oleks voolutugevus igas lambis?<\/p>\n<p><\/p><div class=\"accordion mb-3\">\n        <div class=\"accordion-item accordion-item--white\">\n        <h2 class=\"accordion-header\" id=\"accordion-69d2bde245fd2-heading\">\n            <button class=\"accordion-button collapsed\" type=\"button\" data-bs-toggle=\"collapse\" data-bs-target=\"#accordion-69d2bde245fd2-collapse\" aria-expanded=\"true\" aria-controls=\"accordion-69d2bde245fd2-collapse\">Vastus<\/button>\n        <\/h2>\n        <div id=\"accordion-69d2bde245fd2-collapse\" class=\"accordion-collapse collapse\" aria-labelledby=\"accordion-69d2bde245fd2-heading\">\n            <div class=\"accordion-body\">\n<p>Nagu vesi jaguneb torude vahel, jagunevad laengud juhtmete vahel. Kolme lambiga, mis omavad v\u00f5rset takistust, oleks elektrivool iga\u00fches <strong><span style=\"color: #339966\">33,3 mA<\/span><\/strong>.<\/p>\n<p><\/p><\/div>\n        <\/div>\n        <\/div>\n    <\/div>\n","protected":false},"excerpt":{"rendered":"<p>Vaatame veetorustiku n\u00e4itel, mis on elektrivool. Miks on elektrivoolul suund, mis tekitab suuna? Saame ka teada, millep\u00e4rast on elektrivoolul tugevus. L\u00f5pus teeme \u00fche katse, et n\u00e4idata, mis on Kirchoffi I seadus. Kolmandate osapoolte sisu n\u00e4gemiseks palun n\u00f5ustu k\u00fcpsistega. Muuda n\u00f5usolekut &#8230;<\/p>\n","protected":false},"author":93,"featured_media":0,"parent":0,"menu_order":0,"comment_status":"closed","ping_status":"closed","template":"","meta":{"_acf_changed":false,"inline_featured_image":false,"footnotes":""},"class_list":["post-17","page","type-page","status-publish","hentry"],"acf":[],"_links":{"self":[{"href":"https:\/\/sisu.ut.ee\/elektroonika\/wp-json\/wp\/v2\/pages\/17","targetHints":{"allow":["GET"]}}],"collection":[{"href":"https:\/\/sisu.ut.ee\/elektroonika\/wp-json\/wp\/v2\/pages"}],"about":[{"href":"https:\/\/sisu.ut.ee\/elektroonika\/wp-json\/wp\/v2\/types\/page"}],"author":[{"embeddable":true,"href":"https:\/\/sisu.ut.ee\/elektroonika\/wp-json\/wp\/v2\/users\/93"}],"replies":[{"embeddable":true,"href":"https:\/\/sisu.ut.ee\/elektroonika\/wp-json\/wp\/v2\/comments?post=17"}],"version-history":[{"count":1,"href":"https:\/\/sisu.ut.ee\/elektroonika\/wp-json\/wp\/v2\/pages\/17\/revisions"}],"predecessor-version":[{"id":246,"href":"https:\/\/sisu.ut.ee\/elektroonika\/wp-json\/wp\/v2\/pages\/17\/revisions\/246"}],"wp:attachment":[{"href":"https:\/\/sisu.ut.ee\/elektroonika\/wp-json\/wp\/v2\/media?parent=17"}],"curies":[{"name":"wp","href":"https:\/\/api.w.org\/{rel}","templated":true}]}}