{"id":16,"date":"2024-04-04T03:04:45","date_gmt":"2024-04-04T00:04:45","guid":{"rendered":"https:\/\/sisu.ut.ee\/elektroonika\/12-makettplaat\/"},"modified":"2024-04-04T03:05:54","modified_gmt":"2024-04-04T00:05:54","slug":"12-makettplaat","status":"publish","type":"page","link":"https:\/\/sisu.ut.ee\/elektroonika\/12-makettplaat\/","title":{"rendered":"1.2. Makettplaat"},"content":{"rendered":"<p><span data-mce-mark=\"1\">Makettplaat on vajalik testskeemide tegemiseks. Vaatame, mis on makettplaat, kuidas kasutada seda skeemide loomiseks ning n\u00fc\u00fcd teeme esimese praktilise t\u00f6\u00f6 taskulambi loomiseks makettplaadile. Seda taskulampi v\u00e4ljas kasutada ei saa, aga oma lauda on ikka tore valgustada.<\/span><\/p>\n<p>Siin koostad oma esimese skeemi makettplaadile. Selleks l\u00e4heb sul vaja:<\/p>\n<ul>\n<li>makettplaati<\/li>\n<li>multimeetrit<\/li>\n<li>h\u00f5\u00f5glampi<\/li>\n<li>juhtmeid<\/li>\n<li>akupakki<\/li>\n<li>l\u00fclitit<\/li>\n<\/ul>\n<p><\/p><div class=\"ratio ratio-16x9 mb-3\"><div class=\"video-placeholder-wrapper video-placeholder-wrapper--16x9\">\n\t\t\t    <div class=\"video-placeholder d-flex justify-content-center align-items-center\">\n\t\t\t        <div class=\"overlay text-white p-2 w-100 text-center d-block justify-content-center align-items-center\">\n\t\t\t            <div>Kolmandate osapoolte sisu n\u00e4gemiseks palun n\u00f5ustu k\u00fcpsistega.<\/div>\n\t\t\t            <button class=\"btn btn-secondary btn-sm mt-1 consent-change\">Muuda n\u00f5usolekut<\/button>\n\t\t\t        <\/div>\n\t\t\t    <\/div>\n\t\t\t<\/div>\n<\/div>\n<p style=\"text-align: center\"><span data-mce-mark=\"1\"><span data-mce-mark=\"1\"><a href=\"https:\/\/youtu.be\/MbVNK-9OQkU\" target=\"_blank\" rel=\"noopener\">https:\/\/youtu.be\/MbVNK-9OQkU<\/a><\/span><\/span><\/p>\n<h5><span data-mce-mark=\"1\"><img loading=\"lazy\" decoding=\"async\" width=\"40\" height=\"40\" class=\"alignnone wp-image-77\" style=\"margin-left: 10px;margin-right: 10px\" src=\"https:\/\/sisu.ut.ee\/wp-content\/uploads\/sites\/189\/motle.png\" title=\"motle.png\" alt=\"motle.png\">\u00a0M\u00f5tle kaasa!<\/span><\/h5>\n<p><span data-mce-mark=\"1\"><\/span><span data-mce-mark=\"1\">Kas on vahet, kuhu taskulambi vooluringi l\u00fcliti lisada?<\/span><\/p>\n<p><span data-mce-mark=\"1\"><div class=\"accordion mb-3\">\n        <div class=\"accordion-item accordion-item--white\">\n        <h2 class=\"accordion-header\" id=\"accordion-69dbf9325874f-heading\">\n            <button class=\"accordion-button collapsed\" type=\"button\" data-bs-toggle=\"collapse\" data-bs-target=\"#accordion-69dbf9325874f-collapse\" aria-expanded=\"true\" aria-controls=\"accordion-69dbf9325874f-collapse\">Vastus<\/button>\n        <\/h2>\n        <div id=\"accordion-69dbf9325874f-collapse\" class=\"accordion-collapse collapse\" aria-labelledby=\"accordion-69dbf9325874f-heading\">\n            <div class=\"accordion-body\"><br>\n<p><span data-mce-mark=\"1\"><\/span><span data-mce-mark=\"1\">Ei ole, l\u00fcliti \u00fclesanne on katkestada ja l\u00fclitada vooluahelat \u2013 pole oluline, kuskohas vooluringis seda teha.<\/span><\/p>\n<p><span><\/span><\/p><\/div>\n        <\/div>\n        <\/div>\n    <\/div><\/span><\/p>\n","protected":false},"excerpt":{"rendered":"<p>Makettplaat on vajalik testskeemide tegemiseks. Vaatame, mis on makettplaat, kuidas kasutada seda skeemide loomiseks ning n\u00fc\u00fcd teeme esimese praktilise t\u00f6\u00f6 taskulambi loomiseks makettplaadile. Seda taskulampi v\u00e4ljas kasutada ei saa, aga oma lauda on ikka tore valgustada. Siin koostad oma esimese &#8230;<\/p>\n","protected":false},"author":93,"featured_media":0,"parent":0,"menu_order":0,"comment_status":"closed","ping_status":"closed","template":"","meta":{"_acf_changed":false,"inline_featured_image":false,"footnotes":""},"class_list":["post-16","page","type-page","status-publish","hentry"],"acf":[],"_links":{"self":[{"href":"https:\/\/sisu.ut.ee\/elektroonika\/wp-json\/wp\/v2\/pages\/16","targetHints":{"allow":["GET"]}}],"collection":[{"href":"https:\/\/sisu.ut.ee\/elektroonika\/wp-json\/wp\/v2\/pages"}],"about":[{"href":"https:\/\/sisu.ut.ee\/elektroonika\/wp-json\/wp\/v2\/types\/page"}],"author":[{"embeddable":true,"href":"https:\/\/sisu.ut.ee\/elektroonika\/wp-json\/wp\/v2\/users\/93"}],"replies":[{"embeddable":true,"href":"https:\/\/sisu.ut.ee\/elektroonika\/wp-json\/wp\/v2\/comments?post=16"}],"version-history":[{"count":1,"href":"https:\/\/sisu.ut.ee\/elektroonika\/wp-json\/wp\/v2\/pages\/16\/revisions"}],"predecessor-version":[{"id":245,"href":"https:\/\/sisu.ut.ee\/elektroonika\/wp-json\/wp\/v2\/pages\/16\/revisions\/245"}],"wp:attachment":[{"href":"https:\/\/sisu.ut.ee\/elektroonika\/wp-json\/wp\/v2\/media?parent=16"}],"curies":[{"name":"wp","href":"https:\/\/api.w.org\/{rel}","templated":true}]}}