{"id":14,"date":"2024-04-04T03:04:44","date_gmt":"2024-04-04T00:04:44","guid":{"rendered":"https:\/\/sisu.ut.ee\/elektroonika\/43-schmitti-trigeri-hustereesipinge-mootmine\/"},"modified":"2024-04-04T03:05:54","modified_gmt":"2024-04-04T00:05:54","slug":"43-schmitti-trigeri-hustereesipinge-mootmine","status":"publish","type":"page","link":"https:\/\/sisu.ut.ee\/elektroonika\/43-schmitti-trigeri-hustereesipinge-mootmine\/","title":{"rendered":"4.3. Schmitti trigeri h\u00fcstereesipinge m\u00f5\u00f5tmine"},"content":{"rendered":"<p><span>Shmitti trigereid on palju erinevaid t\u00fc\u00fcpe. K\u00f5iki neid saab iseloomustada 3 parameetriga \u2013 sissel\u00fclitamispinge, v\u00e4ljal\u00fclitamispinge ja h\u00fcstereesipinge. Selles loengus r\u00e4\u00e4gime, kuidas m\u00f5\u00f5ta \u00fche multimeetri abil mikroskeemi CD40106B Schmitti trigeri sisse-ja v\u00e4ljal\u00fclitamispingeid ja kuidas nendest parameetritest arvutatakse h\u00fcstereesipinge.<\/span><\/p>\n<p><\/p><div class=\"ratio ratio-16x9 mb-3\"><div class=\"video-placeholder-wrapper video-placeholder-wrapper--16x9\">\n\t\t\t    <div class=\"video-placeholder d-flex justify-content-center align-items-center\">\n\t\t\t        <div class=\"overlay text-white p-2 w-100 text-center d-block justify-content-center align-items-center\">\n\t\t\t            <div>Kolmandate osapoolte sisu n\u00e4gemiseks palun n\u00f5ustu k\u00fcpsistega.<\/div>\n\t\t\t            <button class=\"btn btn-secondary btn-sm mt-1 consent-change\">Muuda n\u00f5usolekut<\/button>\n\t\t\t        <\/div>\n\t\t\t    <\/div>\n\t\t\t<\/div>\n<\/div>\n<p style=\"text-align: center\"><a href=\"https:\/\/youtu.be\/QngGOQF8otA\" target=\"_blank\" rel=\"noopener\"><span>https:\/\/youtu.be\/QngGOQF8otA<\/span><\/a><\/p>\n\n<h5><span><img loading=\"lazy\" decoding=\"async\" width=\"40\" height=\"40\" class=\"alignnone wp-image-79\" style=\"margin-left: 10px;margin-right: 10px\" src=\"https:\/\/sisu.ut.ee\/wp-content\/uploads\/sites\/189\/katse.png\" title=\"katse.png\" alt=\"katse.png\">Tee kaasa!<\/span><\/h5>\n<p>\u00dclesanne on esitatud videos ajal umbes 07:30 \u2013 08:10.<\/p>\n\n<h5><img loading=\"lazy\" decoding=\"async\" width=\"40\" height=\"40\" class=\"alignnone wp-image-78\" style=\"margin-left: 10px;margin-right: 10px\" src=\"https:\/\/sisu.ut.ee\/wp-content\/uploads\/sites\/189\/tahtis.png\" title=\"tahtis.png\" alt=\"tahtis.png\">J\u00e4ta meelde!<\/h5>\n<p><strong>Elektriliste suuruste m\u00f5\u00f5tmisel tuleb m\u00f5\u00f5ta mitu korda ja v\u00f5tta saadud tulemustest aritmeetiline keskmine.<\/strong><\/p>\n<h5><img loading=\"lazy\" decoding=\"async\" width=\"40\" height=\"40\" class=\"alignnone wp-image-77\" style=\"margin-left: 10px;margin-right: 10px\" src=\"https:\/\/sisu.ut.ee\/wp-content\/uploads\/sites\/189\/motle.png\" title=\"motle.png\" alt=\"motle.png\">\u00a0M\u00f5tle kaasa!<\/h5>\n<p>Potentsiomeetrit kasutatakse selles skeemis reguleeritava pingejagajana. Mis asendis (vahemikus 0-100%) on potentsiomeeter, kui Schmitti trigeri sisendis on pinge:<\/p>\n<ul>\n<li>a) 0V<\/li>\n<li>b) 9,05V<\/li>\n<li>c) VP<\/li>\n<li>d) VN<\/li>\n<\/ul>\n<p><\/p><div class=\"accordion mb-3\">\n        <div class=\"accordion-item accordion-item--white\">\n        <h2 class=\"accordion-header\" id=\"accordion-69d5f07eee723-heading\">\n            <button class=\"accordion-button collapsed\" type=\"button\" data-bs-toggle=\"collapse\" data-bs-target=\"#accordion-69d5f07eee723-collapse\" aria-expanded=\"true\" aria-controls=\"accordion-69d5f07eee723-collapse\">Vastus<\/button>\n        <\/h2>\n        <div id=\"accordion-69d5f07eee723-collapse\" class=\"accordion-collapse collapse\" aria-labelledby=\"accordion-69d5f07eee723-heading\">\n            <div class=\"accordion-body\">\n<p>Lineaarse potentsiomeetri asend protsentides on sama palju, kui palju tema v\u00e4ljundpinge protsentides on toitepingest (9,05V):<\/p>\n<ul>\n<li>a) <span style=\"color: #008000\"><strong>0%<\/strong><\/span><\/li>\n<li>b) <span style=\"color: #008000\"><strong>100%<\/strong><\/span><\/li>\n<li>c) (4,98V\/9,05V) \u00b7 100% = <span style=\"color: #008000\"><strong>55%<\/strong><\/span><\/li>\n<li>d) (3,19V\/9,05V) \u00b7 100% = <span style=\"color: #008000\"><strong>35%<\/strong><\/span><\/li>\n<\/ul>\n<p><\/p><\/div>\n        <\/div>\n        <\/div>\n    <\/div>\n","protected":false},"excerpt":{"rendered":"<p>Shmitti trigereid on palju erinevaid t\u00fc\u00fcpe. K\u00f5iki neid saab iseloomustada 3 parameetriga \u2013 sissel\u00fclitamispinge, v\u00e4ljal\u00fclitamispinge ja h\u00fcstereesipinge. Selles loengus r\u00e4\u00e4gime, kuidas m\u00f5\u00f5ta \u00fche multimeetri abil mikroskeemi CD40106B Schmitti trigeri sisse-ja v\u00e4ljal\u00fclitamispingeid ja kuidas nendest parameetritest arvutatakse h\u00fcstereesipinge. Kolmandate osapoolte sisu &#8230;<\/p>\n","protected":false},"author":93,"featured_media":0,"parent":0,"menu_order":0,"comment_status":"closed","ping_status":"closed","template":"","meta":{"_acf_changed":false,"inline_featured_image":false,"footnotes":""},"class_list":["post-14","page","type-page","status-publish","hentry"],"acf":[],"_links":{"self":[{"href":"https:\/\/sisu.ut.ee\/elektroonika\/wp-json\/wp\/v2\/pages\/14","targetHints":{"allow":["GET"]}}],"collection":[{"href":"https:\/\/sisu.ut.ee\/elektroonika\/wp-json\/wp\/v2\/pages"}],"about":[{"href":"https:\/\/sisu.ut.ee\/elektroonika\/wp-json\/wp\/v2\/types\/page"}],"author":[{"embeddable":true,"href":"https:\/\/sisu.ut.ee\/elektroonika\/wp-json\/wp\/v2\/users\/93"}],"replies":[{"embeddable":true,"href":"https:\/\/sisu.ut.ee\/elektroonika\/wp-json\/wp\/v2\/comments?post=14"}],"version-history":[{"count":1,"href":"https:\/\/sisu.ut.ee\/elektroonika\/wp-json\/wp\/v2\/pages\/14\/revisions"}],"predecessor-version":[{"id":269,"href":"https:\/\/sisu.ut.ee\/elektroonika\/wp-json\/wp\/v2\/pages\/14\/revisions\/269"}],"wp:attachment":[{"href":"https:\/\/sisu.ut.ee\/elektroonika\/wp-json\/wp\/v2\/media?parent=14"}],"curies":[{"name":"wp","href":"https:\/\/api.w.org\/{rel}","templated":true}]}}