{"id":13,"date":"2024-04-04T03:04:44","date_gmt":"2024-04-04T00:04:44","guid":{"rendered":"https:\/\/sisu.ut.ee\/elektroonika\/42-mikroskeemid\/"},"modified":"2024-04-04T03:05:54","modified_gmt":"2024-04-04T00:05:54","slug":"42-mikroskeemid","status":"publish","type":"page","link":"https:\/\/sisu.ut.ee\/elektroonika\/42-mikroskeemid\/","title":{"rendered":"4.2. Mikroskeemid"},"content":{"rendered":"<p><span data-mce-mark=\"1\">J\u00e4rgnevates loengutes hakkame kasutama mikroskeeme, t\u00e4psemalt CD40106 ja NE555. Selles loengus n\u00e4itame, kuidas DIP korpuses mikroskeemide v\u00e4ljaviigud on nummerdatud ja kuidas mikroskeemi panna makettplaadile v\u00f5i teda sealt eemaldada.<\/span><\/p>\n<p><\/p><div class=\"ratio ratio-16x9 mb-3\"><div class=\"video-placeholder-wrapper video-placeholder-wrapper--16x9\">\n\t\t\t    <div class=\"video-placeholder d-flex justify-content-center align-items-center\">\n\t\t\t        <div class=\"overlay text-white p-2 w-100 text-center d-block justify-content-center align-items-center\">\n\t\t\t            <div>Kolmandate osapoolte sisu n\u00e4gemiseks palun n\u00f5ustu k\u00fcpsistega.<\/div>\n\t\t\t            <button class=\"btn btn-secondary btn-sm mt-1 consent-change\">Muuda n\u00f5usolekut<\/button>\n\t\t\t        <\/div>\n\t\t\t    <\/div>\n\t\t\t<\/div>\n<\/div>\n<p style=\"text-align: center\"><a href=\"https:\/\/youtu.be\/qrg9RaDsQqw\" target=\"_blank\" rel=\"noopener\"><span data-mce-mark=\"1\">https:\/\/youtu.be\/qrg9RaDsQqw<\/span><\/a><\/p>\n\n<p><span data-mce-mark=\"1\">Kasulikud veebilingid:<\/span><\/p>\n<ul>\n<li>Mikroskeemi CD40106B andmeleht:\u00a0<a style=\"background-color: #ffffff\" href=\"http:\/\/www.ti.com\/lit\/ds\/symlink\/cd40106b.pdf\" target=\"_blank\" rel=\"noopener\">http:\/\/www.ti.com\/lit\/ds\/symlink\/cd40106b.pdf<\/a><\/li>\n<li>Mikroskeemi NE555 andmeleht:\u00a0<a style=\"background-color: #ffffff\" href=\"http:\/\/www.ti.com\/lit\/ds\/symlink\/ne555.pdf\" target=\"_blank\" rel=\"noopener\">http:\/\/www.ti.com\/lit\/ds\/symlink\/ne555.pdf<\/a><\/li>\n<\/ul>\n<h5><span><img loading=\"lazy\" decoding=\"async\" width=\"40\" height=\"40\" class=\"alignnone wp-image-78\" style=\"margin-right: 10px;margin-left: 10px\" src=\"https:\/\/sisu.ut.ee\/wp-content\/uploads\/sites\/189\/tahtis.png\" title=\"tahtis.png\" alt=\"tahtis.png\">J\u00e4ta meelde!<\/span><span style=\"color: #800000\"> <\/span><\/h5>\n<p><strong>Mikroskeemi esimene jalg on t\u00e4histatud s\u00e4lguga v\u00f5i punktiga. Jalgu loendatakse esimesest alates vastup\u00e4eva \u00fcmber mikroskeemi korpuse. Mikroskeemi ei tohi panna makettplaadile elektriskeemi valepidi, muidu ta p\u00f5leb esimesel sissel\u00fclitamisel l\u00e4bi!<\/strong><\/p>\n<h5><strong><\/strong><img loading=\"lazy\" decoding=\"async\" width=\"40\" height=\"40\" class=\"alignnone wp-image-77\" style=\"margin-left: 10px;margin-right: 10px\" src=\"https:\/\/sisu.ut.ee\/wp-content\/uploads\/sites\/189\/motle.png\" title=\"motle.png\" alt=\"motle.png\">\u00a0M\u00f5tle kaasa!<\/h5>\n<p>Videos ajavahemikul umbes 02:45 \u2013 03:00 on n\u00e4idatud kuidas paigutada mikroskeeme makettplaadile \u00f5igesti ja ja kuidas on valesti. Millisel juhul v\u00f5ib mikroskeeme paigutada makettplaadile nii nagu need, mis on m\u00e4rgitud valeks punase raamiga?<\/p>\n<p><\/p><div class=\"accordion mb-3\">\n        <div class=\"accordion-item accordion-item--white\">\n        <h2 class=\"accordion-header\" id=\"accordion-69f44d4830c98-heading\">\n            <button class=\"accordion-button collapsed\" type=\"button\" data-bs-toggle=\"collapse\" data-bs-target=\"#accordion-69f44d4830c98-collapse\" aria-expanded=\"true\" aria-controls=\"accordion-69f44d4830c98-collapse\">Vastus<\/button>\n        <\/h2>\n        <div id=\"accordion-69f44d4830c98-collapse\" class=\"accordion-collapse collapse\" aria-labelledby=\"accordion-69f44d4830c98-heading\">\n            <div class=\"accordion-body\">\n<ol>\n<li>seni kuni kui toide ei ole sisse l\u00fclitatud;<\/li>\n<li>kui t\u00e4pselt niisugused \u00fchendused mikroskeemi v\u00e4ljaviikude vahel on skeemis ette n\u00e4htud.<\/li>\n<\/ol>\n<p><\/p><\/div>\n        <\/div>\n        <\/div>\n    <\/div>\n","protected":false},"excerpt":{"rendered":"<p>J\u00e4rgnevates loengutes hakkame kasutama mikroskeeme, t\u00e4psemalt CD40106 ja NE555. Selles loengus n\u00e4itame, kuidas DIP korpuses mikroskeemide v\u00e4ljaviigud on nummerdatud ja kuidas mikroskeemi panna makettplaadile v\u00f5i teda sealt eemaldada. Kolmandate osapoolte sisu n\u00e4gemiseks palun n\u00f5ustu k\u00fcpsistega. Muuda n\u00f5usolekut https:\/\/youtu.be\/qrg9RaDsQqw Kasulikud veebilingid: &#8230;<\/p>\n","protected":false},"author":93,"featured_media":0,"parent":0,"menu_order":0,"comment_status":"closed","ping_status":"closed","template":"","meta":{"_acf_changed":false,"inline_featured_image":false,"footnotes":""},"class_list":["post-13","page","type-page","status-publish","hentry"],"acf":[],"_links":{"self":[{"href":"https:\/\/sisu.ut.ee\/elektroonika\/wp-json\/wp\/v2\/pages\/13","targetHints":{"allow":["GET"]}}],"collection":[{"href":"https:\/\/sisu.ut.ee\/elektroonika\/wp-json\/wp\/v2\/pages"}],"about":[{"href":"https:\/\/sisu.ut.ee\/elektroonika\/wp-json\/wp\/v2\/types\/page"}],"author":[{"embeddable":true,"href":"https:\/\/sisu.ut.ee\/elektroonika\/wp-json\/wp\/v2\/users\/93"}],"replies":[{"embeddable":true,"href":"https:\/\/sisu.ut.ee\/elektroonika\/wp-json\/wp\/v2\/comments?post=13"}],"version-history":[{"count":1,"href":"https:\/\/sisu.ut.ee\/elektroonika\/wp-json\/wp\/v2\/pages\/13\/revisions"}],"predecessor-version":[{"id":268,"href":"https:\/\/sisu.ut.ee\/elektroonika\/wp-json\/wp\/v2\/pages\/13\/revisions\/268"}],"wp:attachment":[{"href":"https:\/\/sisu.ut.ee\/elektroonika\/wp-json\/wp\/v2\/media?parent=13"}],"curies":[{"name":"wp","href":"https:\/\/api.w.org\/{rel}","templated":true}]}}